{"id":16041,"date":"2021-11-15T11:44:16","date_gmt":"2021-11-15T10:44:16","guid":{"rendered":"https:\/\/ferroslapobla.com\/non class\u00e9\/poteau-denlevement-a-torsion-simple-2-m\/"},"modified":"2021-11-15T11:44:16","modified_gmt":"2021-11-15T10:44:16","slug":"poteau-d-enlevement-a-torsion-simple-2m","status":"publish","type":"product","link":"https:\/\/ferroslapobla.com\/fr\/poteau-torsion-simple\/poteau-d-enlevement-a-torsion-simple-2m\/","title":{"rendered":"Poteau d\u2019enl\u00e8vement \u00e0 torsion simple &#8211; 2 m"},"content":{"rendered":"","protected":false},"excerpt":{"rendered":"<p>Poteau d\u2019enl\u00e8vement en m\u00e9tal pour grillage \u00e0 torsion simple de 2 m., r\u00e9alis\u00e9 en tube rond de 50 mm avec un couvercle m\u00e9tallique.<\/p>\n<p>Pour voir le reste des options que nous proposons dans notre boutique en ligne, cliquez <a href=\"https:\/\/ferroslapobla.com\/product-category\/piquetas-y-vallas\/\">ici<\/a>.<\/p>\n<p>Ce produit peut \u00eatre livr\u00e9 jusqu&rsquo;\u00e0 150 km de distance.<\/p>\n","protected":false},"featured_media":15073,"comment_status":"open","ping_status":"closed","template":"","meta":{"_acf_changed":false,"_joinchat":[]},"product_cat":[416],"product_tag":[],"class_list":["post-16041","product","type-product","status-publish","has-post-thumbnail","hentry","product_cat-poteau-torsion-simple"],"acf":[],"wcpa_form_fields":null,"yoast_head":"<!-- This site is optimized with the Yoast SEO plugin v27.3 - https:\/\/yoast.com\/product\/yoast-seo-wordpress\/ -->\n<title>Poteau d\u2019enl\u00e8vement \u00e0 torsion simple - 2 m Ferros La Pobla<\/title>\n<meta name=\"description\" content=\"Comprar Poteau d\u2019enl\u00e8vement \u00e0 torsion simple - 2 m en Ferros La Pobla. Poteau d\u2019enl\u00e8vement en m\u00e9tal pour grillage \u00e0 torsion simple de 2 m., r\u00e9alis\u00e9 en tube rond de 50 mm avec un couvercle m\u00e9tallique. Pour voir le reste des options que nous proposons dans notre boutique en ligne, cliquez ici. Ce produit peut \u00eatre livr\u00e9 jusqu&#039;\u00e0 150 km de distance.\" \/>\n<meta name=\"robots\" content=\"index, follow, max-snippet:-1, max-image-preview:large, max-video-preview:-1\" \/>\n<link rel=\"canonical\" href=\"https:\/\/ferroslapobla.com\/fr\/poteau-torsion-simple\/poteau-d-enlevement-a-torsion-simple-2m\/\" \/>\n<meta property=\"og:locale\" content=\"fr_FR\" \/>\n<meta property=\"og:type\" content=\"article\" \/>\n<meta property=\"og:title\" content=\"Poteau d\u2019enl\u00e8vement \u00e0 torsion simple - 2 m Ferros La Pobla\" \/>\n<meta property=\"og:description\" content=\"Comprar Poteau d\u2019enl\u00e8vement \u00e0 torsion simple - 2 m en Ferros La Pobla. Poteau d\u2019enl\u00e8vement en m\u00e9tal pour grillage \u00e0 torsion simple de 2 m., r\u00e9alis\u00e9 en tube rond de 50 mm avec un couvercle m\u00e9tallique. Pour voir le reste des options que nous proposons dans notre boutique en ligne, cliquez ici. Ce produit peut \u00eatre livr\u00e9 jusqu&#039;\u00e0 150 km de distance.\" \/>\n<meta property=\"og:url\" content=\"https:\/\/ferroslapobla.com\/fr\/poteau-torsion-simple\/poteau-d-enlevement-a-torsion-simple-2m\/\" \/>\n<meta property=\"og:site_name\" content=\"Ferros La Pobla\" \/>\n<meta property=\"article:publisher\" content=\"https:\/\/www.facebook.com\/ferroslapobla\" \/>\n<meta property=\"og:image\" content=\"https:\/\/ferroslapobla.com\/wp-content\/uploads\/2021\/11\/Piqueta-arranque-simple-torsion-2-300x300-1.jpg\" \/>\n\t<meta property=\"og:image:width\" content=\"578\" \/>\n\t<meta property=\"og:image:height\" content=\"579\" \/>\n\t<meta property=\"og:image:type\" content=\"image\/jpeg\" \/>\n<meta name=\"twitter:card\" content=\"summary_large_image\" \/>\n<meta name=\"twitter:site\" content=\"@FerrosLaPobla\" \/>\n<!-- \/ Yoast SEO plugin. -->","yoast_head_json":{"title":"Poteau d\u2019enl\u00e8vement \u00e0 torsion simple - 2 m Ferros La Pobla","description":"Comprar Poteau d\u2019enl\u00e8vement \u00e0 torsion simple - 2 m en Ferros La Pobla. Poteau d\u2019enl\u00e8vement en m\u00e9tal pour grillage \u00e0 torsion simple de 2 m., r\u00e9alis\u00e9 en tube rond de 50 mm avec un couvercle m\u00e9tallique. Pour voir le reste des options que nous proposons dans notre boutique en ligne, cliquez ici. Ce produit peut \u00eatre livr\u00e9 jusqu'\u00e0 150 km de distance.","robots":{"index":"index","follow":"follow","max-snippet":"max-snippet:-1","max-image-preview":"max-image-preview:large","max-video-preview":"max-video-preview:-1"},"canonical":"https:\/\/ferroslapobla.com\/fr\/poteau-torsion-simple\/poteau-d-enlevement-a-torsion-simple-2m\/","og_locale":"fr_FR","og_type":"article","og_title":"Poteau d\u2019enl\u00e8vement \u00e0 torsion simple - 2 m Ferros La Pobla","og_description":"Comprar Poteau d\u2019enl\u00e8vement \u00e0 torsion simple - 2 m en Ferros La Pobla. Poteau d\u2019enl\u00e8vement en m\u00e9tal pour grillage \u00e0 torsion simple de 2 m., r\u00e9alis\u00e9 en tube rond de 50 mm avec un couvercle m\u00e9tallique. Pour voir le reste des options que nous proposons dans notre boutique en ligne, cliquez ici. Ce produit peut \u00eatre livr\u00e9 jusqu'\u00e0 150 km de distance.","og_url":"https:\/\/ferroslapobla.com\/fr\/poteau-torsion-simple\/poteau-d-enlevement-a-torsion-simple-2m\/","og_site_name":"Ferros La Pobla","article_publisher":"https:\/\/www.facebook.com\/ferroslapobla","og_image":[{"width":578,"height":579,"url":"https:\/\/ferroslapobla.com\/wp-content\/uploads\/2021\/11\/Piqueta-arranque-simple-torsion-2-300x300-1.jpg","type":"image\/jpeg"}],"twitter_card":"summary_large_image","twitter_site":"@FerrosLaPobla","schema":{"@context":"https:\/\/schema.org","@graph":[{"@type":"WebPage","@id":"https:\/\/ferroslapobla.com\/fr\/poteau-torsion-simple\/poteau-d-enlevement-a-torsion-simple-2m\/","url":"https:\/\/ferroslapobla.com\/fr\/poteau-torsion-simple\/poteau-d-enlevement-a-torsion-simple-2m\/","name":"Poteau d\u2019enl\u00e8vement \u00e0 torsion simple - 2 m Ferros La Pobla","isPartOf":{"@id":"https:\/\/ferroslapobla.com\/fr\/#website"},"primaryImageOfPage":{"@id":"https:\/\/ferroslapobla.com\/fr\/poteau-torsion-simple\/poteau-d-enlevement-a-torsion-simple-2m\/#primaryimage"},"image":{"@id":"https:\/\/ferroslapobla.com\/fr\/poteau-torsion-simple\/poteau-d-enlevement-a-torsion-simple-2m\/#primaryimage"},"thumbnailUrl":"https:\/\/ferroslapobla.com\/wp-content\/uploads\/2021\/11\/Piqueta-arranque-simple-torsion-2-300x300-1.jpg","datePublished":"2021-11-15T10:44:16+00:00","description":"Comprar Poteau d\u2019enl\u00e8vement \u00e0 torsion simple - 2 m en Ferros La Pobla. Poteau d\u2019enl\u00e8vement en m\u00e9tal pour grillage \u00e0 torsion simple de 2 m., r\u00e9alis\u00e9 en tube rond de 50 mm avec un couvercle m\u00e9tallique. Pour voir le reste des options que nous proposons dans notre boutique en ligne, cliquez ici. Ce produit peut \u00eatre livr\u00e9 jusqu'\u00e0 150 km de distance.","breadcrumb":{"@id":"https:\/\/ferroslapobla.com\/fr\/poteau-torsion-simple\/poteau-d-enlevement-a-torsion-simple-2m\/#breadcrumb"},"inLanguage":"fr-FR","potentialAction":[{"@type":"ReadAction","target":["https:\/\/ferroslapobla.com\/fr\/poteau-torsion-simple\/poteau-d-enlevement-a-torsion-simple-2m\/"]}]},{"@type":"ImageObject","inLanguage":"fr-FR","@id":"https:\/\/ferroslapobla.com\/fr\/poteau-torsion-simple\/poteau-d-enlevement-a-torsion-simple-2m\/#primaryimage","url":"https:\/\/ferroslapobla.com\/wp-content\/uploads\/2021\/11\/Piqueta-arranque-simple-torsion-2-300x300-1.jpg","contentUrl":"https:\/\/ferroslapobla.com\/wp-content\/uploads\/2021\/11\/Piqueta-arranque-simple-torsion-2-300x300-1.jpg","width":578,"height":579,"caption":"Piqueta-arranque-simple-torsion-2-300x300"},{"@type":"BreadcrumbList","@id":"https:\/\/ferroslapobla.com\/fr\/poteau-torsion-simple\/poteau-d-enlevement-a-torsion-simple-2m\/#breadcrumb","itemListElement":[{"@type":"ListItem","position":1,"name":"Couvrir","item":"https:\/\/ferroslapobla.com\/fr\/"},{"@type":"ListItem","position":2,"name":"Boutique","item":"https:\/\/ferroslapobla.com\/fr\/boutique\/"},{"@type":"ListItem","position":3,"name":"Poteau d\u2019enl\u00e8vement \u00e0 torsion simple &#8211; 2 m"}]},{"@type":"WebSite","@id":"https:\/\/ferroslapobla.com\/fr\/#website","url":"https:\/\/ferroslapobla.com\/fr\/","name":"Ferros La Pobla","description":"Hierro para construcci\u00f3n y elaboraci\u00f3n de ferralla","publisher":{"@id":"https:\/\/ferroslapobla.com\/fr\/#organization"},"potentialAction":[{"@type":"SearchAction","target":{"@type":"EntryPoint","urlTemplate":"https:\/\/ferroslapobla.com\/fr\/?s={search_term_string}"},"query-input":{"@type":"PropertyValueSpecification","valueRequired":true,"valueName":"search_term_string"}}],"inLanguage":"fr-FR"},{"@type":"Organization","@id":"https:\/\/ferroslapobla.com\/fr\/#organization","name":"Ferros La Pobla","url":"https:\/\/ferroslapobla.com\/fr\/","logo":{"@type":"ImageObject","inLanguage":"fr-FR","@id":"https:\/\/ferroslapobla.com\/fr\/#\/schema\/logo\/image\/","url":"https:\/\/ferroslapobla.com\/wp-content\/uploads\/2021\/06\/ferros-logo-azul.png","contentUrl":"https:\/\/ferroslapobla.com\/wp-content\/uploads\/2021\/06\/ferros-logo-azul.png","width":200,"height":100,"caption":"Ferros La Pobla"},"image":{"@id":"https:\/\/ferroslapobla.com\/fr\/#\/schema\/logo\/image\/"},"sameAs":["https:\/\/www.facebook.com\/ferroslapobla","https:\/\/x.com\/FerrosLaPobla","https:\/\/es.linkedin.com\/company\/ferros-la-pobla-s-a-","https:\/\/www.youtube.com\/channel\/UCpZCp1qFlzS2ZNogeeNaBzw"]}]}},"_links":{"self":[{"href":"https:\/\/ferroslapobla.com\/fr\/wp-json\/wp\/v2\/product\/16041","targetHints":{"allow":["GET"]}}],"collection":[{"href":"https:\/\/ferroslapobla.com\/fr\/wp-json\/wp\/v2\/product"}],"about":[{"href":"https:\/\/ferroslapobla.com\/fr\/wp-json\/wp\/v2\/types\/product"}],"replies":[{"embeddable":true,"href":"https:\/\/ferroslapobla.com\/fr\/wp-json\/wp\/v2\/comments?post=16041"}],"version-history":[{"count":0,"href":"https:\/\/ferroslapobla.com\/fr\/wp-json\/wp\/v2\/product\/16041\/revisions"}],"wp:featuredmedia":[{"embeddable":true,"href":"https:\/\/ferroslapobla.com\/fr\/wp-json\/wp\/v2\/media\/15073"}],"wp:attachment":[{"href":"https:\/\/ferroslapobla.com\/fr\/wp-json\/wp\/v2\/media?parent=16041"}],"wp:term":[{"taxonomy":"product_cat","embeddable":true,"href":"https:\/\/ferroslapobla.com\/fr\/wp-json\/wp\/v2\/product_cat?post=16041"},{"taxonomy":"product_tag","embeddable":true,"href":"https:\/\/ferroslapobla.com\/fr\/wp-json\/wp\/v2\/product_tag?post=16041"}],"curies":[{"name":"wp","href":"https:\/\/api.w.org\/{rel}","templated":true}]}}