{"id":16026,"date":"2021-11-15T09:55:41","date_gmt":"2021-11-15T08:55:41","guid":{"rendered":"https:\/\/ferroslapobla.com\/non%20class\u00e9\/escalier-en-colimacon-modele-star\/"},"modified":"2022-08-16T08:24:17","modified_gmt":"2022-08-16T07:24:17","slug":"escalier-en-colimacon-modele-star","status":"publish","type":"product","link":"https:\/\/ferroslapobla.com\/fr\/escaliers\/escalier-en-colimacon-modele-star\/","title":{"rendered":"Escalier en colima\u00e7on &#8211; Mod\u00e8le Star"},"content":{"rendered":"","protected":false},"excerpt":{"rendered":"<p>L&rsquo;escalier en colima\u00e7on STAR est en m\u00e9tal, avec de la peinture cuite et dot\u00e9 d&rsquo;une structure en acier. Ses finitions sont de la plus haute qualit\u00e9 et il est con\u00e7u pour un usage int\u00e9rieur. Il est svelte, r\u00e9sistant et s&rsquo;adapte \u00e0 tous les styles et environnements.<\/p>\n<p>Ses marches sont fournies avec des protections en PVC pour assurer une s\u00e9curit\u00e9 et une durabilit\u00e9 maximales. Rampe en PVC et barres m\u00e9talliques.<\/p>\n<p>Les escaliers en colima\u00e7on s&rsquo;\u00e9l\u00e8vent autour d&rsquo;un poteau vertical qui sert d&rsquo;axe \u00e0 l&rsquo;h\u00e9lice qui forme la succession des marches. Ils constituent la solution la plus pratique et la plus efficace pour connecter deux ou plusieurs \u00e9tages dans un espace aussi r\u00e9duit que possible.<\/p>\n<p>Pour voir d\u2019autres autres mod\u00e8les, cliquez <a href=\"https:\/\/ferroslapobla.com\/product-category\/escaleras\/\">ici.<\/a><\/p>\n<p>Ce produit peut \u00eatre livr\u00e9 jusqu&rsquo;\u00e0 150 km de distance.<\/p>\n<p><em>*Non disponible en ligne. Veuillez nous demander un devis.<\/em><\/p>\n<p>&nbsp;<\/p>\n","protected":false},"featured_media":14514,"comment_status":"open","ping_status":"closed","template":"","meta":{"_acf_changed":false,"_joinchat":[]},"product_cat":[401],"product_tag":[],"class_list":["post-16026","product","type-product","status-publish","has-post-thumbnail","hentry","product_cat-escaliers"],"acf":[],"wcpa_form_fields":null,"yoast_head":"<!-- This site is optimized with the Yoast SEO plugin v27.3 - https:\/\/yoast.com\/product\/yoast-seo-wordpress\/ -->\n<title>Escalier en colima\u00e7on - Mod\u00e8le Star Ferros La Pobla<\/title>\n<meta name=\"description\" content=\"Comprar Escalier en colima\u00e7on - Mod\u00e8le Star en Ferros La Pobla. L&#039;escalier en colima\u00e7on STAR est en m\u00e9tal, avec de la peinture cuite et dot\u00e9 d&#039;une structure en acier. Ses finitions sont de la plus haute qualit\u00e9 et il est con\u00e7u pour un usage int\u00e9rieur. Il est svelte, r\u00e9sistant et s&#039;adapte \u00e0 tous les styles et environnements. Ses marches sont fournies avec des protections en PVC pour assurer une s\u00e9curit\u00e9 et une durabilit\u00e9 maximales. Rampe en PVC et barres m\u00e9talliques. Les escaliers en colima\u00e7on s&#039;\u00e9l\u00e8vent autour d&#039;un poteau vertical qui sert d&#039;axe \u00e0 l&#039;h\u00e9lice qui forme la succession des marches. Ils constituent la solution la plus pratique et la plus efficace pour connecter deux ou plusieurs \u00e9tages dans un espace aussi r\u00e9duit que possible. Pour voir d\u2019autres autres mod\u00e8les, cliquez ici. Ce produit peut \u00eatre livr\u00e9 jusqu&#039;\u00e0 150 km de distance. *Non disponible en ligne. Veuillez nous demander un devis. &nbsp;\" \/>\n<meta name=\"robots\" content=\"index, follow, max-snippet:-1, max-image-preview:large, max-video-preview:-1\" \/>\n<link rel=\"canonical\" href=\"https:\/\/ferroslapobla.com\/fr\/escaliers\/escalier-en-colimacon-modele-star\/\" \/>\n<meta property=\"og:locale\" content=\"fr_FR\" \/>\n<meta property=\"og:type\" content=\"article\" \/>\n<meta property=\"og:title\" content=\"Escalier en colima\u00e7on - Mod\u00e8le Star Ferros La Pobla\" \/>\n<meta property=\"og:description\" content=\"Comprar Escalier en colima\u00e7on - Mod\u00e8le Star en Ferros La Pobla. L&#039;escalier en colima\u00e7on STAR est en m\u00e9tal, avec de la peinture cuite et dot\u00e9 d&#039;une structure en acier. Ses finitions sont de la plus haute qualit\u00e9 et il est con\u00e7u pour un usage int\u00e9rieur. Il est svelte, r\u00e9sistant et s&#039;adapte \u00e0 tous les styles et environnements. Ses marches sont fournies avec des protections en PVC pour assurer une s\u00e9curit\u00e9 et une durabilit\u00e9 maximales. Rampe en PVC et barres m\u00e9talliques. Les escaliers en colima\u00e7on s&#039;\u00e9l\u00e8vent autour d&#039;un poteau vertical qui sert d&#039;axe \u00e0 l&#039;h\u00e9lice qui forme la succession des marches. Ils constituent la solution la plus pratique et la plus efficace pour connecter deux ou plusieurs \u00e9tages dans un espace aussi r\u00e9duit que possible. Pour voir d\u2019autres autres mod\u00e8les, cliquez ici. Ce produit peut \u00eatre livr\u00e9 jusqu&#039;\u00e0 150 km de distance. *Non disponible en ligne. Veuillez nous demander un devis. &nbsp;\" \/>\n<meta property=\"og:url\" content=\"https:\/\/ferroslapobla.com\/fr\/escaliers\/escalier-en-colimacon-modele-star\/\" \/>\n<meta property=\"og:site_name\" content=\"Ferros La Pobla\" \/>\n<meta property=\"article:publisher\" content=\"https:\/\/www.facebook.com\/ferroslapobla\" \/>\n<meta property=\"article:modified_time\" content=\"2022-08-16T07:24:17+00:00\" \/>\n<meta property=\"og:image\" content=\"https:\/\/ferroslapobla.com\/wp-content\/uploads\/2021\/11\/Lapobla_Star.jpg\" \/>\n\t<meta property=\"og:image:width\" content=\"578\" \/>\n\t<meta property=\"og:image:height\" content=\"579\" \/>\n\t<meta property=\"og:image:type\" content=\"image\/jpeg\" \/>\n<meta name=\"twitter:card\" content=\"summary_large_image\" \/>\n<meta name=\"twitter:site\" content=\"@FerrosLaPobla\" \/>\n<!-- \/ Yoast SEO plugin. -->","yoast_head_json":{"title":"Escalier en colima\u00e7on - Mod\u00e8le Star Ferros La Pobla","description":"Comprar Escalier en colima\u00e7on - Mod\u00e8le Star en Ferros La Pobla. L'escalier en colima\u00e7on STAR est en m\u00e9tal, avec de la peinture cuite et dot\u00e9 d'une structure en acier. Ses finitions sont de la plus haute qualit\u00e9 et il est con\u00e7u pour un usage int\u00e9rieur. Il est svelte, r\u00e9sistant et s'adapte \u00e0 tous les styles et environnements. Ses marches sont fournies avec des protections en PVC pour assurer une s\u00e9curit\u00e9 et une durabilit\u00e9 maximales. Rampe en PVC et barres m\u00e9talliques. Les escaliers en colima\u00e7on s'\u00e9l\u00e8vent autour d'un poteau vertical qui sert d'axe \u00e0 l'h\u00e9lice qui forme la succession des marches. Ils constituent la solution la plus pratique et la plus efficace pour connecter deux ou plusieurs \u00e9tages dans un espace aussi r\u00e9duit que possible. Pour voir d\u2019autres autres mod\u00e8les, cliquez ici. Ce produit peut \u00eatre livr\u00e9 jusqu'\u00e0 150 km de distance. *Non disponible en ligne. Veuillez nous demander un devis. &nbsp;","robots":{"index":"index","follow":"follow","max-snippet":"max-snippet:-1","max-image-preview":"max-image-preview:large","max-video-preview":"max-video-preview:-1"},"canonical":"https:\/\/ferroslapobla.com\/fr\/escaliers\/escalier-en-colimacon-modele-star\/","og_locale":"fr_FR","og_type":"article","og_title":"Escalier en colima\u00e7on - Mod\u00e8le Star Ferros La Pobla","og_description":"Comprar Escalier en colima\u00e7on - Mod\u00e8le Star en Ferros La Pobla. L'escalier en colima\u00e7on STAR est en m\u00e9tal, avec de la peinture cuite et dot\u00e9 d'une structure en acier. Ses finitions sont de la plus haute qualit\u00e9 et il est con\u00e7u pour un usage int\u00e9rieur. Il est svelte, r\u00e9sistant et s'adapte \u00e0 tous les styles et environnements. Ses marches sont fournies avec des protections en PVC pour assurer une s\u00e9curit\u00e9 et une durabilit\u00e9 maximales. Rampe en PVC et barres m\u00e9talliques. Les escaliers en colima\u00e7on s'\u00e9l\u00e8vent autour d'un poteau vertical qui sert d'axe \u00e0 l'h\u00e9lice qui forme la succession des marches. Ils constituent la solution la plus pratique et la plus efficace pour connecter deux ou plusieurs \u00e9tages dans un espace aussi r\u00e9duit que possible. Pour voir d\u2019autres autres mod\u00e8les, cliquez ici. Ce produit peut \u00eatre livr\u00e9 jusqu'\u00e0 150 km de distance. *Non disponible en ligne. Veuillez nous demander un devis. &nbsp;","og_url":"https:\/\/ferroslapobla.com\/fr\/escaliers\/escalier-en-colimacon-modele-star\/","og_site_name":"Ferros La Pobla","article_publisher":"https:\/\/www.facebook.com\/ferroslapobla","article_modified_time":"2022-08-16T07:24:17+00:00","og_image":[{"width":578,"height":579,"url":"https:\/\/ferroslapobla.com\/wp-content\/uploads\/2021\/11\/Lapobla_Star.jpg","type":"image\/jpeg"}],"twitter_card":"summary_large_image","twitter_site":"@FerrosLaPobla","schema":{"@context":"https:\/\/schema.org","@graph":[{"@type":"WebPage","@id":"https:\/\/ferroslapobla.com\/fr\/escaliers\/escalier-en-colimacon-modele-star\/","url":"https:\/\/ferroslapobla.com\/fr\/escaliers\/escalier-en-colimacon-modele-star\/","name":"Escalier en colima\u00e7on - Mod\u00e8le Star Ferros La Pobla","isPartOf":{"@id":"https:\/\/ferroslapobla.com\/fr\/#website"},"primaryImageOfPage":{"@id":"https:\/\/ferroslapobla.com\/fr\/escaliers\/escalier-en-colimacon-modele-star\/#primaryimage"},"image":{"@id":"https:\/\/ferroslapobla.com\/fr\/escaliers\/escalier-en-colimacon-modele-star\/#primaryimage"},"thumbnailUrl":"https:\/\/ferroslapobla.com\/wp-content\/uploads\/2021\/11\/Lapobla_Star.jpg","datePublished":"2021-11-15T08:55:41+00:00","dateModified":"2022-08-16T07:24:17+00:00","description":"Comprar Escalier en colima\u00e7on - Mod\u00e8le Star en Ferros La Pobla. L'escalier en colima\u00e7on STAR est en m\u00e9tal, avec de la peinture cuite et dot\u00e9 d'une structure en acier. Ses finitions sont de la plus haute qualit\u00e9 et il est con\u00e7u pour un usage int\u00e9rieur. Il est svelte, r\u00e9sistant et s'adapte \u00e0 tous les styles et environnements. Ses marches sont fournies avec des protections en PVC pour assurer une s\u00e9curit\u00e9 et une durabilit\u00e9 maximales. Rampe en PVC et barres m\u00e9talliques. Les escaliers en colima\u00e7on s'\u00e9l\u00e8vent autour d'un poteau vertical qui sert d'axe \u00e0 l'h\u00e9lice qui forme la succession des marches. Ils constituent la solution la plus pratique et la plus efficace pour connecter deux ou plusieurs \u00e9tages dans un espace aussi r\u00e9duit que possible. Pour voir d\u2019autres autres mod\u00e8les, cliquez ici. Ce produit peut \u00eatre livr\u00e9 jusqu'\u00e0 150 km de distance. *Non disponible en ligne. Veuillez nous demander un devis. &nbsp;","breadcrumb":{"@id":"https:\/\/ferroslapobla.com\/fr\/escaliers\/escalier-en-colimacon-modele-star\/#breadcrumb"},"inLanguage":"fr-FR","potentialAction":[{"@type":"ReadAction","target":["https:\/\/ferroslapobla.com\/fr\/escaliers\/escalier-en-colimacon-modele-star\/"]}]},{"@type":"ImageObject","inLanguage":"fr-FR","@id":"https:\/\/ferroslapobla.com\/fr\/escaliers\/escalier-en-colimacon-modele-star\/#primaryimage","url":"https:\/\/ferroslapobla.com\/wp-content\/uploads\/2021\/11\/Lapobla_Star.jpg","contentUrl":"https:\/\/ferroslapobla.com\/wp-content\/uploads\/2021\/11\/Lapobla_Star.jpg","width":578,"height":579,"caption":"Escalera de caracol - Modelo Star"},{"@type":"BreadcrumbList","@id":"https:\/\/ferroslapobla.com\/fr\/escaliers\/escalier-en-colimacon-modele-star\/#breadcrumb","itemListElement":[{"@type":"ListItem","position":1,"name":"Couvrir","item":"https:\/\/ferroslapobla.com\/fr\/"},{"@type":"ListItem","position":2,"name":"Boutique","item":"https:\/\/ferroslapobla.com\/fr\/boutique\/"},{"@type":"ListItem","position":3,"name":"Escalier en colima\u00e7on &#8211; Mod\u00e8le Star"}]},{"@type":"WebSite","@id":"https:\/\/ferroslapobla.com\/fr\/#website","url":"https:\/\/ferroslapobla.com\/fr\/","name":"Ferros La Pobla","description":"Hierro para construcci\u00f3n y elaboraci\u00f3n de ferralla","publisher":{"@id":"https:\/\/ferroslapobla.com\/fr\/#organization"},"potentialAction":[{"@type":"SearchAction","target":{"@type":"EntryPoint","urlTemplate":"https:\/\/ferroslapobla.com\/fr\/?s={search_term_string}"},"query-input":{"@type":"PropertyValueSpecification","valueRequired":true,"valueName":"search_term_string"}}],"inLanguage":"fr-FR"},{"@type":"Organization","@id":"https:\/\/ferroslapobla.com\/fr\/#organization","name":"Ferros La Pobla","url":"https:\/\/ferroslapobla.com\/fr\/","logo":{"@type":"ImageObject","inLanguage":"fr-FR","@id":"https:\/\/ferroslapobla.com\/fr\/#\/schema\/logo\/image\/","url":"https:\/\/ferroslapobla.com\/wp-content\/uploads\/2021\/06\/ferros-logo-azul.png","contentUrl":"https:\/\/ferroslapobla.com\/wp-content\/uploads\/2021\/06\/ferros-logo-azul.png","width":200,"height":100,"caption":"Ferros La Pobla"},"image":{"@id":"https:\/\/ferroslapobla.com\/fr\/#\/schema\/logo\/image\/"},"sameAs":["https:\/\/www.facebook.com\/ferroslapobla","https:\/\/x.com\/FerrosLaPobla","https:\/\/es.linkedin.com\/company\/ferros-la-pobla-s-a-","https:\/\/www.youtube.com\/channel\/UCpZCp1qFlzS2ZNogeeNaBzw"]}]}},"_links":{"self":[{"href":"https:\/\/ferroslapobla.com\/fr\/wp-json\/wp\/v2\/product\/16026","targetHints":{"allow":["GET"]}}],"collection":[{"href":"https:\/\/ferroslapobla.com\/fr\/wp-json\/wp\/v2\/product"}],"about":[{"href":"https:\/\/ferroslapobla.com\/fr\/wp-json\/wp\/v2\/types\/product"}],"replies":[{"embeddable":true,"href":"https:\/\/ferroslapobla.com\/fr\/wp-json\/wp\/v2\/comments?post=16026"}],"version-history":[{"count":0,"href":"https:\/\/ferroslapobla.com\/fr\/wp-json\/wp\/v2\/product\/16026\/revisions"}],"wp:featuredmedia":[{"embeddable":true,"href":"https:\/\/ferroslapobla.com\/fr\/wp-json\/wp\/v2\/media\/14514"}],"wp:attachment":[{"href":"https:\/\/ferroslapobla.com\/fr\/wp-json\/wp\/v2\/media?parent=16026"}],"wp:term":[{"taxonomy":"product_cat","embeddable":true,"href":"https:\/\/ferroslapobla.com\/fr\/wp-json\/wp\/v2\/product_cat?post=16026"},{"taxonomy":"product_tag","embeddable":true,"href":"https:\/\/ferroslapobla.com\/fr\/wp-json\/wp\/v2\/product_tag?post=16026"}],"curies":[{"name":"wp","href":"https:\/\/api.w.org\/{rel}","templated":true}]}}