{"id":15905,"date":"2021-11-03T13:56:09","date_gmt":"2021-11-03T12:56:09","guid":{"rendered":"https:\/\/ferroslapobla.com\/non class\u00e9\/structure-pour-la-culture-hydroponique\/"},"modified":"2021-11-03T13:56:09","modified_gmt":"2021-11-03T12:56:09","slug":"estructura-cultivo-hidroponico-2","status":"publish","type":"product","link":"https:\/\/ferroslapobla.com\/fr\/non class\u00e9\/estructura-cultivo-hidroponico-2\/","title":{"rendered":"Structure pour la culture hydroponique"},"content":{"rendered":"","protected":false},"excerpt":{"rendered":"<p>Chez Ferros La Pobla, nous avons une s\u00e9rie de produits orient\u00e9s au secteur agricole. Nous disposons de machinerie qui nous permet de couper et de plier avec diff\u00e9rents types d&rsquo;angles (droits, avec des courbes) les tiges de fer pour fabriquer des figures, des ancrages ou des agrafes.<\/p>\n<p>Notre structure pour les cultures hydroponiques est faite de tiges \u00e0 nervures centrales, qui sont tr\u00e8s forts et ont une grande capacit\u00e9 de r\u00e9sistance.<\/p>\n<ul>\n<li>Diam\u00e8tres disponibles : 8 mm, 10 mm et 12 mm.<\/li>\n<li>Possibilit\u00e9 de lots personnalis\u00e9s.<\/li>\n<li>Commande minimale : 20 unit\u00e9s.<\/li>\n<li>Des formats sur mesure.<\/li>\n<\/ul>\n<p>Ce produit peut \u00eatre livr\u00e9 jusqu&rsquo;\u00e0 150 km de distance.<\/p>\n<p><em>*D\u2019autres options sur demande.<\/em><\/p>\n","protected":false},"featured_media":14449,"comment_status":"open","ping_status":"closed","template":"","meta":{"_acf_changed":false,"_joinchat":[]},"product_cat":[15],"product_tag":[],"class_list":["post-15905","product","type-product","status-publish","has-post-thumbnail","hentry","product_cat-uncategorized"],"acf":[],"wcpa_form_fields":null,"yoast_head":"<!-- This site is optimized with the Yoast SEO plugin v27.3 - https:\/\/yoast.com\/product\/yoast-seo-wordpress\/ -->\n<title>Structure pour la culture hydroponique Ferros La Pobla<\/title>\n<meta name=\"description\" content=\"Comprar Structure pour la culture hydroponique en Ferros La Pobla. Chez Ferros La Pobla, nous avons une s\u00e9rie de produits orient\u00e9s au secteur agricole. Nous disposons de machinerie qui nous permet de couper et de plier avec diff\u00e9rents types d&#039;angles (droits, avec des courbes) les tiges de fer pour fabriquer des figures, des ancrages ou des agrafes. Notre structure pour les cultures hydroponiques est faite de tiges \u00e0 nervures centrales, qui sont tr\u00e8s forts et ont une grande capacit\u00e9 de r\u00e9sistance.  Diam\u00e8tres disponibles : 8 mm, 10 mm et 12 mm.  Possibilit\u00e9 de lots personnalis\u00e9s.  Commande minimale : 20 unit\u00e9s.  Des formats sur mesure. Ce produit peut \u00eatre livr\u00e9 jusqu&#039;\u00e0 150 km de distance. *D\u2019autres options sur demande.\" \/>\n<meta name=\"robots\" content=\"index, follow, max-snippet:-1, max-image-preview:large, max-video-preview:-1\" \/>\n<link rel=\"canonical\" href=\"https:\/\/ferroslapobla.com\/fr\/non%20class\u00e9\/estructura-cultivo-hidroponico-2\/\" \/>\n<meta property=\"og:locale\" content=\"fr_FR\" \/>\n<meta property=\"og:type\" content=\"article\" \/>\n<meta property=\"og:title\" content=\"Structure pour la culture hydroponique Ferros La Pobla\" \/>\n<meta property=\"og:description\" content=\"Comprar Structure pour la culture hydroponique en Ferros La Pobla. Chez Ferros La Pobla, nous avons une s\u00e9rie de produits orient\u00e9s au secteur agricole. Nous disposons de machinerie qui nous permet de couper et de plier avec diff\u00e9rents types d&#039;angles (droits, avec des courbes) les tiges de fer pour fabriquer des figures, des ancrages ou des agrafes. Notre structure pour les cultures hydroponiques est faite de tiges \u00e0 nervures centrales, qui sont tr\u00e8s forts et ont une grande capacit\u00e9 de r\u00e9sistance.  Diam\u00e8tres disponibles : 8 mm, 10 mm et 12 mm.  Possibilit\u00e9 de lots personnalis\u00e9s.  Commande minimale : 20 unit\u00e9s.  Des formats sur mesure. Ce produit peut \u00eatre livr\u00e9 jusqu&#039;\u00e0 150 km de distance. *D\u2019autres options sur demande.\" \/>\n<meta property=\"og:url\" content=\"https:\/\/ferroslapobla.com\/fr\/non class\u00e9\/estructura-cultivo-hidroponico-2\/\" \/>\n<meta property=\"og:site_name\" content=\"Ferros La Pobla\" \/>\n<meta property=\"article:publisher\" content=\"https:\/\/www.facebook.com\/ferroslapobla\" \/>\n<meta property=\"og:image\" content=\"https:\/\/ferroslapobla.com\/wp-content\/uploads\/2021\/11\/estructura_cultivo_hidrpoponico_lapobla.jpg\" \/>\n\t<meta property=\"og:image:width\" content=\"578\" \/>\n\t<meta property=\"og:image:height\" content=\"579\" \/>\n\t<meta property=\"og:image:type\" content=\"image\/jpeg\" \/>\n<meta name=\"twitter:card\" content=\"summary_large_image\" \/>\n<meta name=\"twitter:site\" content=\"@FerrosLaPobla\" \/>\n<!-- \/ Yoast SEO plugin. -->","yoast_head_json":{"title":"Structure pour la culture hydroponique Ferros La Pobla","description":"Comprar Structure pour la culture hydroponique en Ferros La Pobla. Chez Ferros La Pobla, nous avons une s\u00e9rie de produits orient\u00e9s au secteur agricole. Nous disposons de machinerie qui nous permet de couper et de plier avec diff\u00e9rents types d'angles (droits, avec des courbes) les tiges de fer pour fabriquer des figures, des ancrages ou des agrafes. Notre structure pour les cultures hydroponiques est faite de tiges \u00e0 nervures centrales, qui sont tr\u00e8s forts et ont une grande capacit\u00e9 de r\u00e9sistance.  Diam\u00e8tres disponibles : 8 mm, 10 mm et 12 mm.  Possibilit\u00e9 de lots personnalis\u00e9s.  Commande minimale : 20 unit\u00e9s.  Des formats sur mesure. Ce produit peut \u00eatre livr\u00e9 jusqu'\u00e0 150 km de distance. *D\u2019autres options sur demande.","robots":{"index":"index","follow":"follow","max-snippet":"max-snippet:-1","max-image-preview":"max-image-preview:large","max-video-preview":"max-video-preview:-1"},"canonical":"https:\/\/ferroslapobla.com\/fr\/non class\u00e9\/estructura-cultivo-hidroponico-2\/","og_locale":"fr_FR","og_type":"article","og_title":"Structure pour la culture hydroponique Ferros La Pobla","og_description":"Comprar Structure pour la culture hydroponique en Ferros La Pobla. Chez Ferros La Pobla, nous avons une s\u00e9rie de produits orient\u00e9s au secteur agricole. Nous disposons de machinerie qui nous permet de couper et de plier avec diff\u00e9rents types d'angles (droits, avec des courbes) les tiges de fer pour fabriquer des figures, des ancrages ou des agrafes. Notre structure pour les cultures hydroponiques est faite de tiges \u00e0 nervures centrales, qui sont tr\u00e8s forts et ont une grande capacit\u00e9 de r\u00e9sistance.  Diam\u00e8tres disponibles : 8 mm, 10 mm et 12 mm.  Possibilit\u00e9 de lots personnalis\u00e9s.  Commande minimale : 20 unit\u00e9s.  Des formats sur mesure. Ce produit peut \u00eatre livr\u00e9 jusqu'\u00e0 150 km de distance. *D\u2019autres options sur demande.","og_url":"https:\/\/ferroslapobla.com\/fr\/non class\u00e9\/estructura-cultivo-hidroponico-2\/","og_site_name":"Ferros La Pobla","article_publisher":"https:\/\/www.facebook.com\/ferroslapobla","og_image":[{"width":578,"height":579,"url":"https:\/\/ferroslapobla.com\/wp-content\/uploads\/2021\/11\/estructura_cultivo_hidrpoponico_lapobla.jpg","type":"image\/jpeg"}],"twitter_card":"summary_large_image","twitter_site":"@FerrosLaPobla","schema":{"@context":"https:\/\/schema.org","@graph":[{"@type":"WebPage","@id":"https:\/\/ferroslapobla.com\/fr\/non class\u00e9\/estructura-cultivo-hidroponico-2\/","url":"https:\/\/ferroslapobla.com\/fr\/non class\u00e9\/estructura-cultivo-hidroponico-2\/","name":"Structure pour la culture hydroponique Ferros La Pobla","isPartOf":{"@id":"https:\/\/ferroslapobla.com\/fr\/#website"},"primaryImageOfPage":{"@id":"https:\/\/ferroslapobla.com\/fr\/non class\u00e9\/estructura-cultivo-hidroponico-2\/#primaryimage"},"image":{"@id":"https:\/\/ferroslapobla.com\/fr\/non class\u00e9\/estructura-cultivo-hidroponico-2\/#primaryimage"},"thumbnailUrl":"https:\/\/ferroslapobla.com\/wp-content\/uploads\/2021\/11\/estructura_cultivo_hidrpoponico_lapobla.jpg","datePublished":"2021-11-03T12:56:09+00:00","description":"Comprar Structure pour la culture hydroponique en Ferros La Pobla. Chez Ferros La Pobla, nous avons une s\u00e9rie de produits orient\u00e9s au secteur agricole. Nous disposons de machinerie qui nous permet de couper et de plier avec diff\u00e9rents types d'angles (droits, avec des courbes) les tiges de fer pour fabriquer des figures, des ancrages ou des agrafes. Notre structure pour les cultures hydroponiques est faite de tiges \u00e0 nervures centrales, qui sont tr\u00e8s forts et ont une grande capacit\u00e9 de r\u00e9sistance. Diam\u00e8tres disponibles : 8 mm, 10 mm et 12 mm. Possibilit\u00e9 de lots personnalis\u00e9s. Commande minimale : 20 unit\u00e9s. Des formats sur mesure. Ce produit peut \u00eatre livr\u00e9 jusqu'\u00e0 150 km de distance. *D\u2019autres options sur demande.","breadcrumb":{"@id":"https:\/\/ferroslapobla.com\/fr\/non class\u00e9\/estructura-cultivo-hidroponico-2\/#breadcrumb"},"inLanguage":"fr-FR","potentialAction":[{"@type":"ReadAction","target":["https:\/\/ferroslapobla.com\/fr\/non class\u00e9\/estructura-cultivo-hidroponico-2\/"]}]},{"@type":"ImageObject","inLanguage":"fr-FR","@id":"https:\/\/ferroslapobla.com\/fr\/non class\u00e9\/estructura-cultivo-hidroponico-2\/#primaryimage","url":"https:\/\/ferroslapobla.com\/wp-content\/uploads\/2021\/11\/estructura_cultivo_hidrpoponico_lapobla.jpg","contentUrl":"https:\/\/ferroslapobla.com\/wp-content\/uploads\/2021\/11\/estructura_cultivo_hidrpoponico_lapobla.jpg","width":578,"height":579,"caption":"Estructura para cultivo hidrop\u00f3nico"},{"@type":"BreadcrumbList","@id":"https:\/\/ferroslapobla.com\/fr\/non class\u00e9\/estructura-cultivo-hidroponico-2\/#breadcrumb","itemListElement":[{"@type":"ListItem","position":1,"name":"Couvrir","item":"https:\/\/ferroslapobla.com\/fr\/"},{"@type":"ListItem","position":2,"name":"Boutique","item":"https:\/\/ferroslapobla.com\/fr\/boutique\/"},{"@type":"ListItem","position":3,"name":"Structure pour la culture hydroponique"}]},{"@type":"WebSite","@id":"https:\/\/ferroslapobla.com\/fr\/#website","url":"https:\/\/ferroslapobla.com\/fr\/","name":"Ferros La Pobla","description":"Hierro para construcci\u00f3n y elaboraci\u00f3n de ferralla","publisher":{"@id":"https:\/\/ferroslapobla.com\/fr\/#organization"},"potentialAction":[{"@type":"SearchAction","target":{"@type":"EntryPoint","urlTemplate":"https:\/\/ferroslapobla.com\/fr\/?s={search_term_string}"},"query-input":{"@type":"PropertyValueSpecification","valueRequired":true,"valueName":"search_term_string"}}],"inLanguage":"fr-FR"},{"@type":"Organization","@id":"https:\/\/ferroslapobla.com\/fr\/#organization","name":"Ferros La Pobla","url":"https:\/\/ferroslapobla.com\/fr\/","logo":{"@type":"ImageObject","inLanguage":"fr-FR","@id":"https:\/\/ferroslapobla.com\/fr\/#\/schema\/logo\/image\/","url":"https:\/\/ferroslapobla.com\/wp-content\/uploads\/2021\/06\/ferros-logo-azul.png","contentUrl":"https:\/\/ferroslapobla.com\/wp-content\/uploads\/2021\/06\/ferros-logo-azul.png","width":200,"height":100,"caption":"Ferros La Pobla"},"image":{"@id":"https:\/\/ferroslapobla.com\/fr\/#\/schema\/logo\/image\/"},"sameAs":["https:\/\/www.facebook.com\/ferroslapobla","https:\/\/x.com\/FerrosLaPobla","https:\/\/es.linkedin.com\/company\/ferros-la-pobla-s-a-","https:\/\/www.youtube.com\/channel\/UCpZCp1qFlzS2ZNogeeNaBzw"]}]}},"_links":{"self":[{"href":"https:\/\/ferroslapobla.com\/fr\/wp-json\/wp\/v2\/product\/15905","targetHints":{"allow":["GET"]}}],"collection":[{"href":"https:\/\/ferroslapobla.com\/fr\/wp-json\/wp\/v2\/product"}],"about":[{"href":"https:\/\/ferroslapobla.com\/fr\/wp-json\/wp\/v2\/types\/product"}],"replies":[{"embeddable":true,"href":"https:\/\/ferroslapobla.com\/fr\/wp-json\/wp\/v2\/comments?post=15905"}],"version-history":[{"count":0,"href":"https:\/\/ferroslapobla.com\/fr\/wp-json\/wp\/v2\/product\/15905\/revisions"}],"wp:featuredmedia":[{"embeddable":true,"href":"https:\/\/ferroslapobla.com\/fr\/wp-json\/wp\/v2\/media\/14449"}],"wp:attachment":[{"href":"https:\/\/ferroslapobla.com\/fr\/wp-json\/wp\/v2\/media?parent=15905"}],"wp:term":[{"taxonomy":"product_cat","embeddable":true,"href":"https:\/\/ferroslapobla.com\/fr\/wp-json\/wp\/v2\/product_cat?post=15905"},{"taxonomy":"product_tag","embeddable":true,"href":"https:\/\/ferroslapobla.com\/fr\/wp-json\/wp\/v2\/product_tag?post=15905"}],"curies":[{"name":"wp","href":"https:\/\/api.w.org\/{rel}","templated":true}]}}