{"id":15894,"date":"2021-11-03T10:40:02","date_gmt":"2021-11-03T09:40:02","guid":{"rendered":"https:\/\/ferroslapobla.com\/non%20class\u00e9\/treillis-14x6x6\/"},"modified":"2022-08-05T10:54:53","modified_gmt":"2022-08-05T09:54:53","slug":"treillis-14x6x6","status":"publish","type":"product","link":"https:\/\/ferroslapobla.com\/fr\/treillis\/treillis-14x6x6\/","title":{"rendered":"Treillis &#8211; 14x6x6"},"content":{"rendered":"<p>Pour t\u00e9l\u00e9charger le certificat de ce produit, cliquez sur <a href=\"https:\/\/ferroslapobla.com\/wp-content\/uploads\/certificados\/CERTIFICADO_CELOSIA.pdf\">ici<\/a>.<\/p>\n","protected":false},"excerpt":{"rendered":"<p><span style=\"font-weight: 400;\">Treillis triangulaire de 6 m en stock permanent et disponible en plusieurs tailles.<\/span><\/p>\n<p><span style=\"font-weight: 400;\">Ce mod\u00e8le a une hauteur de 14 cm, une tige de 6 mm et un poids de 1,11kg\/m. <\/span><\/p>\n<p><span style=\"font-weight: 400;\">Fourni en une pi\u00e8ce compl\u00e8te de 6 m ou coup\u00e9 en deux (2 pi\u00e8ces de 3 m).<\/span><\/p>\n<p>Il s&rsquo;agit d&rsquo;un type d\u2019armature de base en treillis electrosoud\u00e9, fabriqu\u00e9 en acier lamin\u00e9 \u00e0 froid B500T, soudable et tr\u00e8s ductile.<\/p>\n<p>Il se compose de trois barres longitudinales inf\u00e9rieures et d&rsquo;une barre longitudinale sup\u00e9rieure. Ces barres sont assembl\u00e9es en treillis par soudure \u00e9lectrique \u00e0 leurs points de contact. C\u2019est un processus de production en s\u00e9rie enti\u00e8rement automatis\u00e9.<\/p>\n<p>Pour voir les autres tailles disponibles sur notre site web, cliquez <a href=\"https:\/\/ferroslapobla.com\/product-category\/celosia\/\">ici.<\/a><\/p>\n<p><em>*D\u2019autres options sur demande.<\/em><\/p>\n","protected":false},"featured_media":14433,"comment_status":"open","ping_status":"closed","template":"","meta":{"_acf_changed":false,"_joinchat":[]},"product_cat":[390],"product_tag":[],"class_list":["post-15894","product","type-product","status-publish","has-post-thumbnail","hentry","product_cat-treillis"],"acf":[],"wcpa_form_fields":null,"yoast_head":"<!-- This site is optimized with the Yoast SEO plugin v27.3 - https:\/\/yoast.com\/product\/yoast-seo-wordpress\/ -->\n<title>Treillis - 14x6x6 Ferros La Pobla<\/title>\n<meta name=\"description\" content=\"Comprar Treillis - 14x6x6 en Ferros La Pobla. Treillis triangulaire de 6 m en stock permanent et disponible en plusieurs tailles.  Ce mod\u00e8le a une hauteur de 14 cm, une tige de 6 mm et un poids de 1,11kg\/m.   Fourni en une pi\u00e8ce compl\u00e8te de 6 m ou coup\u00e9 en deux (2 pi\u00e8ces de 3 m).  Il s&#039;agit d&#039;un type d\u2019armature de base en treillis electrosoud\u00e9, fabriqu\u00e9 en acier lamin\u00e9 \u00e0 froid B500T, soudable et tr\u00e8s ductile.  Il se compose de trois barres longitudinales inf\u00e9rieures et d&#039;une barre longitudinale sup\u00e9rieure. Ces barres sont assembl\u00e9es en treillis par soudure \u00e9lectrique \u00e0 leurs points de contact. C\u2019est un processus de production en s\u00e9rie enti\u00e8rement automatis\u00e9.  Pour voir les autres tailles disponibles sur notre site web, cliquez ici.  *D\u2019autres options sur demande.\" \/>\n<meta name=\"robots\" content=\"index, follow, max-snippet:-1, max-image-preview:large, max-video-preview:-1\" \/>\n<link rel=\"canonical\" href=\"https:\/\/ferroslapobla.com\/fr\/treillis\/treillis-14x6x6\/\" \/>\n<meta property=\"og:locale\" content=\"fr_FR\" \/>\n<meta property=\"og:type\" content=\"article\" \/>\n<meta property=\"og:title\" content=\"Treillis - 14x6x6 Ferros La Pobla\" \/>\n<meta property=\"og:description\" content=\"Comprar Treillis - 14x6x6 en Ferros La Pobla. Treillis triangulaire de 6 m en stock permanent et disponible en plusieurs tailles.  Ce mod\u00e8le a une hauteur de 14 cm, une tige de 6 mm et un poids de 1,11kg\/m.   Fourni en une pi\u00e8ce compl\u00e8te de 6 m ou coup\u00e9 en deux (2 pi\u00e8ces de 3 m).  Il s&#039;agit d&#039;un type d\u2019armature de base en treillis electrosoud\u00e9, fabriqu\u00e9 en acier lamin\u00e9 \u00e0 froid B500T, soudable et tr\u00e8s ductile.  Il se compose de trois barres longitudinales inf\u00e9rieures et d&#039;une barre longitudinale sup\u00e9rieure. Ces barres sont assembl\u00e9es en treillis par soudure \u00e9lectrique \u00e0 leurs points de contact. C\u2019est un processus de production en s\u00e9rie enti\u00e8rement automatis\u00e9.  Pour voir les autres tailles disponibles sur notre site web, cliquez ici.  *D\u2019autres options sur demande.\" \/>\n<meta property=\"og:url\" content=\"https:\/\/ferroslapobla.com\/fr\/treillis\/treillis-14x6x6\/\" \/>\n<meta property=\"og:site_name\" content=\"Ferros La Pobla\" \/>\n<meta property=\"article:publisher\" content=\"https:\/\/www.facebook.com\/ferroslapobla\" \/>\n<meta property=\"article:modified_time\" content=\"2022-08-05T09:54:53+00:00\" \/>\n<meta property=\"og:image\" content=\"https:\/\/ferroslapobla.com\/wp-content\/uploads\/2021\/11\/celosia_14x6x6-1-1.jpg\" \/>\n\t<meta property=\"og:image:width\" content=\"578\" \/>\n\t<meta property=\"og:image:height\" content=\"579\" \/>\n\t<meta property=\"og:image:type\" content=\"image\/jpeg\" \/>\n<meta name=\"twitter:card\" content=\"summary_large_image\" \/>\n<meta name=\"twitter:site\" content=\"@FerrosLaPobla\" \/>\n<!-- \/ Yoast SEO plugin. -->","yoast_head_json":{"title":"Treillis - 14x6x6 Ferros La Pobla","description":"Comprar Treillis - 14x6x6 en Ferros La Pobla. Treillis triangulaire de 6 m en stock permanent et disponible en plusieurs tailles.  Ce mod\u00e8le a une hauteur de 14 cm, une tige de 6 mm et un poids de 1,11kg\/m.   Fourni en une pi\u00e8ce compl\u00e8te de 6 m ou coup\u00e9 en deux (2 pi\u00e8ces de 3 m).  Il s'agit d'un type d\u2019armature de base en treillis electrosoud\u00e9, fabriqu\u00e9 en acier lamin\u00e9 \u00e0 froid B500T, soudable et tr\u00e8s ductile.  Il se compose de trois barres longitudinales inf\u00e9rieures et d'une barre longitudinale sup\u00e9rieure. Ces barres sont assembl\u00e9es en treillis par soudure \u00e9lectrique \u00e0 leurs points de contact. C\u2019est un processus de production en s\u00e9rie enti\u00e8rement automatis\u00e9.  Pour voir les autres tailles disponibles sur notre site web, cliquez ici.  *D\u2019autres options sur demande.","robots":{"index":"index","follow":"follow","max-snippet":"max-snippet:-1","max-image-preview":"max-image-preview:large","max-video-preview":"max-video-preview:-1"},"canonical":"https:\/\/ferroslapobla.com\/fr\/treillis\/treillis-14x6x6\/","og_locale":"fr_FR","og_type":"article","og_title":"Treillis - 14x6x6 Ferros La Pobla","og_description":"Comprar Treillis - 14x6x6 en Ferros La Pobla. Treillis triangulaire de 6 m en stock permanent et disponible en plusieurs tailles.  Ce mod\u00e8le a une hauteur de 14 cm, une tige de 6 mm et un poids de 1,11kg\/m.   Fourni en une pi\u00e8ce compl\u00e8te de 6 m ou coup\u00e9 en deux (2 pi\u00e8ces de 3 m).  Il s'agit d'un type d\u2019armature de base en treillis electrosoud\u00e9, fabriqu\u00e9 en acier lamin\u00e9 \u00e0 froid B500T, soudable et tr\u00e8s ductile.  Il se compose de trois barres longitudinales inf\u00e9rieures et d'une barre longitudinale sup\u00e9rieure. Ces barres sont assembl\u00e9es en treillis par soudure \u00e9lectrique \u00e0 leurs points de contact. C\u2019est un processus de production en s\u00e9rie enti\u00e8rement automatis\u00e9.  Pour voir les autres tailles disponibles sur notre site web, cliquez ici.  *D\u2019autres options sur demande.","og_url":"https:\/\/ferroslapobla.com\/fr\/treillis\/treillis-14x6x6\/","og_site_name":"Ferros La Pobla","article_publisher":"https:\/\/www.facebook.com\/ferroslapobla","article_modified_time":"2022-08-05T09:54:53+00:00","og_image":[{"width":578,"height":579,"url":"https:\/\/ferroslapobla.com\/wp-content\/uploads\/2021\/11\/celosia_14x6x6-1-1.jpg","type":"image\/jpeg"}],"twitter_card":"summary_large_image","twitter_site":"@FerrosLaPobla","schema":{"@context":"https:\/\/schema.org","@graph":[{"@type":"WebPage","@id":"https:\/\/ferroslapobla.com\/fr\/treillis\/treillis-14x6x6\/","url":"https:\/\/ferroslapobla.com\/fr\/treillis\/treillis-14x6x6\/","name":"Treillis - 14x6x6 Ferros La Pobla","isPartOf":{"@id":"https:\/\/ferroslapobla.com\/fr\/#website"},"primaryImageOfPage":{"@id":"https:\/\/ferroslapobla.com\/fr\/treillis\/treillis-14x6x6\/#primaryimage"},"image":{"@id":"https:\/\/ferroslapobla.com\/fr\/treillis\/treillis-14x6x6\/#primaryimage"},"thumbnailUrl":"https:\/\/ferroslapobla.com\/wp-content\/uploads\/2021\/11\/celosia_14x6x6-1-1.jpg","datePublished":"2021-11-03T09:40:02+00:00","dateModified":"2022-08-05T09:54:53+00:00","description":"Comprar Treillis - 14x6x6 en Ferros La Pobla. Treillis triangulaire de 6 m en stock permanent et disponible en plusieurs tailles. Ce mod\u00e8le a une hauteur de 14 cm, une tige de 6 mm et un poids de 1,11kg\/m. Fourni en une pi\u00e8ce compl\u00e8te de 6 m ou coup\u00e9 en deux (2 pi\u00e8ces de 3 m). Il s'agit d'un type d\u2019armature de base en treillis electrosoud\u00e9, fabriqu\u00e9 en acier lamin\u00e9 \u00e0 froid B500T, soudable et tr\u00e8s ductile. Il se compose de trois barres longitudinales inf\u00e9rieures et d'une barre longitudinale sup\u00e9rieure. Ces barres sont assembl\u00e9es en treillis par soudure \u00e9lectrique \u00e0 leurs points de contact. C\u2019est un processus de production en s\u00e9rie enti\u00e8rement automatis\u00e9. Pour voir les autres tailles disponibles sur notre site web, cliquez ici. *D\u2019autres options sur demande.","breadcrumb":{"@id":"https:\/\/ferroslapobla.com\/fr\/treillis\/treillis-14x6x6\/#breadcrumb"},"inLanguage":"fr-FR","potentialAction":[{"@type":"ReadAction","target":["https:\/\/ferroslapobla.com\/fr\/treillis\/treillis-14x6x6\/"]}]},{"@type":"ImageObject","inLanguage":"fr-FR","@id":"https:\/\/ferroslapobla.com\/fr\/treillis\/treillis-14x6x6\/#primaryimage","url":"https:\/\/ferroslapobla.com\/wp-content\/uploads\/2021\/11\/celosia_14x6x6-1-1.jpg","contentUrl":"https:\/\/ferroslapobla.com\/wp-content\/uploads\/2021\/11\/celosia_14x6x6-1-1.jpg","width":578,"height":579,"caption":"celos\u00eda 14x6x6"},{"@type":"BreadcrumbList","@id":"https:\/\/ferroslapobla.com\/fr\/treillis\/treillis-14x6x6\/#breadcrumb","itemListElement":[{"@type":"ListItem","position":1,"name":"Couvrir","item":"https:\/\/ferroslapobla.com\/fr\/"},{"@type":"ListItem","position":2,"name":"Boutique","item":"https:\/\/ferroslapobla.com\/fr\/boutique\/"},{"@type":"ListItem","position":3,"name":"Treillis &#8211; 14x6x6"}]},{"@type":"WebSite","@id":"https:\/\/ferroslapobla.com\/fr\/#website","url":"https:\/\/ferroslapobla.com\/fr\/","name":"Ferros La Pobla","description":"Hierro para construcci\u00f3n y elaboraci\u00f3n de ferralla","publisher":{"@id":"https:\/\/ferroslapobla.com\/fr\/#organization"},"potentialAction":[{"@type":"SearchAction","target":{"@type":"EntryPoint","urlTemplate":"https:\/\/ferroslapobla.com\/fr\/?s={search_term_string}"},"query-input":{"@type":"PropertyValueSpecification","valueRequired":true,"valueName":"search_term_string"}}],"inLanguage":"fr-FR"},{"@type":"Organization","@id":"https:\/\/ferroslapobla.com\/fr\/#organization","name":"Ferros La Pobla","url":"https:\/\/ferroslapobla.com\/fr\/","logo":{"@type":"ImageObject","inLanguage":"fr-FR","@id":"https:\/\/ferroslapobla.com\/fr\/#\/schema\/logo\/image\/","url":"https:\/\/ferroslapobla.com\/wp-content\/uploads\/2021\/06\/ferros-logo-azul.png","contentUrl":"https:\/\/ferroslapobla.com\/wp-content\/uploads\/2021\/06\/ferros-logo-azul.png","width":200,"height":100,"caption":"Ferros La Pobla"},"image":{"@id":"https:\/\/ferroslapobla.com\/fr\/#\/schema\/logo\/image\/"},"sameAs":["https:\/\/www.facebook.com\/ferroslapobla","https:\/\/x.com\/FerrosLaPobla","https:\/\/es.linkedin.com\/company\/ferros-la-pobla-s-a-","https:\/\/www.youtube.com\/channel\/UCpZCp1qFlzS2ZNogeeNaBzw"]}]}},"_links":{"self":[{"href":"https:\/\/ferroslapobla.com\/fr\/wp-json\/wp\/v2\/product\/15894","targetHints":{"allow":["GET"]}}],"collection":[{"href":"https:\/\/ferroslapobla.com\/fr\/wp-json\/wp\/v2\/product"}],"about":[{"href":"https:\/\/ferroslapobla.com\/fr\/wp-json\/wp\/v2\/types\/product"}],"replies":[{"embeddable":true,"href":"https:\/\/ferroslapobla.com\/fr\/wp-json\/wp\/v2\/comments?post=15894"}],"version-history":[{"count":0,"href":"https:\/\/ferroslapobla.com\/fr\/wp-json\/wp\/v2\/product\/15894\/revisions"}],"wp:featuredmedia":[{"embeddable":true,"href":"https:\/\/ferroslapobla.com\/fr\/wp-json\/wp\/v2\/media\/14433"}],"wp:attachment":[{"href":"https:\/\/ferroslapobla.com\/fr\/wp-json\/wp\/v2\/media?parent=15894"}],"wp:term":[{"taxonomy":"product_cat","embeddable":true,"href":"https:\/\/ferroslapobla.com\/fr\/wp-json\/wp\/v2\/product_cat?post=15894"},{"taxonomy":"product_tag","embeddable":true,"href":"https:\/\/ferroslapobla.com\/fr\/wp-json\/wp\/v2\/product_tag?post=15894"}],"curies":[{"name":"wp","href":"https:\/\/api.w.org\/{rel}","templated":true}]}}