{"id":15880,"date":"2021-12-03T13:48:39","date_gmt":"2021-12-03T12:48:39","guid":{"rendered":"https:\/\/ferroslapobla.com\/non class\u00e9\/tole-avec-canne-soudee-300x300x12-mm\/"},"modified":"2021-12-03T13:48:39","modified_gmt":"2021-12-03T12:48:39","slug":"tole-avec-canne-soudee-300x300x12-mm","status":"publish","type":"product","link":"https:\/\/ferroslapobla.com\/fr\/plaques-dancrage\/tole-avec-canne-soudee-300x300x12-mm\/","title":{"rendered":"T\u00f4le avec canne soud\u00e9e 300x300x12 mm"},"content":{"rendered":"","protected":false},"excerpt":{"rendered":"<p>Plaque d&rsquo;ancrage 300x300x12 mm (t\u00f4le avec canne soud\u00e9e), en acier noir, pour les structures m\u00e9talliques dans la construction et la serrurerie. L&rsquo;ancrage de tout \u00e9l\u00e9ment structural m\u00e9tallique, \u00e0 partir d&rsquo;un autre \u00e9l\u00e9ment en b\u00e9ton, se fait au moyen d&rsquo;une plaque de support. Pour voir le reste des options que nous proposons dans notre boutique en ligne, cliquez <a href=\"https:\/\/ferroslapobla.com\/product-category\/placas-de-anclaje\/\">ici.<\/a><\/p>\n<p>Ce produit est livr\u00e9 jusqu&rsquo;\u00e0 150 km de distance.<\/p>\n<p><em>*Si vous ne trouvez pas la taille ou l&rsquo;\u00e9paisseur que vous recherchez, vous pouvez nous contacter en utilisant le formulaire ci-dessous.<\/em><\/p>\n","protected":false},"featured_media":15077,"comment_status":"open","ping_status":"closed","template":"","meta":{"_acf_changed":false,"_joinchat":[]},"product_cat":[417],"product_tag":[],"class_list":["post-15880","product","type-product","status-publish","has-post-thumbnail","hentry","product_cat-plaques-dancrage"],"acf":[],"wcpa_form_fields":null,"yoast_head":"<!-- This site is optimized with the Yoast SEO plugin v27.3 - https:\/\/yoast.com\/product\/yoast-seo-wordpress\/ -->\n<title>T\u00f4le avec canne soud\u00e9e 300x300x12 mm Ferros La Pobla<\/title>\n<meta name=\"description\" content=\"Comprar T\u00f4le avec canne soud\u00e9e 300x300x12 mm en Ferros La Pobla. Plaque d&#039;ancrage 300x300x12 mm (t\u00f4le avec canne soud\u00e9e), en acier noir, pour les structures m\u00e9talliques dans la construction et la serrurerie. L&#039;ancrage de tout \u00e9l\u00e9ment structural m\u00e9tallique, \u00e0 partir d&#039;un autre \u00e9l\u00e9ment en b\u00e9ton, se fait au moyen d&#039;une plaque de support. Pour voir le reste des options que nous proposons dans notre boutique en ligne, cliquez ici. Ce produit est livr\u00e9 jusqu&#039;\u00e0 150 km de distance. *Si vous ne trouvez pas la taille ou l&#039;\u00e9paisseur que vous recherchez, vous pouvez nous contacter en utilisant le formulaire ci-dessous.\" \/>\n<meta name=\"robots\" content=\"index, follow, max-snippet:-1, max-image-preview:large, max-video-preview:-1\" \/>\n<link rel=\"canonical\" href=\"https:\/\/ferroslapobla.com\/fr\/plaques-dancrage\/tole-avec-canne-soudee-300x300x12-mm\/\" \/>\n<meta property=\"og:locale\" content=\"fr_FR\" \/>\n<meta property=\"og:type\" content=\"article\" \/>\n<meta property=\"og:title\" content=\"T\u00f4le avec canne soud\u00e9e 300x300x12 mm Ferros La Pobla\" \/>\n<meta property=\"og:description\" content=\"Comprar T\u00f4le avec canne soud\u00e9e 300x300x12 mm en Ferros La Pobla. Plaque d&#039;ancrage 300x300x12 mm (t\u00f4le avec canne soud\u00e9e), en acier noir, pour les structures m\u00e9talliques dans la construction et la serrurerie. L&#039;ancrage de tout \u00e9l\u00e9ment structural m\u00e9tallique, \u00e0 partir d&#039;un autre \u00e9l\u00e9ment en b\u00e9ton, se fait au moyen d&#039;une plaque de support. Pour voir le reste des options que nous proposons dans notre boutique en ligne, cliquez ici. Ce produit est livr\u00e9 jusqu&#039;\u00e0 150 km de distance. *Si vous ne trouvez pas la taille ou l&#039;\u00e9paisseur que vous recherchez, vous pouvez nous contacter en utilisant le formulaire ci-dessous.\" \/>\n<meta property=\"og:url\" content=\"https:\/\/ferroslapobla.com\/fr\/plaques-dancrage\/tole-avec-canne-soudee-300x300x12-mm\/\" \/>\n<meta property=\"og:site_name\" content=\"Ferros La Pobla\" \/>\n<meta property=\"article:publisher\" content=\"https:\/\/www.facebook.com\/ferroslapobla\" \/>\n<meta property=\"og:image\" content=\"https:\/\/ferroslapobla.com\/wp-content\/uploads\/2021\/12\/300x300x12-300x300-1.jpg\" \/>\n\t<meta property=\"og:image:width\" content=\"578\" \/>\n\t<meta property=\"og:image:height\" content=\"579\" \/>\n\t<meta property=\"og:image:type\" content=\"image\/jpeg\" \/>\n<meta name=\"twitter:card\" content=\"summary_large_image\" \/>\n<meta name=\"twitter:site\" content=\"@FerrosLaPobla\" \/>\n<!-- \/ Yoast SEO plugin. -->","yoast_head_json":{"title":"T\u00f4le avec canne soud\u00e9e 300x300x12 mm Ferros La Pobla","description":"Comprar T\u00f4le avec canne soud\u00e9e 300x300x12 mm en Ferros La Pobla. Plaque d'ancrage 300x300x12 mm (t\u00f4le avec canne soud\u00e9e), en acier noir, pour les structures m\u00e9talliques dans la construction et la serrurerie. L'ancrage de tout \u00e9l\u00e9ment structural m\u00e9tallique, \u00e0 partir d'un autre \u00e9l\u00e9ment en b\u00e9ton, se fait au moyen d'une plaque de support. Pour voir le reste des options que nous proposons dans notre boutique en ligne, cliquez ici. Ce produit est livr\u00e9 jusqu'\u00e0 150 km de distance. *Si vous ne trouvez pas la taille ou l'\u00e9paisseur que vous recherchez, vous pouvez nous contacter en utilisant le formulaire ci-dessous.","robots":{"index":"index","follow":"follow","max-snippet":"max-snippet:-1","max-image-preview":"max-image-preview:large","max-video-preview":"max-video-preview:-1"},"canonical":"https:\/\/ferroslapobla.com\/fr\/plaques-dancrage\/tole-avec-canne-soudee-300x300x12-mm\/","og_locale":"fr_FR","og_type":"article","og_title":"T\u00f4le avec canne soud\u00e9e 300x300x12 mm Ferros La Pobla","og_description":"Comprar T\u00f4le avec canne soud\u00e9e 300x300x12 mm en Ferros La Pobla. Plaque d'ancrage 300x300x12 mm (t\u00f4le avec canne soud\u00e9e), en acier noir, pour les structures m\u00e9talliques dans la construction et la serrurerie. L'ancrage de tout \u00e9l\u00e9ment structural m\u00e9tallique, \u00e0 partir d'un autre \u00e9l\u00e9ment en b\u00e9ton, se fait au moyen d'une plaque de support. Pour voir le reste des options que nous proposons dans notre boutique en ligne, cliquez ici. Ce produit est livr\u00e9 jusqu'\u00e0 150 km de distance. *Si vous ne trouvez pas la taille ou l'\u00e9paisseur que vous recherchez, vous pouvez nous contacter en utilisant le formulaire ci-dessous.","og_url":"https:\/\/ferroslapobla.com\/fr\/plaques-dancrage\/tole-avec-canne-soudee-300x300x12-mm\/","og_site_name":"Ferros La Pobla","article_publisher":"https:\/\/www.facebook.com\/ferroslapobla","og_image":[{"width":578,"height":579,"url":"https:\/\/ferroslapobla.com\/wp-content\/uploads\/2021\/12\/300x300x12-300x300-1.jpg","type":"image\/jpeg"}],"twitter_card":"summary_large_image","twitter_site":"@FerrosLaPobla","schema":{"@context":"https:\/\/schema.org","@graph":[{"@type":"WebPage","@id":"https:\/\/ferroslapobla.com\/fr\/plaques-dancrage\/tole-avec-canne-soudee-300x300x12-mm\/","url":"https:\/\/ferroslapobla.com\/fr\/plaques-dancrage\/tole-avec-canne-soudee-300x300x12-mm\/","name":"T\u00f4le avec canne soud\u00e9e 300x300x12 mm Ferros La Pobla","isPartOf":{"@id":"https:\/\/ferroslapobla.com\/fr\/#website"},"primaryImageOfPage":{"@id":"https:\/\/ferroslapobla.com\/fr\/plaques-dancrage\/tole-avec-canne-soudee-300x300x12-mm\/#primaryimage"},"image":{"@id":"https:\/\/ferroslapobla.com\/fr\/plaques-dancrage\/tole-avec-canne-soudee-300x300x12-mm\/#primaryimage"},"thumbnailUrl":"https:\/\/ferroslapobla.com\/wp-content\/uploads\/2021\/12\/300x300x12-300x300-1.jpg","datePublished":"2021-12-03T12:48:39+00:00","description":"Comprar T\u00f4le avec canne soud\u00e9e 300x300x12 mm en Ferros La Pobla. Plaque d'ancrage 300x300x12 mm (t\u00f4le avec canne soud\u00e9e), en acier noir, pour les structures m\u00e9talliques dans la construction et la serrurerie. L'ancrage de tout \u00e9l\u00e9ment structural m\u00e9tallique, \u00e0 partir d'un autre \u00e9l\u00e9ment en b\u00e9ton, se fait au moyen d'une plaque de support. Pour voir le reste des options que nous proposons dans notre boutique en ligne, cliquez ici. Ce produit est livr\u00e9 jusqu'\u00e0 150 km de distance. *Si vous ne trouvez pas la taille ou l'\u00e9paisseur que vous recherchez, vous pouvez nous contacter en utilisant le formulaire ci-dessous.","breadcrumb":{"@id":"https:\/\/ferroslapobla.com\/fr\/plaques-dancrage\/tole-avec-canne-soudee-300x300x12-mm\/#breadcrumb"},"inLanguage":"fr-FR","potentialAction":[{"@type":"ReadAction","target":["https:\/\/ferroslapobla.com\/fr\/plaques-dancrage\/tole-avec-canne-soudee-300x300x12-mm\/"]}]},{"@type":"ImageObject","inLanguage":"fr-FR","@id":"https:\/\/ferroslapobla.com\/fr\/plaques-dancrage\/tole-avec-canne-soudee-300x300x12-mm\/#primaryimage","url":"https:\/\/ferroslapobla.com\/wp-content\/uploads\/2021\/12\/300x300x12-300x300-1.jpg","contentUrl":"https:\/\/ferroslapobla.com\/wp-content\/uploads\/2021\/12\/300x300x12-300x300-1.jpg","width":578,"height":579,"caption":"300x300x12-300x300"},{"@type":"BreadcrumbList","@id":"https:\/\/ferroslapobla.com\/fr\/plaques-dancrage\/tole-avec-canne-soudee-300x300x12-mm\/#breadcrumb","itemListElement":[{"@type":"ListItem","position":1,"name":"Couvrir","item":"https:\/\/ferroslapobla.com\/fr\/"},{"@type":"ListItem","position":2,"name":"Boutique","item":"https:\/\/ferroslapobla.com\/fr\/boutique\/"},{"@type":"ListItem","position":3,"name":"T\u00f4le avec canne soud\u00e9e 300x300x12 mm"}]},{"@type":"WebSite","@id":"https:\/\/ferroslapobla.com\/fr\/#website","url":"https:\/\/ferroslapobla.com\/fr\/","name":"Ferros La Pobla","description":"Hierro para construcci\u00f3n y elaboraci\u00f3n de ferralla","publisher":{"@id":"https:\/\/ferroslapobla.com\/fr\/#organization"},"potentialAction":[{"@type":"SearchAction","target":{"@type":"EntryPoint","urlTemplate":"https:\/\/ferroslapobla.com\/fr\/?s={search_term_string}"},"query-input":{"@type":"PropertyValueSpecification","valueRequired":true,"valueName":"search_term_string"}}],"inLanguage":"fr-FR"},{"@type":"Organization","@id":"https:\/\/ferroslapobla.com\/fr\/#organization","name":"Ferros La Pobla","url":"https:\/\/ferroslapobla.com\/fr\/","logo":{"@type":"ImageObject","inLanguage":"fr-FR","@id":"https:\/\/ferroslapobla.com\/fr\/#\/schema\/logo\/image\/","url":"https:\/\/ferroslapobla.com\/wp-content\/uploads\/2021\/06\/ferros-logo-azul.png","contentUrl":"https:\/\/ferroslapobla.com\/wp-content\/uploads\/2021\/06\/ferros-logo-azul.png","width":200,"height":100,"caption":"Ferros La Pobla"},"image":{"@id":"https:\/\/ferroslapobla.com\/fr\/#\/schema\/logo\/image\/"},"sameAs":["https:\/\/www.facebook.com\/ferroslapobla","https:\/\/x.com\/FerrosLaPobla","https:\/\/es.linkedin.com\/company\/ferros-la-pobla-s-a-","https:\/\/www.youtube.com\/channel\/UCpZCp1qFlzS2ZNogeeNaBzw"]}]}},"_links":{"self":[{"href":"https:\/\/ferroslapobla.com\/fr\/wp-json\/wp\/v2\/product\/15880","targetHints":{"allow":["GET"]}}],"collection":[{"href":"https:\/\/ferroslapobla.com\/fr\/wp-json\/wp\/v2\/product"}],"about":[{"href":"https:\/\/ferroslapobla.com\/fr\/wp-json\/wp\/v2\/types\/product"}],"replies":[{"embeddable":true,"href":"https:\/\/ferroslapobla.com\/fr\/wp-json\/wp\/v2\/comments?post=15880"}],"version-history":[{"count":0,"href":"https:\/\/ferroslapobla.com\/fr\/wp-json\/wp\/v2\/product\/15880\/revisions"}],"wp:featuredmedia":[{"embeddable":true,"href":"https:\/\/ferroslapobla.com\/fr\/wp-json\/wp\/v2\/media\/15077"}],"wp:attachment":[{"href":"https:\/\/ferroslapobla.com\/fr\/wp-json\/wp\/v2\/media?parent=15880"}],"wp:term":[{"taxonomy":"product_cat","embeddable":true,"href":"https:\/\/ferroslapobla.com\/fr\/wp-json\/wp\/v2\/product_cat?post=15880"},{"taxonomy":"product_tag","embeddable":true,"href":"https:\/\/ferroslapobla.com\/fr\/wp-json\/wp\/v2\/product_tag?post=15880"}],"curies":[{"name":"wp","href":"https:\/\/api.w.org\/{rel}","templated":true}]}}