{"id":15869,"date":"2021-12-01T14:54:42","date_gmt":"2021-12-01T13:54:42","guid":{"rendered":"https:\/\/ferroslapobla.com\/non%20class\u00e9\/poutre-upn-140-mm\/"},"modified":"2022-08-04T13:04:20","modified_gmt":"2022-08-04T12:04:20","slug":"poutre-upn140-mm","status":"publish","type":"product","link":"https:\/\/ferroslapobla.com\/fr\/poutre-upn\/poutre-upn140-mm\/","title":{"rendered":"Poutre UPN &#8211; 140 mm"},"content":{"rendered":"","protected":false},"excerpt":{"rendered":"<p>Poutres UPN en stock permanent, avec finition en acier noir, d&rsquo;un diam\u00e8tre de 140 mm. et un poids de 16,40 kg\/m. Nous r\u00e9alisons des d\u00e9coupes sur mesure. La longueur maximale est de 6 m. ,12 m. sur demande. Veuillez nous contacter sans engagement.<\/p>\n<p>Vous pouvez v\u00e9rifier la disponibilit\u00e9 des autres tailles de poutres UPN pour l&rsquo;achat en ligne en cliquant <a href=\"https:\/\/ferroslapobla.com\/product-category\/viga-upn\/\">ici<\/a>.<\/p>\n<p>Ce produit peut \u00eatre livr\u00e9 jusqu&rsquo;\u00e0 150 km de distance.<\/p>\n<p><em>*Pour d&rsquo;autres tailles sur demande, nous disposons de poutres de 160, 180, 200, 220 et 240 mm de diam\u00e8tre. Veuillez nous demander un devis.<\/em><\/p>\n","protected":false},"featured_media":15022,"comment_status":"open","ping_status":"closed","template":"","meta":{"_acf_changed":false,"_joinchat":[]},"product_cat":[438,412],"product_tag":[],"class_list":["post-15869","product","type-product","status-publish","has-post-thumbnail","hentry","product_cat-poutre-upn","product_cat-profiles-et-poutres","wcpa_has_options"],"acf":[],"wcpa_form_fields":{"rules":{"pric_overide_base_price":false,"pric_overide_base_price_if_gt_zero":false,"pric_overide_base_price_fully":true,"pric_cal_option_once":false,"pric_use_as_fee":false,"bind_quantity":false,"quantity_bind_formula":false},"fields":[{"type":"hidden","label":"Precio acero","elementId":"wcpa-hidden-620e35e53e657","value":"1538","name":"hidden-620e35e53e678","col":6,"relations":[],"form_id":9734,"form_rules":{"pric_cal_option_once":false,"exclude_from_discount":false,"pric_use_as_fee":false,"fee_label":"Fee","render_after_acb":false,"disp_hide_options_price":false}},{"type":"hidden","label":"Peso por di\u00e1metro","elementId":"wcpa-hidden-61dc530c866d3","value":"16.4","name":"hidden-61dc530c866e3","col":6,"relations":[],"form_id":9734,"form_rules":{"pric_cal_option_once":false,"exclude_from_discount":false,"pric_use_as_fee":false,"fee_label":"Fee","render_after_acb":false,"disp_hide_options_price":false}},{"type":"number","required":true,"elementId":"wcpa-number-61dc530c866ef","label":"\u00bfQu\u00e9 longitud necesitas (cm)?","description":"min. 50 cm \/ max. 600 cm","value":"50","enablePrice":true,"pricingType":"custom","price":"((({value}\/100)*{field.wcpa-hidden-61dc530c866d3.value})\/1000)*{field.wcpa-hidden-620e35e53e657.value}","min":"50","max":"600","step":"1","name":"number-61dc530c866fa","mapToCheckoutFieldParent":"billing","mapToCheckoutField":"billing_first_name","cl_rule":"show","requiredError":"\u00a1Debes elegir la longitud que necesitas!","minValueError":"El valor m\u00ednimo es 50cm","maxValueError":"El valor m\u00e1ximo es 600cm","col":6,"relations":false,"form_id":9734,"form_rules":{"pric_cal_option_once":false,"exclude_from_discount":false,"pric_use_as_fee":false,"fee_label":"Fee","render_after_acb":false,"disp_hide_options_price":false}}]},"yoast_head":"<!-- This site is optimized with the Yoast SEO plugin v27.3 - https:\/\/yoast.com\/product\/yoast-seo-wordpress\/ -->\n<title>Poutre UPN - 140 mm Ferros La Pobla<\/title>\n<meta name=\"description\" content=\"Comprar Poutre UPN - 140 mm en Ferros La Pobla. Poutres UPN en stock permanent, avec finition en acier noir, d&#039;un diam\u00e8tre de 140 mm. et un poids de 16,40 kg\/m. Nous r\u00e9alisons des d\u00e9coupes sur mesure. La longueur maximale est de 6 m. ,12 m. sur demande. Veuillez nous contacter sans engagement. Vous pouvez v\u00e9rifier la disponibilit\u00e9 des autres tailles de poutres UPN pour l&#039;achat en ligne en cliquant ici. Ce produit peut \u00eatre livr\u00e9 jusqu&#039;\u00e0 150 km de distance. *Pour d&#039;autres tailles sur demande, nous disposons de poutres de 160, 180, 200, 220 et 240 mm de diam\u00e8tre. Veuillez nous demander un devis.\" \/>\n<meta name=\"robots\" content=\"index, follow, max-snippet:-1, max-image-preview:large, max-video-preview:-1\" \/>\n<link rel=\"canonical\" href=\"https:\/\/ferroslapobla.com\/fr\/poutre-upn\/poutre-upn140-mm\/\" \/>\n<meta property=\"og:locale\" content=\"fr_FR\" \/>\n<meta property=\"og:type\" content=\"article\" \/>\n<meta property=\"og:title\" content=\"Poutre UPN - 140 mm Ferros La Pobla\" \/>\n<meta property=\"og:description\" content=\"Comprar Poutre UPN - 140 mm en Ferros La Pobla. Poutres UPN en stock permanent, avec finition en acier noir, d&#039;un diam\u00e8tre de 140 mm. et un poids de 16,40 kg\/m. Nous r\u00e9alisons des d\u00e9coupes sur mesure. La longueur maximale est de 6 m. ,12 m. sur demande. Veuillez nous contacter sans engagement. Vous pouvez v\u00e9rifier la disponibilit\u00e9 des autres tailles de poutres UPN pour l&#039;achat en ligne en cliquant ici. Ce produit peut \u00eatre livr\u00e9 jusqu&#039;\u00e0 150 km de distance. *Pour d&#039;autres tailles sur demande, nous disposons de poutres de 160, 180, 200, 220 et 240 mm de diam\u00e8tre. Veuillez nous demander un devis.\" \/>\n<meta property=\"og:url\" content=\"https:\/\/ferroslapobla.com\/fr\/poutre-upn\/poutre-upn140-mm\/\" \/>\n<meta property=\"og:site_name\" content=\"Ferros La Pobla\" \/>\n<meta property=\"article:publisher\" content=\"https:\/\/www.facebook.com\/ferroslapobla\" \/>\n<meta property=\"article:modified_time\" content=\"2022-08-04T12:04:20+00:00\" \/>\n<meta property=\"og:image\" content=\"https:\/\/ferroslapobla.com\/wp-content\/uploads\/2021\/12\/Viga_Upn140-300x300-1.jpg\" \/>\n\t<meta property=\"og:image:width\" content=\"578\" \/>\n\t<meta property=\"og:image:height\" content=\"579\" \/>\n\t<meta property=\"og:image:type\" content=\"image\/jpeg\" \/>\n<meta name=\"twitter:card\" content=\"summary_large_image\" \/>\n<meta name=\"twitter:site\" content=\"@FerrosLaPobla\" \/>\n<!-- \/ Yoast SEO plugin. -->","yoast_head_json":{"title":"Poutre UPN - 140 mm Ferros La Pobla","description":"Comprar Poutre UPN - 140 mm en Ferros La Pobla. Poutres UPN en stock permanent, avec finition en acier noir, d'un diam\u00e8tre de 140 mm. et un poids de 16,40 kg\/m. Nous r\u00e9alisons des d\u00e9coupes sur mesure. La longueur maximale est de 6 m. ,12 m. sur demande. Veuillez nous contacter sans engagement. Vous pouvez v\u00e9rifier la disponibilit\u00e9 des autres tailles de poutres UPN pour l'achat en ligne en cliquant ici. Ce produit peut \u00eatre livr\u00e9 jusqu'\u00e0 150 km de distance. *Pour d'autres tailles sur demande, nous disposons de poutres de 160, 180, 200, 220 et 240 mm de diam\u00e8tre. Veuillez nous demander un devis.","robots":{"index":"index","follow":"follow","max-snippet":"max-snippet:-1","max-image-preview":"max-image-preview:large","max-video-preview":"max-video-preview:-1"},"canonical":"https:\/\/ferroslapobla.com\/fr\/poutre-upn\/poutre-upn140-mm\/","og_locale":"fr_FR","og_type":"article","og_title":"Poutre UPN - 140 mm Ferros La Pobla","og_description":"Comprar Poutre UPN - 140 mm en Ferros La Pobla. Poutres UPN en stock permanent, avec finition en acier noir, d'un diam\u00e8tre de 140 mm. et un poids de 16,40 kg\/m. Nous r\u00e9alisons des d\u00e9coupes sur mesure. La longueur maximale est de 6 m. ,12 m. sur demande. Veuillez nous contacter sans engagement. Vous pouvez v\u00e9rifier la disponibilit\u00e9 des autres tailles de poutres UPN pour l'achat en ligne en cliquant ici. Ce produit peut \u00eatre livr\u00e9 jusqu'\u00e0 150 km de distance. *Pour d'autres tailles sur demande, nous disposons de poutres de 160, 180, 200, 220 et 240 mm de diam\u00e8tre. Veuillez nous demander un devis.","og_url":"https:\/\/ferroslapobla.com\/fr\/poutre-upn\/poutre-upn140-mm\/","og_site_name":"Ferros La Pobla","article_publisher":"https:\/\/www.facebook.com\/ferroslapobla","article_modified_time":"2022-08-04T12:04:20+00:00","og_image":[{"width":578,"height":579,"url":"https:\/\/ferroslapobla.com\/wp-content\/uploads\/2021\/12\/Viga_Upn140-300x300-1.jpg","type":"image\/jpeg"}],"twitter_card":"summary_large_image","twitter_site":"@FerrosLaPobla","schema":{"@context":"https:\/\/schema.org","@graph":[{"@type":"WebPage","@id":"https:\/\/ferroslapobla.com\/fr\/poutre-upn\/poutre-upn140-mm\/","url":"https:\/\/ferroslapobla.com\/fr\/poutre-upn\/poutre-upn140-mm\/","name":"Poutre UPN - 140 mm Ferros La Pobla","isPartOf":{"@id":"https:\/\/ferroslapobla.com\/fr\/#website"},"primaryImageOfPage":{"@id":"https:\/\/ferroslapobla.com\/fr\/poutre-upn\/poutre-upn140-mm\/#primaryimage"},"image":{"@id":"https:\/\/ferroslapobla.com\/fr\/poutre-upn\/poutre-upn140-mm\/#primaryimage"},"thumbnailUrl":"https:\/\/ferroslapobla.com\/wp-content\/uploads\/2021\/12\/Viga_Upn140-300x300-1.jpg","datePublished":"2021-12-01T13:54:42+00:00","dateModified":"2022-08-04T12:04:20+00:00","description":"Comprar Poutre UPN - 140 mm en Ferros La Pobla. Poutres UPN en stock permanent, avec finition en acier noir, d'un diam\u00e8tre de 140 mm. et un poids de 16,40 kg\/m. Nous r\u00e9alisons des d\u00e9coupes sur mesure. La longueur maximale est de 6 m. ,12 m. sur demande. Veuillez nous contacter sans engagement. Vous pouvez v\u00e9rifier la disponibilit\u00e9 des autres tailles de poutres UPN pour l'achat en ligne en cliquant ici. Ce produit peut \u00eatre livr\u00e9 jusqu'\u00e0 150 km de distance. *Pour d'autres tailles sur demande, nous disposons de poutres de 160, 180, 200, 220 et 240 mm de diam\u00e8tre. Veuillez nous demander un devis.","breadcrumb":{"@id":"https:\/\/ferroslapobla.com\/fr\/poutre-upn\/poutre-upn140-mm\/#breadcrumb"},"inLanguage":"fr-FR","potentialAction":[{"@type":"ReadAction","target":["https:\/\/ferroslapobla.com\/fr\/poutre-upn\/poutre-upn140-mm\/"]}]},{"@type":"ImageObject","inLanguage":"fr-FR","@id":"https:\/\/ferroslapobla.com\/fr\/poutre-upn\/poutre-upn140-mm\/#primaryimage","url":"https:\/\/ferroslapobla.com\/wp-content\/uploads\/2021\/12\/Viga_Upn140-300x300-1.jpg","contentUrl":"https:\/\/ferroslapobla.com\/wp-content\/uploads\/2021\/12\/Viga_Upn140-300x300-1.jpg","width":578,"height":579,"caption":"Viga_Upn140-300x300"},{"@type":"BreadcrumbList","@id":"https:\/\/ferroslapobla.com\/fr\/poutre-upn\/poutre-upn140-mm\/#breadcrumb","itemListElement":[{"@type":"ListItem","position":1,"name":"Couvrir","item":"https:\/\/ferroslapobla.com\/fr\/"},{"@type":"ListItem","position":2,"name":"Boutique","item":"https:\/\/ferroslapobla.com\/fr\/boutique\/"},{"@type":"ListItem","position":3,"name":"Poutre UPN &#8211; 140 mm"}]},{"@type":"WebSite","@id":"https:\/\/ferroslapobla.com\/fr\/#website","url":"https:\/\/ferroslapobla.com\/fr\/","name":"Ferros La Pobla","description":"Hierro para construcci\u00f3n y elaboraci\u00f3n de ferralla","publisher":{"@id":"https:\/\/ferroslapobla.com\/fr\/#organization"},"potentialAction":[{"@type":"SearchAction","target":{"@type":"EntryPoint","urlTemplate":"https:\/\/ferroslapobla.com\/fr\/?s={search_term_string}"},"query-input":{"@type":"PropertyValueSpecification","valueRequired":true,"valueName":"search_term_string"}}],"inLanguage":"fr-FR"},{"@type":"Organization","@id":"https:\/\/ferroslapobla.com\/fr\/#organization","name":"Ferros La Pobla","url":"https:\/\/ferroslapobla.com\/fr\/","logo":{"@type":"ImageObject","inLanguage":"fr-FR","@id":"https:\/\/ferroslapobla.com\/fr\/#\/schema\/logo\/image\/","url":"https:\/\/ferroslapobla.com\/wp-content\/uploads\/2021\/06\/ferros-logo-azul.png","contentUrl":"https:\/\/ferroslapobla.com\/wp-content\/uploads\/2021\/06\/ferros-logo-azul.png","width":200,"height":100,"caption":"Ferros La Pobla"},"image":{"@id":"https:\/\/ferroslapobla.com\/fr\/#\/schema\/logo\/image\/"},"sameAs":["https:\/\/www.facebook.com\/ferroslapobla","https:\/\/x.com\/FerrosLaPobla","https:\/\/es.linkedin.com\/company\/ferros-la-pobla-s-a-","https:\/\/www.youtube.com\/channel\/UCpZCp1qFlzS2ZNogeeNaBzw"]}]}},"_links":{"self":[{"href":"https:\/\/ferroslapobla.com\/fr\/wp-json\/wp\/v2\/product\/15869","targetHints":{"allow":["GET"]}}],"collection":[{"href":"https:\/\/ferroslapobla.com\/fr\/wp-json\/wp\/v2\/product"}],"about":[{"href":"https:\/\/ferroslapobla.com\/fr\/wp-json\/wp\/v2\/types\/product"}],"replies":[{"embeddable":true,"href":"https:\/\/ferroslapobla.com\/fr\/wp-json\/wp\/v2\/comments?post=15869"}],"version-history":[{"count":0,"href":"https:\/\/ferroslapobla.com\/fr\/wp-json\/wp\/v2\/product\/15869\/revisions"}],"wp:featuredmedia":[{"embeddable":true,"href":"https:\/\/ferroslapobla.com\/fr\/wp-json\/wp\/v2\/media\/15022"}],"wp:attachment":[{"href":"https:\/\/ferroslapobla.com\/fr\/wp-json\/wp\/v2\/media?parent=15869"}],"wp:term":[{"taxonomy":"product_cat","embeddable":true,"href":"https:\/\/ferroslapobla.com\/fr\/wp-json\/wp\/v2\/product_cat?post=15869"},{"taxonomy":"product_tag","embeddable":true,"href":"https:\/\/ferroslapobla.com\/fr\/wp-json\/wp\/v2\/product_tag?post=15869"}],"curies":[{"name":"wp","href":"https:\/\/api.w.org\/{rel}","templated":true}]}}