{"id":15839,"date":"2021-11-15T14:10:10","date_gmt":"2021-11-15T13:10:10","guid":{"rendered":"https:\/\/ferroslapobla.com\/non class\u00e9\/bobine-fil-de-fer-grillage-torsion-simple-25-m\/"},"modified":"2021-11-15T14:10:10","modified_gmt":"2021-11-15T13:10:10","slug":"bobine-fil-de-fer-grillage-torsion-simple-25m","status":"publish","type":"product","link":"https:\/\/ferroslapobla.com\/fr\/bobine-fil-de-fer-grillage-torsion-simple\/bobine-fil-de-fer-grillage-torsion-simple-25m\/","title":{"rendered":"Bobine fil de fer grillage torsion simple &#8211; 25 m"},"content":{"rendered":"","protected":false},"excerpt":{"rendered":"<p>Bobine de fil de fer de 25 m. long, en acier galvanis\u00e9, \u00e9paisseur de 5 mm.<\/p>\n<p>Ce produit couvre environ 100 m pour une grillage \u00e0 torsion simple.<\/p>\n<p>Ce produit est livr\u00e9 jusqu&rsquo;\u00e0 150 km.<\/p>\n<p><em> <\/em><\/p>\n","protected":false},"featured_media":14518,"comment_status":"open","ping_status":"closed","template":"","meta":{"_acf_changed":false,"_joinchat":[]},"product_cat":[422],"product_tag":[],"class_list":["post-15839","product","type-product","status-publish","has-post-thumbnail","hentry","product_cat-bobine-fil-de-fer-grillage-torsion-simple"],"acf":[],"wcpa_form_fields":null,"yoast_head":"<!-- This site is optimized with the Yoast SEO plugin v27.3 - https:\/\/yoast.com\/product\/yoast-seo-wordpress\/ -->\n<title>Bobine fil de fer grillage torsion simple - 25 m Ferros La Pobla<\/title>\n<meta name=\"description\" content=\"Comprar Bobine fil de fer grillage torsion simple - 25 m en Ferros La Pobla. Bobine de fil de fer de 25 m. long, en acier galvanis\u00e9, \u00e9paisseur de 5 mm. Ce produit couvre environ 100 m pour une grillage \u00e0 torsion simple. Ce produit est livr\u00e9 jusqu&#039;\u00e0 150 km.\" \/>\n<meta name=\"robots\" content=\"index, follow, max-snippet:-1, max-image-preview:large, max-video-preview:-1\" \/>\n<link rel=\"canonical\" href=\"https:\/\/ferroslapobla.com\/fr\/bobine-fil-de-fer-grillage-torsion-simple\/bobine-fil-de-fer-grillage-torsion-simple-25m\/\" \/>\n<meta property=\"og:locale\" content=\"fr_FR\" \/>\n<meta property=\"og:type\" content=\"article\" \/>\n<meta property=\"og:title\" content=\"Bobine fil de fer grillage torsion simple - 25 m Ferros La Pobla\" \/>\n<meta property=\"og:description\" content=\"Comprar Bobine fil de fer grillage torsion simple - 25 m en Ferros La Pobla. Bobine de fil de fer de 25 m. long, en acier galvanis\u00e9, \u00e9paisseur de 5 mm. Ce produit couvre environ 100 m pour une grillage \u00e0 torsion simple. Ce produit est livr\u00e9 jusqu&#039;\u00e0 150 km.\" \/>\n<meta property=\"og:url\" content=\"https:\/\/ferroslapobla.com\/fr\/bobine-fil-de-fer-grillage-torsion-simple\/bobine-fil-de-fer-grillage-torsion-simple-25m\/\" \/>\n<meta property=\"og:site_name\" content=\"Ferros La Pobla\" \/>\n<meta property=\"article:publisher\" content=\"https:\/\/www.facebook.com\/ferroslapobla\" \/>\n<meta property=\"og:image\" content=\"https:\/\/ferroslapobla.com\/wp-content\/uploads\/2021\/11\/Rollo_alambre_valla_simple_torsion.jpg\" \/>\n\t<meta property=\"og:image:width\" content=\"578\" \/>\n\t<meta property=\"og:image:height\" content=\"579\" \/>\n\t<meta property=\"og:image:type\" content=\"image\/jpeg\" \/>\n<meta name=\"twitter:card\" content=\"summary_large_image\" \/>\n<meta name=\"twitter:site\" content=\"@FerrosLaPobla\" \/>\n<!-- \/ Yoast SEO plugin. -->","yoast_head_json":{"title":"Bobine fil de fer grillage torsion simple - 25 m Ferros La Pobla","description":"Comprar Bobine fil de fer grillage torsion simple - 25 m en Ferros La Pobla. Bobine de fil de fer de 25 m. long, en acier galvanis\u00e9, \u00e9paisseur de 5 mm. Ce produit couvre environ 100 m pour une grillage \u00e0 torsion simple. Ce produit est livr\u00e9 jusqu'\u00e0 150 km.","robots":{"index":"index","follow":"follow","max-snippet":"max-snippet:-1","max-image-preview":"max-image-preview:large","max-video-preview":"max-video-preview:-1"},"canonical":"https:\/\/ferroslapobla.com\/fr\/bobine-fil-de-fer-grillage-torsion-simple\/bobine-fil-de-fer-grillage-torsion-simple-25m\/","og_locale":"fr_FR","og_type":"article","og_title":"Bobine fil de fer grillage torsion simple - 25 m Ferros La Pobla","og_description":"Comprar Bobine fil de fer grillage torsion simple - 25 m en Ferros La Pobla. Bobine de fil de fer de 25 m. long, en acier galvanis\u00e9, \u00e9paisseur de 5 mm. Ce produit couvre environ 100 m pour une grillage \u00e0 torsion simple. Ce produit est livr\u00e9 jusqu'\u00e0 150 km.","og_url":"https:\/\/ferroslapobla.com\/fr\/bobine-fil-de-fer-grillage-torsion-simple\/bobine-fil-de-fer-grillage-torsion-simple-25m\/","og_site_name":"Ferros La Pobla","article_publisher":"https:\/\/www.facebook.com\/ferroslapobla","og_image":[{"width":578,"height":579,"url":"https:\/\/ferroslapobla.com\/wp-content\/uploads\/2021\/11\/Rollo_alambre_valla_simple_torsion.jpg","type":"image\/jpeg"}],"twitter_card":"summary_large_image","twitter_site":"@FerrosLaPobla","schema":{"@context":"https:\/\/schema.org","@graph":[{"@type":"WebPage","@id":"https:\/\/ferroslapobla.com\/fr\/bobine-fil-de-fer-grillage-torsion-simple\/bobine-fil-de-fer-grillage-torsion-simple-25m\/","url":"https:\/\/ferroslapobla.com\/fr\/bobine-fil-de-fer-grillage-torsion-simple\/bobine-fil-de-fer-grillage-torsion-simple-25m\/","name":"Bobine fil de fer grillage torsion simple - 25 m Ferros La Pobla","isPartOf":{"@id":"https:\/\/ferroslapobla.com\/fr\/#website"},"primaryImageOfPage":{"@id":"https:\/\/ferroslapobla.com\/fr\/bobine-fil-de-fer-grillage-torsion-simple\/bobine-fil-de-fer-grillage-torsion-simple-25m\/#primaryimage"},"image":{"@id":"https:\/\/ferroslapobla.com\/fr\/bobine-fil-de-fer-grillage-torsion-simple\/bobine-fil-de-fer-grillage-torsion-simple-25m\/#primaryimage"},"thumbnailUrl":"https:\/\/ferroslapobla.com\/wp-content\/uploads\/2021\/11\/Rollo_alambre_valla_simple_torsion.jpg","datePublished":"2021-11-15T13:10:10+00:00","description":"Comprar Bobine fil de fer grillage torsion simple - 25 m en Ferros La Pobla. Bobine de fil de fer de 25 m. long, en acier galvanis\u00e9, \u00e9paisseur de 5 mm. Ce produit couvre environ 100 m pour une grillage \u00e0 torsion simple. Ce produit est livr\u00e9 jusqu'\u00e0 150 km.","breadcrumb":{"@id":"https:\/\/ferroslapobla.com\/fr\/bobine-fil-de-fer-grillage-torsion-simple\/bobine-fil-de-fer-grillage-torsion-simple-25m\/#breadcrumb"},"inLanguage":"fr-FR","potentialAction":[{"@type":"ReadAction","target":["https:\/\/ferroslapobla.com\/fr\/bobine-fil-de-fer-grillage-torsion-simple\/bobine-fil-de-fer-grillage-torsion-simple-25m\/"]}]},{"@type":"ImageObject","inLanguage":"fr-FR","@id":"https:\/\/ferroslapobla.com\/fr\/bobine-fil-de-fer-grillage-torsion-simple\/bobine-fil-de-fer-grillage-torsion-simple-25m\/#primaryimage","url":"https:\/\/ferroslapobla.com\/wp-content\/uploads\/2021\/11\/Rollo_alambre_valla_simple_torsion.jpg","contentUrl":"https:\/\/ferroslapobla.com\/wp-content\/uploads\/2021\/11\/Rollo_alambre_valla_simple_torsion.jpg","width":578,"height":579,"caption":"Rollo de alambre para valla de simple torsi\u00f3n - 25 m"},{"@type":"BreadcrumbList","@id":"https:\/\/ferroslapobla.com\/fr\/bobine-fil-de-fer-grillage-torsion-simple\/bobine-fil-de-fer-grillage-torsion-simple-25m\/#breadcrumb","itemListElement":[{"@type":"ListItem","position":1,"name":"Couvrir","item":"https:\/\/ferroslapobla.com\/fr\/"},{"@type":"ListItem","position":2,"name":"Boutique","item":"https:\/\/ferroslapobla.com\/fr\/boutique\/"},{"@type":"ListItem","position":3,"name":"Bobine fil de fer grillage torsion simple &#8211; 25 m"}]},{"@type":"WebSite","@id":"https:\/\/ferroslapobla.com\/fr\/#website","url":"https:\/\/ferroslapobla.com\/fr\/","name":"Ferros La Pobla","description":"Hierro para construcci\u00f3n y elaboraci\u00f3n de ferralla","publisher":{"@id":"https:\/\/ferroslapobla.com\/fr\/#organization"},"potentialAction":[{"@type":"SearchAction","target":{"@type":"EntryPoint","urlTemplate":"https:\/\/ferroslapobla.com\/fr\/?s={search_term_string}"},"query-input":{"@type":"PropertyValueSpecification","valueRequired":true,"valueName":"search_term_string"}}],"inLanguage":"fr-FR"},{"@type":"Organization","@id":"https:\/\/ferroslapobla.com\/fr\/#organization","name":"Ferros La Pobla","url":"https:\/\/ferroslapobla.com\/fr\/","logo":{"@type":"ImageObject","inLanguage":"fr-FR","@id":"https:\/\/ferroslapobla.com\/fr\/#\/schema\/logo\/image\/","url":"https:\/\/ferroslapobla.com\/wp-content\/uploads\/2021\/06\/ferros-logo-azul.png","contentUrl":"https:\/\/ferroslapobla.com\/wp-content\/uploads\/2021\/06\/ferros-logo-azul.png","width":200,"height":100,"caption":"Ferros La Pobla"},"image":{"@id":"https:\/\/ferroslapobla.com\/fr\/#\/schema\/logo\/image\/"},"sameAs":["https:\/\/www.facebook.com\/ferroslapobla","https:\/\/x.com\/FerrosLaPobla","https:\/\/es.linkedin.com\/company\/ferros-la-pobla-s-a-","https:\/\/www.youtube.com\/channel\/UCpZCp1qFlzS2ZNogeeNaBzw"]}]}},"_links":{"self":[{"href":"https:\/\/ferroslapobla.com\/fr\/wp-json\/wp\/v2\/product\/15839","targetHints":{"allow":["GET"]}}],"collection":[{"href":"https:\/\/ferroslapobla.com\/fr\/wp-json\/wp\/v2\/product"}],"about":[{"href":"https:\/\/ferroslapobla.com\/fr\/wp-json\/wp\/v2\/types\/product"}],"replies":[{"embeddable":true,"href":"https:\/\/ferroslapobla.com\/fr\/wp-json\/wp\/v2\/comments?post=15839"}],"version-history":[{"count":0,"href":"https:\/\/ferroslapobla.com\/fr\/wp-json\/wp\/v2\/product\/15839\/revisions"}],"wp:featuredmedia":[{"embeddable":true,"href":"https:\/\/ferroslapobla.com\/fr\/wp-json\/wp\/v2\/media\/14518"}],"wp:attachment":[{"href":"https:\/\/ferroslapobla.com\/fr\/wp-json\/wp\/v2\/media?parent=15839"}],"wp:term":[{"taxonomy":"product_cat","embeddable":true,"href":"https:\/\/ferroslapobla.com\/fr\/wp-json\/wp\/v2\/product_cat?post=15839"},{"taxonomy":"product_tag","embeddable":true,"href":"https:\/\/ferroslapobla.com\/fr\/wp-json\/wp\/v2\/product_tag?post=15839"}],"curies":[{"name":"wp","href":"https:\/\/api.w.org\/{rel}","templated":true}]}}