{"id":15815,"date":"2021-11-15T10:15:31","date_gmt":"2021-11-15T09:15:31","guid":{"rendered":"https:\/\/ferroslapobla.com\/non class\u00e9\/etriers-25x25-cm-o8-lot-de-20-unites\/"},"modified":"2021-11-15T10:15:31","modified_gmt":"2021-11-15T09:15:31","slug":"etriers-25x25-diametre-8-lot-20-unite","status":"publish","type":"product","link":"https:\/\/ferroslapobla.com\/fr\/etriers\/etriers-25x25-diametre-8-lot-20-unite\/","title":{"rendered":"\u00c9triers &#8211; 25&#215;25 cm \u00d88 (Lot de 20 unit\u00e9s)"},"content":{"rendered":"","protected":false},"excerpt":{"rendered":"<p>Lot d&rsquo;\u00e9triers en acier \u00e0 nervures centrales utilis\u00e9s pour les structures de construction et les joints de ferraillage arm\u00e9.<\/p>\n<p>Caract\u00e9ristiques :<\/p>\n<ul>\n<li>Quadrillage et 25\u00d725 cm. (\u00e9galement disponible en <a href=\"https:\/\/ferroslapobla.com\/product\/estribos-20x20-o8-pack-de-20-unidades\/\">20&#215;20<\/a> y <a href=\"https:\/\/ferroslapobla.com\/product\/estribos-30x30-o8-pack-de-20-unidades\/\">30&#215;30<\/a>).<\/li>\n<li>Diam\u00e8tre 8.<\/li>\n<li>Lot de 20 unit\u00e9s.<\/li>\n<\/ul>\n<p>Ce produit peut \u00eatre livr\u00e9 jusqu&rsquo;\u00e0 150 km de distance.<\/p>\n<p><em>*D\u2019autres options ou d\u00e9coupes sur mesure sur demande.<\/em><\/p>\n<p><em> <\/em><\/p>\n","protected":false},"featured_media":14999,"comment_status":"open","ping_status":"closed","template":"","meta":{"_acf_changed":false,"_joinchat":[]},"product_cat":[402],"product_tag":[],"class_list":["post-15815","product","type-product","status-publish","has-post-thumbnail","hentry","product_cat-etriers"],"acf":[],"wcpa_form_fields":null,"yoast_head":"<!-- This site is optimized with the Yoast SEO plugin v27.3 - https:\/\/yoast.com\/product\/yoast-seo-wordpress\/ -->\n<title>\u00c9triers - 25x25 cm \u00d88 (Lot de 20 unit\u00e9s) Ferros La Pobla<\/title>\n<meta name=\"description\" content=\"Comprar \u00c9triers - 25x25 cm \u00d88 (Lot de 20 unit\u00e9s) en Ferros La Pobla. Lot d&#039;\u00e9triers en acier \u00e0 nervures centrales utilis\u00e9s pour les structures de construction et les joints de ferraillage arm\u00e9. Caract\u00e9ristiques :  Quadrillage et 25\u00d725 cm. (\u00e9galement disponible en 20x20 y 30x30).  Diam\u00e8tre 8.  Lot de 20 unit\u00e9s. Ce produit peut \u00eatre livr\u00e9 jusqu&#039;\u00e0 150 km de distance. *D\u2019autres options ou d\u00e9coupes sur mesure sur demande.\" \/>\n<meta name=\"robots\" content=\"index, follow, max-snippet:-1, max-image-preview:large, max-video-preview:-1\" \/>\n<link rel=\"canonical\" href=\"https:\/\/ferroslapobla.com\/fr\/etriers\/etriers-25x25-diametre-8-lot-20-unite\/\" \/>\n<meta property=\"og:locale\" content=\"fr_FR\" \/>\n<meta property=\"og:type\" content=\"article\" \/>\n<meta property=\"og:title\" content=\"\u00c9triers - 25x25 cm \u00d88 (Lot de 20 unit\u00e9s) Ferros La Pobla\" \/>\n<meta property=\"og:description\" content=\"Comprar \u00c9triers - 25x25 cm \u00d88 (Lot de 20 unit\u00e9s) en Ferros La Pobla. Lot d&#039;\u00e9triers en acier \u00e0 nervures centrales utilis\u00e9s pour les structures de construction et les joints de ferraillage arm\u00e9. Caract\u00e9ristiques :  Quadrillage et 25\u00d725 cm. (\u00e9galement disponible en 20x20 y 30x30).  Diam\u00e8tre 8.  Lot de 20 unit\u00e9s. Ce produit peut \u00eatre livr\u00e9 jusqu&#039;\u00e0 150 km de distance. *D\u2019autres options ou d\u00e9coupes sur mesure sur demande.\" \/>\n<meta property=\"og:url\" content=\"https:\/\/ferroslapobla.com\/fr\/etriers\/etriers-25x25-diametre-8-lot-20-unite\/\" \/>\n<meta property=\"og:site_name\" content=\"Ferros La Pobla\" \/>\n<meta property=\"article:publisher\" content=\"https:\/\/www.facebook.com\/ferroslapobla\" \/>\n<meta property=\"og:image\" content=\"https:\/\/ferroslapobla.com\/wp-content\/uploads\/2021\/11\/Estribos-25x25-300x300-1.jpg\" \/>\n\t<meta property=\"og:image:width\" content=\"578\" \/>\n\t<meta property=\"og:image:height\" content=\"579\" \/>\n\t<meta property=\"og:image:type\" content=\"image\/jpeg\" \/>\n<meta name=\"twitter:card\" content=\"summary_large_image\" \/>\n<meta name=\"twitter:site\" content=\"@FerrosLaPobla\" \/>\n<!-- \/ Yoast SEO plugin. -->","yoast_head_json":{"title":"\u00c9triers - 25x25 cm \u00d88 (Lot de 20 unit\u00e9s) Ferros La Pobla","description":"Comprar \u00c9triers - 25x25 cm \u00d88 (Lot de 20 unit\u00e9s) en Ferros La Pobla. Lot d'\u00e9triers en acier \u00e0 nervures centrales utilis\u00e9s pour les structures de construction et les joints de ferraillage arm\u00e9. Caract\u00e9ristiques :  Quadrillage et 25\u00d725 cm. (\u00e9galement disponible en 20x20 y 30x30).  Diam\u00e8tre 8.  Lot de 20 unit\u00e9s. Ce produit peut \u00eatre livr\u00e9 jusqu'\u00e0 150 km de distance. *D\u2019autres options ou d\u00e9coupes sur mesure sur demande.","robots":{"index":"index","follow":"follow","max-snippet":"max-snippet:-1","max-image-preview":"max-image-preview:large","max-video-preview":"max-video-preview:-1"},"canonical":"https:\/\/ferroslapobla.com\/fr\/etriers\/etriers-25x25-diametre-8-lot-20-unite\/","og_locale":"fr_FR","og_type":"article","og_title":"\u00c9triers - 25x25 cm \u00d88 (Lot de 20 unit\u00e9s) Ferros La Pobla","og_description":"Comprar \u00c9triers - 25x25 cm \u00d88 (Lot de 20 unit\u00e9s) en Ferros La Pobla. Lot d'\u00e9triers en acier \u00e0 nervures centrales utilis\u00e9s pour les structures de construction et les joints de ferraillage arm\u00e9. Caract\u00e9ristiques :  Quadrillage et 25\u00d725 cm. (\u00e9galement disponible en 20x20 y 30x30).  Diam\u00e8tre 8.  Lot de 20 unit\u00e9s. Ce produit peut \u00eatre livr\u00e9 jusqu'\u00e0 150 km de distance. *D\u2019autres options ou d\u00e9coupes sur mesure sur demande.","og_url":"https:\/\/ferroslapobla.com\/fr\/etriers\/etriers-25x25-diametre-8-lot-20-unite\/","og_site_name":"Ferros La Pobla","article_publisher":"https:\/\/www.facebook.com\/ferroslapobla","og_image":[{"width":578,"height":579,"url":"https:\/\/ferroslapobla.com\/wp-content\/uploads\/2021\/11\/Estribos-25x25-300x300-1.jpg","type":"image\/jpeg"}],"twitter_card":"summary_large_image","twitter_site":"@FerrosLaPobla","schema":{"@context":"https:\/\/schema.org","@graph":[{"@type":"WebPage","@id":"https:\/\/ferroslapobla.com\/fr\/etriers\/etriers-25x25-diametre-8-lot-20-unite\/","url":"https:\/\/ferroslapobla.com\/fr\/etriers\/etriers-25x25-diametre-8-lot-20-unite\/","name":"\u00c9triers - 25x25 cm \u00d88 (Lot de 20 unit\u00e9s) Ferros La Pobla","isPartOf":{"@id":"https:\/\/ferroslapobla.com\/fr\/#website"},"primaryImageOfPage":{"@id":"https:\/\/ferroslapobla.com\/fr\/etriers\/etriers-25x25-diametre-8-lot-20-unite\/#primaryimage"},"image":{"@id":"https:\/\/ferroslapobla.com\/fr\/etriers\/etriers-25x25-diametre-8-lot-20-unite\/#primaryimage"},"thumbnailUrl":"https:\/\/ferroslapobla.com\/wp-content\/uploads\/2021\/11\/Estribos-25x25-300x300-1.jpg","datePublished":"2021-11-15T09:15:31+00:00","description":"Comprar \u00c9triers - 25x25 cm \u00d88 (Lot de 20 unit\u00e9s) en Ferros La Pobla. Lot d'\u00e9triers en acier \u00e0 nervures centrales utilis\u00e9s pour les structures de construction et les joints de ferraillage arm\u00e9. Caract\u00e9ristiques : Quadrillage et 25\u00d725 cm. (\u00e9galement disponible en 20x20 y 30x30). Diam\u00e8tre 8. Lot de 20 unit\u00e9s. Ce produit peut \u00eatre livr\u00e9 jusqu'\u00e0 150 km de distance. *D\u2019autres options ou d\u00e9coupes sur mesure sur demande.","breadcrumb":{"@id":"https:\/\/ferroslapobla.com\/fr\/etriers\/etriers-25x25-diametre-8-lot-20-unite\/#breadcrumb"},"inLanguage":"fr-FR","potentialAction":[{"@type":"ReadAction","target":["https:\/\/ferroslapobla.com\/fr\/etriers\/etriers-25x25-diametre-8-lot-20-unite\/"]}]},{"@type":"ImageObject","inLanguage":"fr-FR","@id":"https:\/\/ferroslapobla.com\/fr\/etriers\/etriers-25x25-diametre-8-lot-20-unite\/#primaryimage","url":"https:\/\/ferroslapobla.com\/wp-content\/uploads\/2021\/11\/Estribos-25x25-300x300-1.jpg","contentUrl":"https:\/\/ferroslapobla.com\/wp-content\/uploads\/2021\/11\/Estribos-25x25-300x300-1.jpg","width":578,"height":579,"caption":"Estribos-25x25-300x300"},{"@type":"BreadcrumbList","@id":"https:\/\/ferroslapobla.com\/fr\/etriers\/etriers-25x25-diametre-8-lot-20-unite\/#breadcrumb","itemListElement":[{"@type":"ListItem","position":1,"name":"Couvrir","item":"https:\/\/ferroslapobla.com\/fr\/"},{"@type":"ListItem","position":2,"name":"Boutique","item":"https:\/\/ferroslapobla.com\/fr\/boutique\/"},{"@type":"ListItem","position":3,"name":"\u00c9triers &#8211; 25&#215;25 cm \u00d88 (Lot de 20 unit\u00e9s)"}]},{"@type":"WebSite","@id":"https:\/\/ferroslapobla.com\/fr\/#website","url":"https:\/\/ferroslapobla.com\/fr\/","name":"Ferros La Pobla","description":"Hierro para construcci\u00f3n y elaboraci\u00f3n de ferralla","publisher":{"@id":"https:\/\/ferroslapobla.com\/fr\/#organization"},"potentialAction":[{"@type":"SearchAction","target":{"@type":"EntryPoint","urlTemplate":"https:\/\/ferroslapobla.com\/fr\/?s={search_term_string}"},"query-input":{"@type":"PropertyValueSpecification","valueRequired":true,"valueName":"search_term_string"}}],"inLanguage":"fr-FR"},{"@type":"Organization","@id":"https:\/\/ferroslapobla.com\/fr\/#organization","name":"Ferros La Pobla","url":"https:\/\/ferroslapobla.com\/fr\/","logo":{"@type":"ImageObject","inLanguage":"fr-FR","@id":"https:\/\/ferroslapobla.com\/fr\/#\/schema\/logo\/image\/","url":"https:\/\/ferroslapobla.com\/wp-content\/uploads\/2021\/06\/ferros-logo-azul.png","contentUrl":"https:\/\/ferroslapobla.com\/wp-content\/uploads\/2021\/06\/ferros-logo-azul.png","width":200,"height":100,"caption":"Ferros La Pobla"},"image":{"@id":"https:\/\/ferroslapobla.com\/fr\/#\/schema\/logo\/image\/"},"sameAs":["https:\/\/www.facebook.com\/ferroslapobla","https:\/\/x.com\/FerrosLaPobla","https:\/\/es.linkedin.com\/company\/ferros-la-pobla-s-a-","https:\/\/www.youtube.com\/channel\/UCpZCp1qFlzS2ZNogeeNaBzw"]}]}},"_links":{"self":[{"href":"https:\/\/ferroslapobla.com\/fr\/wp-json\/wp\/v2\/product\/15815","targetHints":{"allow":["GET"]}}],"collection":[{"href":"https:\/\/ferroslapobla.com\/fr\/wp-json\/wp\/v2\/product"}],"about":[{"href":"https:\/\/ferroslapobla.com\/fr\/wp-json\/wp\/v2\/types\/product"}],"replies":[{"embeddable":true,"href":"https:\/\/ferroslapobla.com\/fr\/wp-json\/wp\/v2\/comments?post=15815"}],"version-history":[{"count":0,"href":"https:\/\/ferroslapobla.com\/fr\/wp-json\/wp\/v2\/product\/15815\/revisions"}],"wp:featuredmedia":[{"embeddable":true,"href":"https:\/\/ferroslapobla.com\/fr\/wp-json\/wp\/v2\/media\/14999"}],"wp:attachment":[{"href":"https:\/\/ferroslapobla.com\/fr\/wp-json\/wp\/v2\/media?parent=15815"}],"wp:term":[{"taxonomy":"product_cat","embeddable":true,"href":"https:\/\/ferroslapobla.com\/fr\/wp-json\/wp\/v2\/product_cat?post=15815"},{"taxonomy":"product_tag","embeddable":true,"href":"https:\/\/ferroslapobla.com\/fr\/wp-json\/wp\/v2\/product_tag?post=15815"}],"curies":[{"name":"wp","href":"https:\/\/api.w.org\/{rel}","templated":true}]}}