{"id":15783,"date":"2021-11-30T09:36:14","date_gmt":"2021-11-30T08:36:14","guid":{"rendered":"https:\/\/ferroslapobla.com\/non%20class\u00e9\/tige-en-fer-a-nervures-centrales-o-16-mm\/"},"modified":"2022-09-12T07:24:28","modified_gmt":"2022-09-12T06:24:28","slug":"rond-a-beton-16mm","status":"publish","type":"product","link":"https:\/\/ferroslapobla.com\/fr\/rond-a-beton\/rond-a-beton-16mm\/","title":{"rendered":"Rond \u00e0 b\u00e9ton &#8211; \u00d8 16 mm"},"content":{"rendered":"","protected":false},"excerpt":{"rendered":"<p>Rond \u00e0 b\u00e9ton en stock permanent d&rsquo;un diam\u00e8tre de 16 mm. et un poids de 1,63 kg\/m.<\/p>\n<p>Barres de 6 m. (pour des barres de 12 m., veuillez nous consulter).<\/p>\n<div class=\"woocommerce-product-details__short-description\">\n<p>Disponibles en ligne en diff\u00e9rents <a href=\"https:\/\/ferroslapobla.com\/product-category\/varilla-acero-corrugado\/\">diam\u00e8tres<\/a> et coup\u00e9s sur mesure. Possibilit\u00e9 de pliage sur demande.<\/p>\n<p>Ce produit peut \u00eatre livr\u00e9 jusqu&rsquo;\u00e0 150 km de distance.<\/p>\n<p><em>*D\u2019autres options sur demande.<\/em><\/p>\n<\/div>\n","protected":false},"featured_media":16383,"comment_status":"open","ping_status":"closed","template":"","meta":{"_acf_changed":false,"_joinchat":[]},"product_cat":[440],"product_tag":[],"class_list":["post-15783","product","type-product","status-publish","has-post-thumbnail","hentry","product_cat-rond-a-beton","wcpa_has_options"],"acf":[],"wcpa_form_fields":{"rules":{"pric_overide_base_price":false,"pric_overide_base_price_if_gt_zero":false,"pric_overide_base_price_fully":true,"pric_cal_option_once":false,"pric_use_as_fee":false,"bind_quantity":false,"quantity_bind_formula":false},"fields":[{"type":"hidden","label":"Precio acero","elementId":"wcpa-hidden-1641806373661","value":"1250","name":"precioAcero-1641806373660","col":6,"relations":[],"form_id":9724,"form_rules":{"pric_cal_option_once":false,"exclude_from_discount":false,"pric_use_as_fee":false,"fee_label":"Fee","render_after_acb":false,"disp_hide_options_price":false}},{"type":"hidden","label":"Peso por di\u00e1metro","elementId":"wcpa-hidden-61dc506a368e2","value":"1.63","name":"hidden-61dc506a368f3","col":6,"relations":[],"form_id":9724,"form_rules":{"pric_cal_option_once":false,"exclude_from_discount":false,"pric_use_as_fee":false,"fee_label":"Fee","render_after_acb":false,"disp_hide_options_price":false}},{"type":"number","required":true,"elementId":"wcpa-number-61dc506a368fe","label":"\u00bfQu\u00e9 longitud necesitas (cm)?","description":"min. 20 cm \/ max. 600 cm","value":"20","enablePrice":true,"pricingType":"custom","price":"((({value}\/100)*{field.wcpa-hidden-61dc506a368e2.value})\/1000)*{field.wcpa-hidden-1641806373661.value}","min":"20","max":"600","step":"1","name":"number-61dc506a36909","mapToCheckoutFieldParent":"billing","mapToCheckoutField":"billing_first_name","cl_rule":"show","requiredError":"\u00a1Debes elegir la longitud que necesitas!","minValueError":"El valor m\u00ednimo es 20cm","maxValueError":"El valor m\u00e1ximo es 600cm","col":6,"relations":false,"form_id":9724,"form_rules":{"pric_cal_option_once":false,"exclude_from_discount":false,"pric_use_as_fee":false,"fee_label":"Fee","render_after_acb":false,"disp_hide_options_price":false}}]},"yoast_head":"<!-- This site is optimized with the Yoast SEO plugin v27.3 - https:\/\/yoast.com\/product\/yoast-seo-wordpress\/ -->\n<title>Rond \u00e0 b\u00e9ton - \u00d8 16 mm Ferros La Pobla<\/title>\n<meta name=\"description\" content=\"Comprar Rond \u00e0 b\u00e9ton - \u00d8 16 mm en Ferros La Pobla. Rond \u00e0 b\u00e9ton en stock permanent d&#039;un diam\u00e8tre de 16 mm. et un poids de 1,63 kg\/m. Barres de 6 m. (pour des barres de 12 m., veuillez nous consulter).  Disponibles en ligne en diff\u00e9rents diam\u00e8tres et coup\u00e9s sur mesure. Possibilit\u00e9 de pliage sur demande. Ce produit peut \u00eatre livr\u00e9 jusqu&#039;\u00e0 150 km de distance. *D\u2019autres options sur demande.\" \/>\n<meta name=\"robots\" content=\"index, follow, max-snippet:-1, max-image-preview:large, max-video-preview:-1\" \/>\n<link rel=\"canonical\" href=\"https:\/\/ferroslapobla.com\/fr\/rond-a-beton\/rond-a-beton-16mm\/\" \/>\n<meta property=\"og:locale\" content=\"fr_FR\" \/>\n<meta property=\"og:type\" content=\"article\" \/>\n<meta property=\"og:title\" content=\"Rond \u00e0 b\u00e9ton - \u00d8 16 mm Ferros La Pobla\" \/>\n<meta property=\"og:description\" content=\"Comprar Rond \u00e0 b\u00e9ton - \u00d8 16 mm en Ferros La Pobla. Rond \u00e0 b\u00e9ton en stock permanent d&#039;un diam\u00e8tre de 16 mm. et un poids de 1,63 kg\/m. Barres de 6 m. (pour des barres de 12 m., veuillez nous consulter).  Disponibles en ligne en diff\u00e9rents diam\u00e8tres et coup\u00e9s sur mesure. Possibilit\u00e9 de pliage sur demande. Ce produit peut \u00eatre livr\u00e9 jusqu&#039;\u00e0 150 km de distance. *D\u2019autres options sur demande.\" \/>\n<meta property=\"og:url\" content=\"https:\/\/ferroslapobla.com\/fr\/rond-a-beton\/rond-a-beton-16mm\/\" \/>\n<meta property=\"og:site_name\" content=\"Ferros La Pobla\" \/>\n<meta property=\"article:publisher\" content=\"https:\/\/www.facebook.com\/ferroslapobla\" \/>\n<meta property=\"article:modified_time\" content=\"2022-09-12T06:24:28+00:00\" \/>\n<meta property=\"og:image\" content=\"https:\/\/ferroslapobla.com\/wp-content\/uploads\/2021\/11\/Varilla-acero-16mm.jpg\" \/>\n\t<meta property=\"og:image:width\" content=\"578\" \/>\n\t<meta property=\"og:image:height\" content=\"579\" \/>\n\t<meta property=\"og:image:type\" content=\"image\/jpeg\" \/>\n<meta name=\"twitter:card\" content=\"summary_large_image\" \/>\n<meta name=\"twitter:site\" content=\"@FerrosLaPobla\" \/>\n<!-- \/ Yoast SEO plugin. -->","yoast_head_json":{"title":"Rond \u00e0 b\u00e9ton - \u00d8 16 mm Ferros La Pobla","description":"Comprar Rond \u00e0 b\u00e9ton - \u00d8 16 mm en Ferros La Pobla. Rond \u00e0 b\u00e9ton en stock permanent d'un diam\u00e8tre de 16 mm. et un poids de 1,63 kg\/m. Barres de 6 m. (pour des barres de 12 m., veuillez nous consulter).  Disponibles en ligne en diff\u00e9rents diam\u00e8tres et coup\u00e9s sur mesure. Possibilit\u00e9 de pliage sur demande. Ce produit peut \u00eatre livr\u00e9 jusqu'\u00e0 150 km de distance. *D\u2019autres options sur demande.","robots":{"index":"index","follow":"follow","max-snippet":"max-snippet:-1","max-image-preview":"max-image-preview:large","max-video-preview":"max-video-preview:-1"},"canonical":"https:\/\/ferroslapobla.com\/fr\/rond-a-beton\/rond-a-beton-16mm\/","og_locale":"fr_FR","og_type":"article","og_title":"Rond \u00e0 b\u00e9ton - \u00d8 16 mm Ferros La Pobla","og_description":"Comprar Rond \u00e0 b\u00e9ton - \u00d8 16 mm en Ferros La Pobla. Rond \u00e0 b\u00e9ton en stock permanent d'un diam\u00e8tre de 16 mm. et un poids de 1,63 kg\/m. Barres de 6 m. (pour des barres de 12 m., veuillez nous consulter).  Disponibles en ligne en diff\u00e9rents diam\u00e8tres et coup\u00e9s sur mesure. Possibilit\u00e9 de pliage sur demande. Ce produit peut \u00eatre livr\u00e9 jusqu'\u00e0 150 km de distance. *D\u2019autres options sur demande.","og_url":"https:\/\/ferroslapobla.com\/fr\/rond-a-beton\/rond-a-beton-16mm\/","og_site_name":"Ferros La Pobla","article_publisher":"https:\/\/www.facebook.com\/ferroslapobla","article_modified_time":"2022-09-12T06:24:28+00:00","og_image":[{"width":578,"height":579,"url":"https:\/\/ferroslapobla.com\/wp-content\/uploads\/2021\/11\/Varilla-acero-16mm.jpg","type":"image\/jpeg"}],"twitter_card":"summary_large_image","twitter_site":"@FerrosLaPobla","schema":{"@context":"https:\/\/schema.org","@graph":[{"@type":"WebPage","@id":"https:\/\/ferroslapobla.com\/fr\/rond-a-beton\/rond-a-beton-16mm\/","url":"https:\/\/ferroslapobla.com\/fr\/rond-a-beton\/rond-a-beton-16mm\/","name":"Rond \u00e0 b\u00e9ton - \u00d8 16 mm Ferros La Pobla","isPartOf":{"@id":"https:\/\/ferroslapobla.com\/fr\/#website"},"primaryImageOfPage":{"@id":"https:\/\/ferroslapobla.com\/fr\/rond-a-beton\/rond-a-beton-16mm\/#primaryimage"},"image":{"@id":"https:\/\/ferroslapobla.com\/fr\/rond-a-beton\/rond-a-beton-16mm\/#primaryimage"},"thumbnailUrl":"https:\/\/ferroslapobla.com\/wp-content\/uploads\/2021\/11\/Varilla-acero-16mm.jpg","datePublished":"2021-11-30T08:36:14+00:00","dateModified":"2022-09-12T06:24:28+00:00","description":"Comprar Rond \u00e0 b\u00e9ton - \u00d8 16 mm en Ferros La Pobla. Rond \u00e0 b\u00e9ton en stock permanent d'un diam\u00e8tre de 16 mm. et un poids de 1,63 kg\/m. Barres de 6 m. (pour des barres de 12 m., veuillez nous consulter). Disponibles en ligne en diff\u00e9rents diam\u00e8tres et coup\u00e9s sur mesure. Possibilit\u00e9 de pliage sur demande. Ce produit peut \u00eatre livr\u00e9 jusqu'\u00e0 150 km de distance. *D\u2019autres options sur demande.","breadcrumb":{"@id":"https:\/\/ferroslapobla.com\/fr\/rond-a-beton\/rond-a-beton-16mm\/#breadcrumb"},"inLanguage":"fr-FR","potentialAction":[{"@type":"ReadAction","target":["https:\/\/ferroslapobla.com\/fr\/rond-a-beton\/rond-a-beton-16mm\/"]}]},{"@type":"ImageObject","inLanguage":"fr-FR","@id":"https:\/\/ferroslapobla.com\/fr\/rond-a-beton\/rond-a-beton-16mm\/#primaryimage","url":"https:\/\/ferroslapobla.com\/wp-content\/uploads\/2021\/11\/Varilla-acero-16mm.jpg","contentUrl":"https:\/\/ferroslapobla.com\/wp-content\/uploads\/2021\/11\/Varilla-acero-16mm.jpg","width":578,"height":579,"caption":"Varilla acero corrugado - \u00d8 16 mm"},{"@type":"BreadcrumbList","@id":"https:\/\/ferroslapobla.com\/fr\/rond-a-beton\/rond-a-beton-16mm\/#breadcrumb","itemListElement":[{"@type":"ListItem","position":1,"name":"Couvrir","item":"https:\/\/ferroslapobla.com\/fr\/"},{"@type":"ListItem","position":2,"name":"Boutique","item":"https:\/\/ferroslapobla.com\/fr\/boutique\/"},{"@type":"ListItem","position":3,"name":"Rond \u00e0 b\u00e9ton &#8211; \u00d8 16 mm"}]},{"@type":"WebSite","@id":"https:\/\/ferroslapobla.com\/fr\/#website","url":"https:\/\/ferroslapobla.com\/fr\/","name":"Ferros La Pobla","description":"Hierro para construcci\u00f3n y elaboraci\u00f3n de ferralla","publisher":{"@id":"https:\/\/ferroslapobla.com\/fr\/#organization"},"potentialAction":[{"@type":"SearchAction","target":{"@type":"EntryPoint","urlTemplate":"https:\/\/ferroslapobla.com\/fr\/?s={search_term_string}"},"query-input":{"@type":"PropertyValueSpecification","valueRequired":true,"valueName":"search_term_string"}}],"inLanguage":"fr-FR"},{"@type":"Organization","@id":"https:\/\/ferroslapobla.com\/fr\/#organization","name":"Ferros La Pobla","url":"https:\/\/ferroslapobla.com\/fr\/","logo":{"@type":"ImageObject","inLanguage":"fr-FR","@id":"https:\/\/ferroslapobla.com\/fr\/#\/schema\/logo\/image\/","url":"https:\/\/ferroslapobla.com\/wp-content\/uploads\/2021\/06\/ferros-logo-azul.png","contentUrl":"https:\/\/ferroslapobla.com\/wp-content\/uploads\/2021\/06\/ferros-logo-azul.png","width":200,"height":100,"caption":"Ferros La Pobla"},"image":{"@id":"https:\/\/ferroslapobla.com\/fr\/#\/schema\/logo\/image\/"},"sameAs":["https:\/\/www.facebook.com\/ferroslapobla","https:\/\/x.com\/FerrosLaPobla","https:\/\/es.linkedin.com\/company\/ferros-la-pobla-s-a-","https:\/\/www.youtube.com\/channel\/UCpZCp1qFlzS2ZNogeeNaBzw"]}]}},"_links":{"self":[{"href":"https:\/\/ferroslapobla.com\/fr\/wp-json\/wp\/v2\/product\/15783","targetHints":{"allow":["GET"]}}],"collection":[{"href":"https:\/\/ferroslapobla.com\/fr\/wp-json\/wp\/v2\/product"}],"about":[{"href":"https:\/\/ferroslapobla.com\/fr\/wp-json\/wp\/v2\/types\/product"}],"replies":[{"embeddable":true,"href":"https:\/\/ferroslapobla.com\/fr\/wp-json\/wp\/v2\/comments?post=15783"}],"version-history":[{"count":0,"href":"https:\/\/ferroslapobla.com\/fr\/wp-json\/wp\/v2\/product\/15783\/revisions"}],"wp:featuredmedia":[{"embeddable":true,"href":"https:\/\/ferroslapobla.com\/fr\/wp-json\/wp\/v2\/media\/16383"}],"wp:attachment":[{"href":"https:\/\/ferroslapobla.com\/fr\/wp-json\/wp\/v2\/media?parent=15783"}],"wp:term":[{"taxonomy":"product_cat","embeddable":true,"href":"https:\/\/ferroslapobla.com\/fr\/wp-json\/wp\/v2\/product_cat?post=15783"},{"taxonomy":"product_tag","embeddable":true,"href":"https:\/\/ferroslapobla.com\/fr\/wp-json\/wp\/v2\/product_tag?post=15783"}],"curies":[{"name":"wp","href":"https:\/\/api.w.org\/{rel}","templated":true}]}}