{"id":15778,"date":"2021-11-05T14:35:52","date_gmt":"2021-11-05T13:35:52","guid":{"rendered":"https:\/\/ferroslapobla.com\/non class\u00e9\/armature-de-renfort-pour-le-beton-en-anneaux-20x20-cm-o-12-mm-l-3-m\/"},"modified":"2024-03-01T00:00:35","modified_gmt":"2024-02-29T23:00:35","slug":"armature-de-renfort-20x20-cm-diametre-12mm-longueur-3m","status":"publish","type":"product","link":"https:\/\/ferroslapobla.com\/fr\/bandes\/armature-de-renfort-20x20-cm-diametre-12mm-longueur-3m\/","title":{"rendered":"Armature de renfort pour le b\u00e9ton en anneaux &#8211; 20&#215;20 cm &#8211; \u00d8 12 mm L 3 m"},"content":{"rendered":"","protected":false},"excerpt":{"rendered":"<p>Armature de renfort en anneaux en acier B500SD en stock permanent, pr\u00eate \u00e0 \u00eatre collect\u00e9e. Elle est compos\u00e9e de quatre tiges de 12 mm de diam\u00e8tre avec des \u00e9triers de diam\u00e8tre 8 tous les 30 cm, un quadrillage de 20\u00d720 cm et une longueur de 3 m. Il p\u00e8se 17,88 kg.<\/p>\n<p>Pour voir d\u2019autres autres mod\u00e8les, cliquez <a href=\"https:\/\/ferroslapobla.com\/product-category\/zunchos\/\">ici<\/a>.<\/p>\n<p>Nous livrons tous les formats jusqu&rsquo;\u00e0 150 km de distance.<\/p>\n<p><em>*D\u2019autres tailles sur demande.<\/em><\/p>\n<p>&nbsp;<\/p>\n<p>&nbsp;<\/p>\n<p>&nbsp;<\/p>\n","protected":false},"featured_media":15093,"comment_status":"open","ping_status":"closed","template":"","meta":{"_acf_changed":false,"_joinchat":[]},"product_cat":[442],"product_tag":[],"class_list":["post-15778","product","type-product","status-publish","has-post-thumbnail","hentry","product_cat-bandes"],"acf":[],"wcpa_form_fields":null,"yoast_head":"<!-- This site is optimized with the Yoast SEO plugin v27.3 - https:\/\/yoast.com\/product\/yoast-seo-wordpress\/ -->\n<title>Armature de renfort pour le b\u00e9ton en anneaux - 20x20 cm - \u00d8 12 mm L 3 m Ferros La Pobla<\/title>\n<meta name=\"description\" content=\"Comprar Armature de renfort pour le b\u00e9ton en anneaux - 20x20 cm - \u00d8 12 mm L 3 m en Ferros La Pobla. Armature de renfort en anneaux en acier B500SD en stock permanent, pr\u00eate \u00e0 \u00eatre collect\u00e9e. Elle est compos\u00e9e de quatre tiges de 12 mm de diam\u00e8tre avec des \u00e9triers de diam\u00e8tre 8 tous les 30 cm, un quadrillage de 20\u00d720 cm et une longueur de 3 m. Il p\u00e8se 17,88 kg. Pour voir d\u2019autres autres mod\u00e8les, cliquez ici. Nous livrons tous les formats jusqu&#039;\u00e0 150 km de distance. *D\u2019autres tailles sur demande. &nbsp; &nbsp; &nbsp;\" \/>\n<meta name=\"robots\" content=\"index, follow, max-snippet:-1, max-image-preview:large, max-video-preview:-1\" \/>\n<link rel=\"canonical\" href=\"https:\/\/ferroslapobla.com\/fr\/bandes\/armature-de-renfort-20x20-cm-diametre-12mm-longueur-3m\/\" \/>\n<meta property=\"og:locale\" content=\"fr_FR\" \/>\n<meta property=\"og:type\" content=\"article\" \/>\n<meta property=\"og:title\" content=\"Armature de renfort pour le b\u00e9ton en anneaux - 20x20 cm - \u00d8 12 mm L 3 m Ferros La Pobla\" \/>\n<meta property=\"og:description\" content=\"Comprar Armature de renfort pour le b\u00e9ton en anneaux - 20x20 cm - \u00d8 12 mm L 3 m en Ferros La Pobla. Armature de renfort en anneaux en acier B500SD en stock permanent, pr\u00eate \u00e0 \u00eatre collect\u00e9e. Elle est compos\u00e9e de quatre tiges de 12 mm de diam\u00e8tre avec des \u00e9triers de diam\u00e8tre 8 tous les 30 cm, un quadrillage de 20\u00d720 cm et une longueur de 3 m. Il p\u00e8se 17,88 kg. Pour voir d\u2019autres autres mod\u00e8les, cliquez ici. Nous livrons tous les formats jusqu&#039;\u00e0 150 km de distance. *D\u2019autres tailles sur demande. &nbsp; &nbsp; &nbsp;\" \/>\n<meta property=\"og:url\" content=\"https:\/\/ferroslapobla.com\/fr\/bandes\/armature-de-renfort-20x20-cm-diametre-12mm-longueur-3m\/\" \/>\n<meta property=\"og:site_name\" content=\"Ferros La Pobla\" \/>\n<meta property=\"article:publisher\" content=\"https:\/\/www.facebook.com\/ferroslapobla\" \/>\n<meta property=\"article:modified_time\" content=\"2024-02-29T23:00:35+00:00\" \/>\n<meta property=\"og:image\" content=\"https:\/\/ferroslapobla.com\/wp-content\/uploads\/2021\/11\/20x20x12x3-300x300-1.jpg\" \/>\n\t<meta property=\"og:image:width\" content=\"578\" \/>\n\t<meta property=\"og:image:height\" content=\"579\" \/>\n\t<meta property=\"og:image:type\" content=\"image\/jpeg\" \/>\n<meta name=\"twitter:card\" content=\"summary_large_image\" \/>\n<meta name=\"twitter:site\" content=\"@FerrosLaPobla\" \/>\n<!-- \/ Yoast SEO plugin. -->","yoast_head_json":{"title":"Armature de renfort pour le b\u00e9ton en anneaux - 20x20 cm - \u00d8 12 mm L 3 m Ferros La Pobla","description":"Comprar Armature de renfort pour le b\u00e9ton en anneaux - 20x20 cm - \u00d8 12 mm L 3 m en Ferros La Pobla. Armature de renfort en anneaux en acier B500SD en stock permanent, pr\u00eate \u00e0 \u00eatre collect\u00e9e. Elle est compos\u00e9e de quatre tiges de 12 mm de diam\u00e8tre avec des \u00e9triers de diam\u00e8tre 8 tous les 30 cm, un quadrillage de 20\u00d720 cm et une longueur de 3 m. Il p\u00e8se 17,88 kg. Pour voir d\u2019autres autres mod\u00e8les, cliquez ici. Nous livrons tous les formats jusqu'\u00e0 150 km de distance. *D\u2019autres tailles sur demande. &nbsp; &nbsp; &nbsp;","robots":{"index":"index","follow":"follow","max-snippet":"max-snippet:-1","max-image-preview":"max-image-preview:large","max-video-preview":"max-video-preview:-1"},"canonical":"https:\/\/ferroslapobla.com\/fr\/bandes\/armature-de-renfort-20x20-cm-diametre-12mm-longueur-3m\/","og_locale":"fr_FR","og_type":"article","og_title":"Armature de renfort pour le b\u00e9ton en anneaux - 20x20 cm - \u00d8 12 mm L 3 m Ferros La Pobla","og_description":"Comprar Armature de renfort pour le b\u00e9ton en anneaux - 20x20 cm - \u00d8 12 mm L 3 m en Ferros La Pobla. Armature de renfort en anneaux en acier B500SD en stock permanent, pr\u00eate \u00e0 \u00eatre collect\u00e9e. Elle est compos\u00e9e de quatre tiges de 12 mm de diam\u00e8tre avec des \u00e9triers de diam\u00e8tre 8 tous les 30 cm, un quadrillage de 20\u00d720 cm et une longueur de 3 m. Il p\u00e8se 17,88 kg. Pour voir d\u2019autres autres mod\u00e8les, cliquez ici. Nous livrons tous les formats jusqu'\u00e0 150 km de distance. *D\u2019autres tailles sur demande. &nbsp; &nbsp; &nbsp;","og_url":"https:\/\/ferroslapobla.com\/fr\/bandes\/armature-de-renfort-20x20-cm-diametre-12mm-longueur-3m\/","og_site_name":"Ferros La Pobla","article_publisher":"https:\/\/www.facebook.com\/ferroslapobla","article_modified_time":"2024-02-29T23:00:35+00:00","og_image":[{"width":578,"height":579,"url":"https:\/\/ferroslapobla.com\/wp-content\/uploads\/2021\/11\/20x20x12x3-300x300-1.jpg","type":"image\/jpeg"}],"twitter_card":"summary_large_image","twitter_site":"@FerrosLaPobla","schema":{"@context":"https:\/\/schema.org","@graph":[{"@type":"WebPage","@id":"https:\/\/ferroslapobla.com\/fr\/bandes\/armature-de-renfort-20x20-cm-diametre-12mm-longueur-3m\/","url":"https:\/\/ferroslapobla.com\/fr\/bandes\/armature-de-renfort-20x20-cm-diametre-12mm-longueur-3m\/","name":"Armature de renfort pour le b\u00e9ton en anneaux - 20x20 cm - \u00d8 12 mm L 3 m Ferros La Pobla","isPartOf":{"@id":"https:\/\/ferroslapobla.com\/fr\/#website"},"primaryImageOfPage":{"@id":"https:\/\/ferroslapobla.com\/fr\/bandes\/armature-de-renfort-20x20-cm-diametre-12mm-longueur-3m\/#primaryimage"},"image":{"@id":"https:\/\/ferroslapobla.com\/fr\/bandes\/armature-de-renfort-20x20-cm-diametre-12mm-longueur-3m\/#primaryimage"},"thumbnailUrl":"https:\/\/ferroslapobla.com\/wp-content\/uploads\/2021\/11\/20x20x12x3-300x300-1.jpg","datePublished":"2021-11-05T13:35:52+00:00","dateModified":"2024-02-29T23:00:35+00:00","description":"Comprar Armature de renfort pour le b\u00e9ton en anneaux - 20x20 cm - \u00d8 12 mm L 3 m en Ferros La Pobla. Armature de renfort en anneaux en acier B500SD en stock permanent, pr\u00eate \u00e0 \u00eatre collect\u00e9e. Elle est compos\u00e9e de quatre tiges de 12 mm de diam\u00e8tre avec des \u00e9triers de diam\u00e8tre 8 tous les 30 cm, un quadrillage de 20\u00d720 cm et une longueur de 3 m. Il p\u00e8se 17,88 kg. Pour voir d\u2019autres autres mod\u00e8les, cliquez ici. Nous livrons tous les formats jusqu'\u00e0 150 km de distance. *D\u2019autres tailles sur demande. &nbsp; &nbsp; &nbsp;","breadcrumb":{"@id":"https:\/\/ferroslapobla.com\/fr\/bandes\/armature-de-renfort-20x20-cm-diametre-12mm-longueur-3m\/#breadcrumb"},"inLanguage":"fr-FR","potentialAction":[{"@type":"ReadAction","target":["https:\/\/ferroslapobla.com\/fr\/bandes\/armature-de-renfort-20x20-cm-diametre-12mm-longueur-3m\/"]}]},{"@type":"ImageObject","inLanguage":"fr-FR","@id":"https:\/\/ferroslapobla.com\/fr\/bandes\/armature-de-renfort-20x20-cm-diametre-12mm-longueur-3m\/#primaryimage","url":"https:\/\/ferroslapobla.com\/wp-content\/uploads\/2021\/11\/20x20x12x3-300x300-1.jpg","contentUrl":"https:\/\/ferroslapobla.com\/wp-content\/uploads\/2021\/11\/20x20x12x3-300x300-1.jpg","width":578,"height":579,"caption":"20x20x12x3-300x300"},{"@type":"BreadcrumbList","@id":"https:\/\/ferroslapobla.com\/fr\/bandes\/armature-de-renfort-20x20-cm-diametre-12mm-longueur-3m\/#breadcrumb","itemListElement":[{"@type":"ListItem","position":1,"name":"Couvrir","item":"https:\/\/ferroslapobla.com\/fr\/"},{"@type":"ListItem","position":2,"name":"Boutique","item":"https:\/\/ferroslapobla.com\/fr\/boutique\/"},{"@type":"ListItem","position":3,"name":"Armature de renfort pour le b\u00e9ton en anneaux &#8211; 20&#215;20 cm &#8211; \u00d8 12 mm L 3 m"}]},{"@type":"WebSite","@id":"https:\/\/ferroslapobla.com\/fr\/#website","url":"https:\/\/ferroslapobla.com\/fr\/","name":"Ferros La Pobla","description":"Hierro para construcci\u00f3n y elaboraci\u00f3n de ferralla","publisher":{"@id":"https:\/\/ferroslapobla.com\/fr\/#organization"},"potentialAction":[{"@type":"SearchAction","target":{"@type":"EntryPoint","urlTemplate":"https:\/\/ferroslapobla.com\/fr\/?s={search_term_string}"},"query-input":{"@type":"PropertyValueSpecification","valueRequired":true,"valueName":"search_term_string"}}],"inLanguage":"fr-FR"},{"@type":"Organization","@id":"https:\/\/ferroslapobla.com\/fr\/#organization","name":"Ferros La Pobla","url":"https:\/\/ferroslapobla.com\/fr\/","logo":{"@type":"ImageObject","inLanguage":"fr-FR","@id":"https:\/\/ferroslapobla.com\/fr\/#\/schema\/logo\/image\/","url":"https:\/\/ferroslapobla.com\/wp-content\/uploads\/2021\/06\/ferros-logo-azul.png","contentUrl":"https:\/\/ferroslapobla.com\/wp-content\/uploads\/2021\/06\/ferros-logo-azul.png","width":200,"height":100,"caption":"Ferros La Pobla"},"image":{"@id":"https:\/\/ferroslapobla.com\/fr\/#\/schema\/logo\/image\/"},"sameAs":["https:\/\/www.facebook.com\/ferroslapobla","https:\/\/x.com\/FerrosLaPobla","https:\/\/es.linkedin.com\/company\/ferros-la-pobla-s-a-","https:\/\/www.youtube.com\/channel\/UCpZCp1qFlzS2ZNogeeNaBzw"]}]}},"_links":{"self":[{"href":"https:\/\/ferroslapobla.com\/fr\/wp-json\/wp\/v2\/product\/15778","targetHints":{"allow":["GET"]}}],"collection":[{"href":"https:\/\/ferroslapobla.com\/fr\/wp-json\/wp\/v2\/product"}],"about":[{"href":"https:\/\/ferroslapobla.com\/fr\/wp-json\/wp\/v2\/types\/product"}],"replies":[{"embeddable":true,"href":"https:\/\/ferroslapobla.com\/fr\/wp-json\/wp\/v2\/comments?post=15778"}],"version-history":[{"count":0,"href":"https:\/\/ferroslapobla.com\/fr\/wp-json\/wp\/v2\/product\/15778\/revisions"}],"wp:featuredmedia":[{"embeddable":true,"href":"https:\/\/ferroslapobla.com\/fr\/wp-json\/wp\/v2\/media\/15093"}],"wp:attachment":[{"href":"https:\/\/ferroslapobla.com\/fr\/wp-json\/wp\/v2\/media?parent=15778"}],"wp:term":[{"taxonomy":"product_cat","embeddable":true,"href":"https:\/\/ferroslapobla.com\/fr\/wp-json\/wp\/v2\/product_cat?post=15778"},{"taxonomy":"product_tag","embeddable":true,"href":"https:\/\/ferroslapobla.com\/fr\/wp-json\/wp\/v2\/product_tag?post=15778"}],"curies":[{"name":"wp","href":"https:\/\/api.w.org\/{rel}","templated":true}]}}