{"id":15767,"date":"2021-11-05T11:48:46","date_gmt":"2021-11-05T10:48:46","guid":{"rendered":"https:\/\/ferroslapobla.com\/non%20class\u00e9\/tube-de-coffrage-o-300-mm-l-4000-mm\/"},"modified":"2022-08-05T11:39:26","modified_gmt":"2022-08-05T10:39:26","slug":"diametre-coffrage-tube-30mm-longitud-4000mm","status":"publish","type":"product","link":"https:\/\/ferroslapobla.com\/fr\/non class\u00e9\/diametre-coffrage-tube-30mm-longitud-4000mm\/","title":{"rendered":"Tube de coffrage &#8211; \u00d8 300 mm L 4000 mm"},"content":{"rendered":"<p>Pour t\u00e9l\u00e9charger le certificat de ce produit, cliquez sur <a href=\"https:\/\/ferroslapobla.com\/wp-content\/uploads\/certificados\/TUBO_ENCONFRADO_Tubotec-_Rev9.pdf\" download=\"TUBO_ENCONFRADO_Tubotec-_Rev9.pdf\">ici<\/a>.<\/p>\n","protected":false},"excerpt":{"rendered":"<p>Tube de coffrage d&rsquo;un diam\u00e8tre de 300 mm, longueur de 4000 mm et 2,13 kg\/m.<\/p>\n<p>Coffrage jetable pour piliers circulaires. Fabriqu\u00e9 avec des bandes K.A.P. (kraft, aluminium et poly\u00e9thyl\u00e8ne), emm\u00eal\u00e9es par un syst\u00e8me h\u00e9lico\u00efdal utilisant la technologie brevet\u00e9e de Valero.<\/p>\n<ul>\n<li>Choix de finitions : en spirale et lisse.<\/li>\n<li>Format \u00d8 250 mm, cliquez <a href=\"https:\/\/ferroslapobla.com\/product\/tubo-encofrado-25mm-a-4m\/\">ici.<\/a><\/li>\n<li>Disponible sur demande, avec des diam\u00e8tres standard de 150 \u00e0 600 mm et des longueurs standard de 3000 mm.<\/li>\n<\/ul>\n<p>Ce produit est livr\u00e9 jusqu&rsquo;\u00e0 150 km.<\/p>\n<p><em>*Si vous ne trouvez pas les dimensions que vous recherchez, veuillez nous le faire savoir en utilisant le formulaire ci-dessous.<\/em><\/p>\n","protected":false},"featured_media":15128,"comment_status":"open","ping_status":"closed","template":"","meta":{"_acf_changed":false,"_joinchat":[]},"product_cat":[15],"product_tag":[],"class_list":["post-15767","product","type-product","status-publish","has-post-thumbnail","hentry","product_cat-uncategorized"],"acf":[],"wcpa_form_fields":null,"yoast_head":"<!-- This site is optimized with the Yoast SEO plugin v27.3 - https:\/\/yoast.com\/product\/yoast-seo-wordpress\/ -->\n<title>Tube de coffrage - \u00d8 300 mm L 4000 mm Ferros La Pobla<\/title>\n<meta name=\"description\" content=\"Comprar Tube de coffrage - \u00d8 300 mm L 4000 mm en Ferros La Pobla. Tube de coffrage d&#039;un diam\u00e8tre de 300 mm, longueur de 4000 mm et 2,13 kg\/m.  Coffrage jetable pour piliers circulaires. Fabriqu\u00e9 avec des bandes K.A.P. (kraft, aluminium et poly\u00e9thyl\u00e8ne), emm\u00eal\u00e9es par un syst\u00e8me h\u00e9lico\u00efdal utilisant la technologie brevet\u00e9e de Valero.   Choix de finitions : en spirale et lisse.  Format \u00d8 250 mm, cliquez ici.  Disponible sur demande, avec des diam\u00e8tres standard de 150 \u00e0 600 mm et des longueurs standard de 3000 mm.  Ce produit est livr\u00e9 jusqu&#039;\u00e0 150 km.  *Si vous ne trouvez pas les dimensions que vous recherchez, veuillez nous le faire savoir en utilisant le formulaire ci-dessous.\" \/>\n<meta name=\"robots\" content=\"index, follow, max-snippet:-1, max-image-preview:large, max-video-preview:-1\" \/>\n<link rel=\"canonical\" href=\"https:\/\/ferroslapobla.com\/fr\/non%20class\u00e9\/diametre-coffrage-tube-30mm-longitud-4000mm\/\" \/>\n<meta property=\"og:locale\" content=\"fr_FR\" \/>\n<meta property=\"og:type\" content=\"article\" \/>\n<meta property=\"og:title\" content=\"Tube de coffrage - \u00d8 300 mm L 4000 mm Ferros La Pobla\" \/>\n<meta property=\"og:description\" content=\"Comprar Tube de coffrage - \u00d8 300 mm L 4000 mm en Ferros La Pobla. Tube de coffrage d&#039;un diam\u00e8tre de 300 mm, longueur de 4000 mm et 2,13 kg\/m.  Coffrage jetable pour piliers circulaires. Fabriqu\u00e9 avec des bandes K.A.P. (kraft, aluminium et poly\u00e9thyl\u00e8ne), emm\u00eal\u00e9es par un syst\u00e8me h\u00e9lico\u00efdal utilisant la technologie brevet\u00e9e de Valero.   Choix de finitions : en spirale et lisse.  Format \u00d8 250 mm, cliquez ici.  Disponible sur demande, avec des diam\u00e8tres standard de 150 \u00e0 600 mm et des longueurs standard de 3000 mm.  Ce produit est livr\u00e9 jusqu&#039;\u00e0 150 km.  *Si vous ne trouvez pas les dimensions que vous recherchez, veuillez nous le faire savoir en utilisant le formulaire ci-dessous.\" \/>\n<meta property=\"og:url\" content=\"https:\/\/ferroslapobla.com\/fr\/non class\u00e9\/diametre-coffrage-tube-30mm-longitud-4000mm\/\" \/>\n<meta property=\"og:site_name\" content=\"Ferros La Pobla\" \/>\n<meta property=\"article:publisher\" content=\"https:\/\/www.facebook.com\/ferroslapobla\" \/>\n<meta property=\"article:modified_time\" content=\"2022-08-05T10:39:26+00:00\" \/>\n<meta property=\"og:image\" content=\"https:\/\/ferroslapobla.com\/wp-content\/uploads\/2021\/11\/30mmx4m-300x300-1.jpg\" \/>\n\t<meta property=\"og:image:width\" content=\"578\" \/>\n\t<meta property=\"og:image:height\" content=\"579\" \/>\n\t<meta property=\"og:image:type\" content=\"image\/jpeg\" \/>\n<meta name=\"twitter:card\" content=\"summary_large_image\" \/>\n<meta name=\"twitter:site\" content=\"@FerrosLaPobla\" \/>\n<!-- \/ Yoast SEO plugin. -->","yoast_head_json":{"title":"Tube de coffrage - \u00d8 300 mm L 4000 mm Ferros La Pobla","description":"Comprar Tube de coffrage - \u00d8 300 mm L 4000 mm en Ferros La Pobla. Tube de coffrage d'un diam\u00e8tre de 300 mm, longueur de 4000 mm et 2,13 kg\/m.  Coffrage jetable pour piliers circulaires. Fabriqu\u00e9 avec des bandes K.A.P. (kraft, aluminium et poly\u00e9thyl\u00e8ne), emm\u00eal\u00e9es par un syst\u00e8me h\u00e9lico\u00efdal utilisant la technologie brevet\u00e9e de Valero.   Choix de finitions : en spirale et lisse.  Format \u00d8 250 mm, cliquez ici.  Disponible sur demande, avec des diam\u00e8tres standard de 150 \u00e0 600 mm et des longueurs standard de 3000 mm.  Ce produit est livr\u00e9 jusqu'\u00e0 150 km.  *Si vous ne trouvez pas les dimensions que vous recherchez, veuillez nous le faire savoir en utilisant le formulaire ci-dessous.","robots":{"index":"index","follow":"follow","max-snippet":"max-snippet:-1","max-image-preview":"max-image-preview:large","max-video-preview":"max-video-preview:-1"},"canonical":"https:\/\/ferroslapobla.com\/fr\/non class\u00e9\/diametre-coffrage-tube-30mm-longitud-4000mm\/","og_locale":"fr_FR","og_type":"article","og_title":"Tube de coffrage - \u00d8 300 mm L 4000 mm Ferros La Pobla","og_description":"Comprar Tube de coffrage - \u00d8 300 mm L 4000 mm en Ferros La Pobla. Tube de coffrage d'un diam\u00e8tre de 300 mm, longueur de 4000 mm et 2,13 kg\/m.  Coffrage jetable pour piliers circulaires. Fabriqu\u00e9 avec des bandes K.A.P. (kraft, aluminium et poly\u00e9thyl\u00e8ne), emm\u00eal\u00e9es par un syst\u00e8me h\u00e9lico\u00efdal utilisant la technologie brevet\u00e9e de Valero.   Choix de finitions : en spirale et lisse.  Format \u00d8 250 mm, cliquez ici.  Disponible sur demande, avec des diam\u00e8tres standard de 150 \u00e0 600 mm et des longueurs standard de 3000 mm.  Ce produit est livr\u00e9 jusqu'\u00e0 150 km.  *Si vous ne trouvez pas les dimensions que vous recherchez, veuillez nous le faire savoir en utilisant le formulaire ci-dessous.","og_url":"https:\/\/ferroslapobla.com\/fr\/non class\u00e9\/diametre-coffrage-tube-30mm-longitud-4000mm\/","og_site_name":"Ferros La Pobla","article_publisher":"https:\/\/www.facebook.com\/ferroslapobla","article_modified_time":"2022-08-05T10:39:26+00:00","og_image":[{"width":578,"height":579,"url":"https:\/\/ferroslapobla.com\/wp-content\/uploads\/2021\/11\/30mmx4m-300x300-1.jpg","type":"image\/jpeg"}],"twitter_card":"summary_large_image","twitter_site":"@FerrosLaPobla","schema":{"@context":"https:\/\/schema.org","@graph":[{"@type":"WebPage","@id":"https:\/\/ferroslapobla.com\/fr\/non class\u00e9\/diametre-coffrage-tube-30mm-longitud-4000mm\/","url":"https:\/\/ferroslapobla.com\/fr\/non class\u00e9\/diametre-coffrage-tube-30mm-longitud-4000mm\/","name":"Tube de coffrage - \u00d8 300 mm L 4000 mm Ferros La Pobla","isPartOf":{"@id":"https:\/\/ferroslapobla.com\/fr\/#website"},"primaryImageOfPage":{"@id":"https:\/\/ferroslapobla.com\/fr\/non class\u00e9\/diametre-coffrage-tube-30mm-longitud-4000mm\/#primaryimage"},"image":{"@id":"https:\/\/ferroslapobla.com\/fr\/non class\u00e9\/diametre-coffrage-tube-30mm-longitud-4000mm\/#primaryimage"},"thumbnailUrl":"https:\/\/ferroslapobla.com\/wp-content\/uploads\/2021\/11\/30mmx4m-300x300-1.jpg","datePublished":"2021-11-05T10:48:46+00:00","dateModified":"2022-08-05T10:39:26+00:00","description":"Comprar Tube de coffrage - \u00d8 300 mm L 4000 mm en Ferros La Pobla. Tube de coffrage d'un diam\u00e8tre de 300 mm, longueur de 4000 mm et 2,13 kg\/m. Coffrage jetable pour piliers circulaires. Fabriqu\u00e9 avec des bandes K.A.P. (kraft, aluminium et poly\u00e9thyl\u00e8ne), emm\u00eal\u00e9es par un syst\u00e8me h\u00e9lico\u00efdal utilisant la technologie brevet\u00e9e de Valero. Choix de finitions : en spirale et lisse. Format \u00d8 250 mm, cliquez ici. Disponible sur demande, avec des diam\u00e8tres standard de 150 \u00e0 600 mm et des longueurs standard de 3000 mm. Ce produit est livr\u00e9 jusqu'\u00e0 150 km. *Si vous ne trouvez pas les dimensions que vous recherchez, veuillez nous le faire savoir en utilisant le formulaire ci-dessous.","breadcrumb":{"@id":"https:\/\/ferroslapobla.com\/fr\/non class\u00e9\/diametre-coffrage-tube-30mm-longitud-4000mm\/#breadcrumb"},"inLanguage":"fr-FR","potentialAction":[{"@type":"ReadAction","target":["https:\/\/ferroslapobla.com\/fr\/non class\u00e9\/diametre-coffrage-tube-30mm-longitud-4000mm\/"]}]},{"@type":"ImageObject","inLanguage":"fr-FR","@id":"https:\/\/ferroslapobla.com\/fr\/non class\u00e9\/diametre-coffrage-tube-30mm-longitud-4000mm\/#primaryimage","url":"https:\/\/ferroslapobla.com\/wp-content\/uploads\/2021\/11\/30mmx4m-300x300-1.jpg","contentUrl":"https:\/\/ferroslapobla.com\/wp-content\/uploads\/2021\/11\/30mmx4m-300x300-1.jpg","width":578,"height":579,"caption":"30mmx4m-300x300"},{"@type":"BreadcrumbList","@id":"https:\/\/ferroslapobla.com\/fr\/non class\u00e9\/diametre-coffrage-tube-30mm-longitud-4000mm\/#breadcrumb","itemListElement":[{"@type":"ListItem","position":1,"name":"Couvrir","item":"https:\/\/ferroslapobla.com\/fr\/"},{"@type":"ListItem","position":2,"name":"Boutique","item":"https:\/\/ferroslapobla.com\/fr\/boutique\/"},{"@type":"ListItem","position":3,"name":"Tube de coffrage &#8211; \u00d8 300 mm L 4000 mm"}]},{"@type":"WebSite","@id":"https:\/\/ferroslapobla.com\/fr\/#website","url":"https:\/\/ferroslapobla.com\/fr\/","name":"Ferros La Pobla","description":"Hierro para construcci\u00f3n y elaboraci\u00f3n de ferralla","publisher":{"@id":"https:\/\/ferroslapobla.com\/fr\/#organization"},"potentialAction":[{"@type":"SearchAction","target":{"@type":"EntryPoint","urlTemplate":"https:\/\/ferroslapobla.com\/fr\/?s={search_term_string}"},"query-input":{"@type":"PropertyValueSpecification","valueRequired":true,"valueName":"search_term_string"}}],"inLanguage":"fr-FR"},{"@type":"Organization","@id":"https:\/\/ferroslapobla.com\/fr\/#organization","name":"Ferros La Pobla","url":"https:\/\/ferroslapobla.com\/fr\/","logo":{"@type":"ImageObject","inLanguage":"fr-FR","@id":"https:\/\/ferroslapobla.com\/fr\/#\/schema\/logo\/image\/","url":"https:\/\/ferroslapobla.com\/wp-content\/uploads\/2021\/06\/ferros-logo-azul.png","contentUrl":"https:\/\/ferroslapobla.com\/wp-content\/uploads\/2021\/06\/ferros-logo-azul.png","width":200,"height":100,"caption":"Ferros La Pobla"},"image":{"@id":"https:\/\/ferroslapobla.com\/fr\/#\/schema\/logo\/image\/"},"sameAs":["https:\/\/www.facebook.com\/ferroslapobla","https:\/\/x.com\/FerrosLaPobla","https:\/\/es.linkedin.com\/company\/ferros-la-pobla-s-a-","https:\/\/www.youtube.com\/channel\/UCpZCp1qFlzS2ZNogeeNaBzw"]}]}},"_links":{"self":[{"href":"https:\/\/ferroslapobla.com\/fr\/wp-json\/wp\/v2\/product\/15767","targetHints":{"allow":["GET"]}}],"collection":[{"href":"https:\/\/ferroslapobla.com\/fr\/wp-json\/wp\/v2\/product"}],"about":[{"href":"https:\/\/ferroslapobla.com\/fr\/wp-json\/wp\/v2\/types\/product"}],"replies":[{"embeddable":true,"href":"https:\/\/ferroslapobla.com\/fr\/wp-json\/wp\/v2\/comments?post=15767"}],"version-history":[{"count":0,"href":"https:\/\/ferroslapobla.com\/fr\/wp-json\/wp\/v2\/product\/15767\/revisions"}],"wp:featuredmedia":[{"embeddable":true,"href":"https:\/\/ferroslapobla.com\/fr\/wp-json\/wp\/v2\/media\/15128"}],"wp:attachment":[{"href":"https:\/\/ferroslapobla.com\/fr\/wp-json\/wp\/v2\/media?parent=15767"}],"wp:term":[{"taxonomy":"product_cat","embeddable":true,"href":"https:\/\/ferroslapobla.com\/fr\/wp-json\/wp\/v2\/product_cat?post=15767"},{"taxonomy":"product_tag","embeddable":true,"href":"https:\/\/ferroslapobla.com\/fr\/wp-json\/wp\/v2\/product_tag?post=15767"}],"curies":[{"name":"wp","href":"https:\/\/api.w.org\/{rel}","templated":true}]}}