{"id":15757,"date":"2021-11-05T10:23:41","date_gmt":"2021-11-05T09:23:41","guid":{"rendered":"https:\/\/ferroslapobla.com\/non class\u00e9\/tube-rond-40x15-mm\/"},"modified":"2021-11-05T10:23:41","modified_gmt":"2021-11-05T09:23:41","slug":"tube-rond-40x15-mm","status":"publish","type":"product","link":"https:\/\/ferroslapobla.com\/fr\/tube-rond\/tube-rond-40x15-mm\/","title":{"rendered":"Tube rond &#8211; 40&#215;1,5 mm"},"content":{"rendered":"","protected":false},"excerpt":{"rendered":"<p>Tube rond en barre de 6 m. Stock permanent.<\/p>\n<p>Dimensions 40&#215;1,5 mm, poids 1,48 kg\/m. et finition en acier noir. \u00c9galement disponible en fer galvanis\u00e9 sur demande.<\/p>\n<p>La d\u00e9coupe en ligne sur mesure est gratuite et est disponible en une pi\u00e8ce de 6 m. ou en deux pi\u00e8ces de 3 m. Pour la d\u00e9coupe de profil\u00e9s, veuillez nous envoyer le type (droit ou en onglet) dont vous avez besoin, afin que nous puissions l&rsquo;\u00e9valuer.<\/p>\n<p>Pour voir les autres tubes ronds disponibles sur notre site web, cliquez <a href=\"https:\/\/ferroslapobla.com\/product-category\/tubo-redondo\/\">ici.<\/a><\/p>\n<p>Ce produit est livr\u00e9 jusqu&rsquo;\u00e0 150 km.<\/p>\n<p><em>*Si vous ne trouvez pas les dimensions que vous recherchez, veuillez nous le faire savoir en utilisant le formulaire ci-dessous.<\/em><\/p>\n","protected":false},"featured_media":14721,"comment_status":"open","ping_status":"closed","template":"","meta":{"_acf_changed":false,"_joinchat":[]},"product_cat":[412,435],"product_tag":[444],"class_list":["post-15757","product","type-product","status-publish","has-post-thumbnail","hentry","product_cat-profiles-et-poutres","product_cat-tube-rond","product_tag-vente-en-ligne"],"acf":[],"wcpa_form_fields":null,"yoast_head":"<!-- This site is optimized with the Yoast SEO plugin v27.3 - https:\/\/yoast.com\/product\/yoast-seo-wordpress\/ -->\n<title>Tube rond - 40x1,5 mm Ferros La Pobla<\/title>\n<meta name=\"description\" content=\"Comprar Tube rond - 40x1,5 mm en Ferros La Pobla. Tube rond en barre de 6 m. Stock permanent. Dimensions 40x1,5 mm, poids 1,48 kg\/m. et finition en acier noir. \u00c9galement disponible en fer galvanis\u00e9 sur demande. La d\u00e9coupe en ligne sur mesure est gratuite et est disponible en une pi\u00e8ce de 6 m. ou en deux pi\u00e8ces de 3 m. Pour la d\u00e9coupe de profil\u00e9s, veuillez nous envoyer le type (droit ou en onglet) dont vous avez besoin, afin que nous puissions l&#039;\u00e9valuer. Pour voir les autres tubes ronds disponibles sur notre site web, cliquez ici. Ce produit est livr\u00e9 jusqu&#039;\u00e0 150 km. *Si vous ne trouvez pas les dimensions que vous recherchez, veuillez nous le faire savoir en utilisant le formulaire ci-dessous.\" \/>\n<meta name=\"robots\" content=\"index, follow, max-snippet:-1, max-image-preview:large, max-video-preview:-1\" \/>\n<link rel=\"canonical\" href=\"https:\/\/ferroslapobla.com\/fr\/tube-rond\/tube-rond-40x15-mm\/\" \/>\n<meta property=\"og:locale\" content=\"fr_FR\" \/>\n<meta property=\"og:type\" content=\"article\" \/>\n<meta property=\"og:title\" content=\"Tube rond - 40x1,5 mm Ferros La Pobla\" \/>\n<meta property=\"og:description\" content=\"Comprar Tube rond - 40x1,5 mm en Ferros La Pobla. Tube rond en barre de 6 m. Stock permanent. Dimensions 40x1,5 mm, poids 1,48 kg\/m. et finition en acier noir. \u00c9galement disponible en fer galvanis\u00e9 sur demande. La d\u00e9coupe en ligne sur mesure est gratuite et est disponible en une pi\u00e8ce de 6 m. ou en deux pi\u00e8ces de 3 m. Pour la d\u00e9coupe de profil\u00e9s, veuillez nous envoyer le type (droit ou en onglet) dont vous avez besoin, afin que nous puissions l&#039;\u00e9valuer. Pour voir les autres tubes ronds disponibles sur notre site web, cliquez ici. Ce produit est livr\u00e9 jusqu&#039;\u00e0 150 km. *Si vous ne trouvez pas les dimensions que vous recherchez, veuillez nous le faire savoir en utilisant le formulaire ci-dessous.\" \/>\n<meta property=\"og:url\" content=\"https:\/\/ferroslapobla.com\/fr\/tube-rond\/tube-rond-40x15-mm\/\" \/>\n<meta property=\"og:site_name\" content=\"Ferros La Pobla\" \/>\n<meta property=\"article:publisher\" content=\"https:\/\/www.facebook.com\/ferroslapobla\" \/>\n<meta property=\"og:image\" content=\"https:\/\/ferroslapobla.com\/wp-content\/uploads\/2021\/11\/tubo_40x1_5-300x300-1.jpg\" \/>\n\t<meta property=\"og:image:width\" content=\"578\" \/>\n\t<meta property=\"og:image:height\" content=\"579\" \/>\n\t<meta property=\"og:image:type\" content=\"image\/jpeg\" \/>\n<meta name=\"twitter:card\" content=\"summary_large_image\" \/>\n<meta name=\"twitter:site\" content=\"@FerrosLaPobla\" \/>\n<!-- \/ Yoast SEO plugin. -->","yoast_head_json":{"title":"Tube rond - 40x1,5 mm Ferros La Pobla","description":"Comprar Tube rond - 40x1,5 mm en Ferros La Pobla. Tube rond en barre de 6 m. Stock permanent. Dimensions 40x1,5 mm, poids 1,48 kg\/m. et finition en acier noir. \u00c9galement disponible en fer galvanis\u00e9 sur demande. La d\u00e9coupe en ligne sur mesure est gratuite et est disponible en une pi\u00e8ce de 6 m. ou en deux pi\u00e8ces de 3 m. Pour la d\u00e9coupe de profil\u00e9s, veuillez nous envoyer le type (droit ou en onglet) dont vous avez besoin, afin que nous puissions l'\u00e9valuer. Pour voir les autres tubes ronds disponibles sur notre site web, cliquez ici. Ce produit est livr\u00e9 jusqu'\u00e0 150 km. *Si vous ne trouvez pas les dimensions que vous recherchez, veuillez nous le faire savoir en utilisant le formulaire ci-dessous.","robots":{"index":"index","follow":"follow","max-snippet":"max-snippet:-1","max-image-preview":"max-image-preview:large","max-video-preview":"max-video-preview:-1"},"canonical":"https:\/\/ferroslapobla.com\/fr\/tube-rond\/tube-rond-40x15-mm\/","og_locale":"fr_FR","og_type":"article","og_title":"Tube rond - 40x1,5 mm Ferros La Pobla","og_description":"Comprar Tube rond - 40x1,5 mm en Ferros La Pobla. Tube rond en barre de 6 m. Stock permanent. Dimensions 40x1,5 mm, poids 1,48 kg\/m. et finition en acier noir. \u00c9galement disponible en fer galvanis\u00e9 sur demande. La d\u00e9coupe en ligne sur mesure est gratuite et est disponible en une pi\u00e8ce de 6 m. ou en deux pi\u00e8ces de 3 m. Pour la d\u00e9coupe de profil\u00e9s, veuillez nous envoyer le type (droit ou en onglet) dont vous avez besoin, afin que nous puissions l'\u00e9valuer. Pour voir les autres tubes ronds disponibles sur notre site web, cliquez ici. Ce produit est livr\u00e9 jusqu'\u00e0 150 km. *Si vous ne trouvez pas les dimensions que vous recherchez, veuillez nous le faire savoir en utilisant le formulaire ci-dessous.","og_url":"https:\/\/ferroslapobla.com\/fr\/tube-rond\/tube-rond-40x15-mm\/","og_site_name":"Ferros La Pobla","article_publisher":"https:\/\/www.facebook.com\/ferroslapobla","og_image":[{"width":578,"height":579,"url":"https:\/\/ferroslapobla.com\/wp-content\/uploads\/2021\/11\/tubo_40x1_5-300x300-1.jpg","type":"image\/jpeg"}],"twitter_card":"summary_large_image","twitter_site":"@FerrosLaPobla","schema":{"@context":"https:\/\/schema.org","@graph":[{"@type":"WebPage","@id":"https:\/\/ferroslapobla.com\/fr\/tube-rond\/tube-rond-40x15-mm\/","url":"https:\/\/ferroslapobla.com\/fr\/tube-rond\/tube-rond-40x15-mm\/","name":"Tube rond - 40x1,5 mm Ferros La Pobla","isPartOf":{"@id":"https:\/\/ferroslapobla.com\/fr\/#website"},"primaryImageOfPage":{"@id":"https:\/\/ferroslapobla.com\/fr\/tube-rond\/tube-rond-40x15-mm\/#primaryimage"},"image":{"@id":"https:\/\/ferroslapobla.com\/fr\/tube-rond\/tube-rond-40x15-mm\/#primaryimage"},"thumbnailUrl":"https:\/\/ferroslapobla.com\/wp-content\/uploads\/2021\/11\/tubo_40x1_5-300x300-1.jpg","datePublished":"2021-11-05T09:23:41+00:00","description":"Comprar Tube rond - 40x1,5 mm en Ferros La Pobla. Tube rond en barre de 6 m. Stock permanent. Dimensions 40x1,5 mm, poids 1,48 kg\/m. et finition en acier noir. \u00c9galement disponible en fer galvanis\u00e9 sur demande. La d\u00e9coupe en ligne sur mesure est gratuite et est disponible en une pi\u00e8ce de 6 m. ou en deux pi\u00e8ces de 3 m. Pour la d\u00e9coupe de profil\u00e9s, veuillez nous envoyer le type (droit ou en onglet) dont vous avez besoin, afin que nous puissions l'\u00e9valuer. Pour voir les autres tubes ronds disponibles sur notre site web, cliquez ici. Ce produit est livr\u00e9 jusqu'\u00e0 150 km. *Si vous ne trouvez pas les dimensions que vous recherchez, veuillez nous le faire savoir en utilisant le formulaire ci-dessous.","breadcrumb":{"@id":"https:\/\/ferroslapobla.com\/fr\/tube-rond\/tube-rond-40x15-mm\/#breadcrumb"},"inLanguage":"fr-FR","potentialAction":[{"@type":"ReadAction","target":["https:\/\/ferroslapobla.com\/fr\/tube-rond\/tube-rond-40x15-mm\/"]}]},{"@type":"ImageObject","inLanguage":"fr-FR","@id":"https:\/\/ferroslapobla.com\/fr\/tube-rond\/tube-rond-40x15-mm\/#primaryimage","url":"https:\/\/ferroslapobla.com\/wp-content\/uploads\/2021\/11\/tubo_40x1_5-300x300-1.jpg","contentUrl":"https:\/\/ferroslapobla.com\/wp-content\/uploads\/2021\/11\/tubo_40x1_5-300x300-1.jpg","width":578,"height":579,"caption":"tubo_40x1_5-300x300"},{"@type":"BreadcrumbList","@id":"https:\/\/ferroslapobla.com\/fr\/tube-rond\/tube-rond-40x15-mm\/#breadcrumb","itemListElement":[{"@type":"ListItem","position":1,"name":"Couvrir","item":"https:\/\/ferroslapobla.com\/fr\/"},{"@type":"ListItem","position":2,"name":"Boutique","item":"https:\/\/ferroslapobla.com\/fr\/boutique\/"},{"@type":"ListItem","position":3,"name":"Tube rond &#8211; 40&#215;1,5 mm"}]},{"@type":"WebSite","@id":"https:\/\/ferroslapobla.com\/fr\/#website","url":"https:\/\/ferroslapobla.com\/fr\/","name":"Ferros La Pobla","description":"Hierro para construcci\u00f3n y elaboraci\u00f3n de ferralla","publisher":{"@id":"https:\/\/ferroslapobla.com\/fr\/#organization"},"potentialAction":[{"@type":"SearchAction","target":{"@type":"EntryPoint","urlTemplate":"https:\/\/ferroslapobla.com\/fr\/?s={search_term_string}"},"query-input":{"@type":"PropertyValueSpecification","valueRequired":true,"valueName":"search_term_string"}}],"inLanguage":"fr-FR"},{"@type":"Organization","@id":"https:\/\/ferroslapobla.com\/fr\/#organization","name":"Ferros La Pobla","url":"https:\/\/ferroslapobla.com\/fr\/","logo":{"@type":"ImageObject","inLanguage":"fr-FR","@id":"https:\/\/ferroslapobla.com\/fr\/#\/schema\/logo\/image\/","url":"https:\/\/ferroslapobla.com\/wp-content\/uploads\/2021\/06\/ferros-logo-azul.png","contentUrl":"https:\/\/ferroslapobla.com\/wp-content\/uploads\/2021\/06\/ferros-logo-azul.png","width":200,"height":100,"caption":"Ferros La Pobla"},"image":{"@id":"https:\/\/ferroslapobla.com\/fr\/#\/schema\/logo\/image\/"},"sameAs":["https:\/\/www.facebook.com\/ferroslapobla","https:\/\/x.com\/FerrosLaPobla","https:\/\/es.linkedin.com\/company\/ferros-la-pobla-s-a-","https:\/\/www.youtube.com\/channel\/UCpZCp1qFlzS2ZNogeeNaBzw"]}]}},"_links":{"self":[{"href":"https:\/\/ferroslapobla.com\/fr\/wp-json\/wp\/v2\/product\/15757","targetHints":{"allow":["GET"]}}],"collection":[{"href":"https:\/\/ferroslapobla.com\/fr\/wp-json\/wp\/v2\/product"}],"about":[{"href":"https:\/\/ferroslapobla.com\/fr\/wp-json\/wp\/v2\/types\/product"}],"replies":[{"embeddable":true,"href":"https:\/\/ferroslapobla.com\/fr\/wp-json\/wp\/v2\/comments?post=15757"}],"version-history":[{"count":0,"href":"https:\/\/ferroslapobla.com\/fr\/wp-json\/wp\/v2\/product\/15757\/revisions"}],"wp:featuredmedia":[{"embeddable":true,"href":"https:\/\/ferroslapobla.com\/fr\/wp-json\/wp\/v2\/media\/14721"}],"wp:attachment":[{"href":"https:\/\/ferroslapobla.com\/fr\/wp-json\/wp\/v2\/media?parent=15757"}],"wp:term":[{"taxonomy":"product_cat","embeddable":true,"href":"https:\/\/ferroslapobla.com\/fr\/wp-json\/wp\/v2\/product_cat?post=15757"},{"taxonomy":"product_tag","embeddable":true,"href":"https:\/\/ferroslapobla.com\/fr\/wp-json\/wp\/v2\/product_tag?post=15757"}],"curies":[{"name":"wp","href":"https:\/\/api.w.org\/{rel}","templated":true}]}}