{"id":15640,"date":"2021-11-04T16:14:46","date_gmt":"2021-11-04T15:14:46","guid":{"rendered":"https:\/\/ferroslapobla.com\/non class\u00e9\/plateau-30x3-mm\/"},"modified":"2021-11-04T16:14:46","modified_gmt":"2021-11-04T15:14:46","slug":"plateau-30x3-mm","status":"publish","type":"product","link":"https:\/\/ferroslapobla.com\/fr\/plateau\/plateau-30x3-mm\/","title":{"rendered":"Plateau &#8211; 30&#215;3 mm"},"content":{"rendered":"","protected":false},"excerpt":{"rendered":"<p>Plateau, barres de 6m. Stock permanent.<\/p>\n<p>Plateau, dimensions : 30&#215;3 mm, poids de 0,74 kg\/m. et finition en acier noir. \u00c9galement disponible en fer galvanis\u00e9 sur demande.<\/p>\n<p><span style=\"font-weight: 400;\">La d\u00e9coupe en ligne sur mesure est gratuite et est disponible en une pi\u00e8ce de 6 m. ou en deux pi\u00e8ces de 3 m. Pour la d\u00e9coupe de profil\u00e9s, veuillez nous envoyer le type (droit ou en onglet) dont vous avez besoin, afin que nous puissions l&rsquo;\u00e9valuer.<\/span><\/p>\n<p><span style=\"font-weight: 400;\">Pour voir le reste des options que nous proposons dans notre boutique en ligne, cliquez <\/span><a href=\"https:\/\/ferroslapobla.com\/product-category\/pletina\/\"><span style=\"font-weight: 400;\">ici.<\/span><\/a><\/p>\n<p><span style=\"font-weight: 400;\">Ce produit est livr\u00e9 jusqu&rsquo;\u00e0 150 km de distance.<\/span><\/p>\n<p><span style=\"font-weight: 400;\">*Si vous ne trouvez pas la taille ou l&rsquo;\u00e9paisseur que vous recherchez, vous pouvez nous contacter en utilisant le formulaire ci-dessous.<\/span><\/p>\n","protected":false},"featured_media":15087,"comment_status":"open","ping_status":"closed","template":"","meta":{"_acf_changed":false,"_joinchat":[]},"product_cat":[418,412],"product_tag":[],"class_list":["post-15640","product","type-product","status-publish","has-post-thumbnail","hentry","product_cat-plateau","product_cat-profiles-et-poutres"],"acf":[],"wcpa_form_fields":null,"yoast_head":"<!-- This site is optimized with the Yoast SEO plugin v27.3 - https:\/\/yoast.com\/product\/yoast-seo-wordpress\/ -->\n<title>Plateau - 30x3 mm Ferros La Pobla<\/title>\n<meta name=\"description\" content=\"Comprar Plateau - 30x3 mm en Ferros La Pobla. Plateau, barres de 6m. Stock permanent. Plateau, dimensions : 30x3 mm, poids de 0,74 kg\/m. et finition en acier noir. \u00c9galement disponible en fer galvanis\u00e9 sur demande. La d\u00e9coupe en ligne sur mesure est gratuite et est disponible en une pi\u00e8ce de 6 m. ou en deux pi\u00e8ces de 3 m. Pour la d\u00e9coupe de profil\u00e9s, veuillez nous envoyer le type (droit ou en onglet) dont vous avez besoin, afin que nous puissions l&#039;\u00e9valuer. Pour voir le reste des options que nous proposons dans notre boutique en ligne, cliquez ici. Ce produit est livr\u00e9 jusqu&#039;\u00e0 150 km de distance. *Si vous ne trouvez pas la taille ou l&#039;\u00e9paisseur que vous recherchez, vous pouvez nous contacter en utilisant le formulaire ci-dessous.\" \/>\n<meta name=\"robots\" content=\"index, follow, max-snippet:-1, max-image-preview:large, max-video-preview:-1\" \/>\n<link rel=\"canonical\" href=\"https:\/\/ferroslapobla.com\/fr\/plateau\/plateau-30x3-mm\/\" \/>\n<meta property=\"og:locale\" content=\"fr_FR\" \/>\n<meta property=\"og:type\" content=\"article\" \/>\n<meta property=\"og:title\" content=\"Plateau - 30x3 mm Ferros La Pobla\" \/>\n<meta property=\"og:description\" content=\"Comprar Plateau - 30x3 mm en Ferros La Pobla. Plateau, barres de 6m. Stock permanent. Plateau, dimensions : 30x3 mm, poids de 0,74 kg\/m. et finition en acier noir. \u00c9galement disponible en fer galvanis\u00e9 sur demande. La d\u00e9coupe en ligne sur mesure est gratuite et est disponible en une pi\u00e8ce de 6 m. ou en deux pi\u00e8ces de 3 m. Pour la d\u00e9coupe de profil\u00e9s, veuillez nous envoyer le type (droit ou en onglet) dont vous avez besoin, afin que nous puissions l&#039;\u00e9valuer. Pour voir le reste des options que nous proposons dans notre boutique en ligne, cliquez ici. Ce produit est livr\u00e9 jusqu&#039;\u00e0 150 km de distance. *Si vous ne trouvez pas la taille ou l&#039;\u00e9paisseur que vous recherchez, vous pouvez nous contacter en utilisant le formulaire ci-dessous.\" \/>\n<meta property=\"og:url\" content=\"https:\/\/ferroslapobla.com\/fr\/plateau\/plateau-30x3-mm\/\" \/>\n<meta property=\"og:site_name\" content=\"Ferros La Pobla\" \/>\n<meta property=\"article:publisher\" content=\"https:\/\/www.facebook.com\/ferroslapobla\" \/>\n<meta property=\"og:image\" content=\"https:\/\/ferroslapobla.com\/wp-content\/uploads\/2021\/11\/Pletina30x3-300x300-1.jpg\" \/>\n\t<meta property=\"og:image:width\" content=\"578\" \/>\n\t<meta property=\"og:image:height\" content=\"579\" \/>\n\t<meta property=\"og:image:type\" content=\"image\/jpeg\" \/>\n<meta name=\"twitter:card\" content=\"summary_large_image\" \/>\n<meta name=\"twitter:site\" content=\"@FerrosLaPobla\" \/>\n<!-- \/ Yoast SEO plugin. -->","yoast_head_json":{"title":"Plateau - 30x3 mm Ferros La Pobla","description":"Comprar Plateau - 30x3 mm en Ferros La Pobla. Plateau, barres de 6m. Stock permanent. Plateau, dimensions : 30x3 mm, poids de 0,74 kg\/m. et finition en acier noir. \u00c9galement disponible en fer galvanis\u00e9 sur demande. La d\u00e9coupe en ligne sur mesure est gratuite et est disponible en une pi\u00e8ce de 6 m. ou en deux pi\u00e8ces de 3 m. Pour la d\u00e9coupe de profil\u00e9s, veuillez nous envoyer le type (droit ou en onglet) dont vous avez besoin, afin que nous puissions l'\u00e9valuer. Pour voir le reste des options que nous proposons dans notre boutique en ligne, cliquez ici. Ce produit est livr\u00e9 jusqu'\u00e0 150 km de distance. *Si vous ne trouvez pas la taille ou l'\u00e9paisseur que vous recherchez, vous pouvez nous contacter en utilisant le formulaire ci-dessous.","robots":{"index":"index","follow":"follow","max-snippet":"max-snippet:-1","max-image-preview":"max-image-preview:large","max-video-preview":"max-video-preview:-1"},"canonical":"https:\/\/ferroslapobla.com\/fr\/plateau\/plateau-30x3-mm\/","og_locale":"fr_FR","og_type":"article","og_title":"Plateau - 30x3 mm Ferros La Pobla","og_description":"Comprar Plateau - 30x3 mm en Ferros La Pobla. Plateau, barres de 6m. Stock permanent. Plateau, dimensions : 30x3 mm, poids de 0,74 kg\/m. et finition en acier noir. \u00c9galement disponible en fer galvanis\u00e9 sur demande. La d\u00e9coupe en ligne sur mesure est gratuite et est disponible en une pi\u00e8ce de 6 m. ou en deux pi\u00e8ces de 3 m. Pour la d\u00e9coupe de profil\u00e9s, veuillez nous envoyer le type (droit ou en onglet) dont vous avez besoin, afin que nous puissions l'\u00e9valuer. Pour voir le reste des options que nous proposons dans notre boutique en ligne, cliquez ici. Ce produit est livr\u00e9 jusqu'\u00e0 150 km de distance. *Si vous ne trouvez pas la taille ou l'\u00e9paisseur que vous recherchez, vous pouvez nous contacter en utilisant le formulaire ci-dessous.","og_url":"https:\/\/ferroslapobla.com\/fr\/plateau\/plateau-30x3-mm\/","og_site_name":"Ferros La Pobla","article_publisher":"https:\/\/www.facebook.com\/ferroslapobla","og_image":[{"width":578,"height":579,"url":"https:\/\/ferroslapobla.com\/wp-content\/uploads\/2021\/11\/Pletina30x3-300x300-1.jpg","type":"image\/jpeg"}],"twitter_card":"summary_large_image","twitter_site":"@FerrosLaPobla","schema":{"@context":"https:\/\/schema.org","@graph":[{"@type":"WebPage","@id":"https:\/\/ferroslapobla.com\/fr\/plateau\/plateau-30x3-mm\/","url":"https:\/\/ferroslapobla.com\/fr\/plateau\/plateau-30x3-mm\/","name":"Plateau - 30x3 mm Ferros La Pobla","isPartOf":{"@id":"https:\/\/ferroslapobla.com\/fr\/#website"},"primaryImageOfPage":{"@id":"https:\/\/ferroslapobla.com\/fr\/plateau\/plateau-30x3-mm\/#primaryimage"},"image":{"@id":"https:\/\/ferroslapobla.com\/fr\/plateau\/plateau-30x3-mm\/#primaryimage"},"thumbnailUrl":"https:\/\/ferroslapobla.com\/wp-content\/uploads\/2021\/11\/Pletina30x3-300x300-1.jpg","datePublished":"2021-11-04T15:14:46+00:00","description":"Comprar Plateau - 30x3 mm en Ferros La Pobla. Plateau, barres de 6m. Stock permanent. Plateau, dimensions : 30x3 mm, poids de 0,74 kg\/m. et finition en acier noir. \u00c9galement disponible en fer galvanis\u00e9 sur demande. La d\u00e9coupe en ligne sur mesure est gratuite et est disponible en une pi\u00e8ce de 6 m. ou en deux pi\u00e8ces de 3 m. Pour la d\u00e9coupe de profil\u00e9s, veuillez nous envoyer le type (droit ou en onglet) dont vous avez besoin, afin que nous puissions l'\u00e9valuer. Pour voir le reste des options que nous proposons dans notre boutique en ligne, cliquez ici. Ce produit est livr\u00e9 jusqu'\u00e0 150 km de distance. *Si vous ne trouvez pas la taille ou l'\u00e9paisseur que vous recherchez, vous pouvez nous contacter en utilisant le formulaire ci-dessous.","breadcrumb":{"@id":"https:\/\/ferroslapobla.com\/fr\/plateau\/plateau-30x3-mm\/#breadcrumb"},"inLanguage":"fr-FR","potentialAction":[{"@type":"ReadAction","target":["https:\/\/ferroslapobla.com\/fr\/plateau\/plateau-30x3-mm\/"]}]},{"@type":"ImageObject","inLanguage":"fr-FR","@id":"https:\/\/ferroslapobla.com\/fr\/plateau\/plateau-30x3-mm\/#primaryimage","url":"https:\/\/ferroslapobla.com\/wp-content\/uploads\/2021\/11\/Pletina30x3-300x300-1.jpg","contentUrl":"https:\/\/ferroslapobla.com\/wp-content\/uploads\/2021\/11\/Pletina30x3-300x300-1.jpg","width":578,"height":579,"caption":"Pletina30x3-300x300"},{"@type":"BreadcrumbList","@id":"https:\/\/ferroslapobla.com\/fr\/plateau\/plateau-30x3-mm\/#breadcrumb","itemListElement":[{"@type":"ListItem","position":1,"name":"Couvrir","item":"https:\/\/ferroslapobla.com\/fr\/"},{"@type":"ListItem","position":2,"name":"Boutique","item":"https:\/\/ferroslapobla.com\/fr\/boutique\/"},{"@type":"ListItem","position":3,"name":"Plateau &#8211; 30&#215;3 mm"}]},{"@type":"WebSite","@id":"https:\/\/ferroslapobla.com\/fr\/#website","url":"https:\/\/ferroslapobla.com\/fr\/","name":"Ferros La Pobla","description":"Hierro para construcci\u00f3n y elaboraci\u00f3n de ferralla","publisher":{"@id":"https:\/\/ferroslapobla.com\/fr\/#organization"},"potentialAction":[{"@type":"SearchAction","target":{"@type":"EntryPoint","urlTemplate":"https:\/\/ferroslapobla.com\/fr\/?s={search_term_string}"},"query-input":{"@type":"PropertyValueSpecification","valueRequired":true,"valueName":"search_term_string"}}],"inLanguage":"fr-FR"},{"@type":"Organization","@id":"https:\/\/ferroslapobla.com\/fr\/#organization","name":"Ferros La Pobla","url":"https:\/\/ferroslapobla.com\/fr\/","logo":{"@type":"ImageObject","inLanguage":"fr-FR","@id":"https:\/\/ferroslapobla.com\/fr\/#\/schema\/logo\/image\/","url":"https:\/\/ferroslapobla.com\/wp-content\/uploads\/2021\/06\/ferros-logo-azul.png","contentUrl":"https:\/\/ferroslapobla.com\/wp-content\/uploads\/2021\/06\/ferros-logo-azul.png","width":200,"height":100,"caption":"Ferros La Pobla"},"image":{"@id":"https:\/\/ferroslapobla.com\/fr\/#\/schema\/logo\/image\/"},"sameAs":["https:\/\/www.facebook.com\/ferroslapobla","https:\/\/x.com\/FerrosLaPobla","https:\/\/es.linkedin.com\/company\/ferros-la-pobla-s-a-","https:\/\/www.youtube.com\/channel\/UCpZCp1qFlzS2ZNogeeNaBzw"]}]}},"_links":{"self":[{"href":"https:\/\/ferroslapobla.com\/fr\/wp-json\/wp\/v2\/product\/15640","targetHints":{"allow":["GET"]}}],"collection":[{"href":"https:\/\/ferroslapobla.com\/fr\/wp-json\/wp\/v2\/product"}],"about":[{"href":"https:\/\/ferroslapobla.com\/fr\/wp-json\/wp\/v2\/types\/product"}],"replies":[{"embeddable":true,"href":"https:\/\/ferroslapobla.com\/fr\/wp-json\/wp\/v2\/comments?post=15640"}],"version-history":[{"count":0,"href":"https:\/\/ferroslapobla.com\/fr\/wp-json\/wp\/v2\/product\/15640\/revisions"}],"wp:featuredmedia":[{"embeddable":true,"href":"https:\/\/ferroslapobla.com\/fr\/wp-json\/wp\/v2\/media\/15087"}],"wp:attachment":[{"href":"https:\/\/ferroslapobla.com\/fr\/wp-json\/wp\/v2\/media?parent=15640"}],"wp:term":[{"taxonomy":"product_cat","embeddable":true,"href":"https:\/\/ferroslapobla.com\/fr\/wp-json\/wp\/v2\/product_cat?post=15640"},{"taxonomy":"product_tag","embeddable":true,"href":"https:\/\/ferroslapobla.com\/fr\/wp-json\/wp\/v2\/product_tag?post=15640"}],"curies":[{"name":"wp","href":"https:\/\/api.w.org\/{rel}","templated":true}]}}