{"id":15559,"date":"2021-11-03T14:57:45","date_gmt":"2021-11-03T13:57:45","guid":{"rendered":"https:\/\/ferroslapobla.com\/non%20class\u00e9\/treillis-metallique-15x15x10\/"},"modified":"2022-08-05T11:17:10","modified_gmt":"2022-08-05T10:17:10","slug":"treillis-metallique-15x15x10","status":"publish","type":"product","link":"https:\/\/ferroslapobla.com\/fr\/treillis-metallique\/treillis-metallique-15x15x10\/","title":{"rendered":"Treillis m\u00e9tallique &#8211; 15x15x10"},"content":{"rendered":"<p>Pour t\u00e9l\u00e9charger le certificat de de treillis m\u00e9tallique pour chantier B500T, cliquez <a href=\"https:\/\/ferroslapobla.com\/wp-content\/uploads\/certificados\/CERT_MALLAZO_2020.pdf\" download=\"CERT_MALLAZO_2020.pdf\">ici<\/a>.<\/p>\n<p>Pour t\u00e9l\u00e9charger le certificat de de treillis m\u00e9tallique pour chantier B500SD, cliquez <a href=\"https:\/\/ferroslapobla.com\/wp-content\/uploads\/certificados\/(MALLAZO)_B500SD_MALLAS_ESTANDAR_Espa%C3%B1a.pdf\" download=\"(MALLAZO)_B500SD_MALLAS_ESTANDAR_Espa\u00f1a.pdf\">ici<\/a>.<\/p>\n","protected":false},"excerpt":{"rendered":"<p>Treillis m\u00e9tallique B500T* avec quadrillage de 15&#215;15 cm et diam\u00e8tre de 10 mm en stock permanent.<\/p>\n<ul>\n<li>Dimensions standard de 6,00 m. x 2.20 m.<\/li>\n<li><span style=\"font-weight: 400;\">Possibilit\u00e9 de d\u00e9coupe et de pliage sur mesure sur demande.<\/span><\/li>\n<\/ul>\n<p><b>Option d&rsquo;achat en ligne <\/b><span style=\"font-weight: 400;\">: treillis complet 6.00 m x 2.20 m ou treillis coup\u00e9e en deux pi\u00e8ces de 3.00 m x 2.20 m (le prix de la coupe est ajout\u00e9).<\/span><\/p>\n<p>Pour voir d&rsquo;autres quadrillages de ce produit, cliquez <a href=\"https:\/\/ferroslapobla.com\/product-category\/mallazo\/\">ici<\/a>.<\/p>\n<p>Nous livrons tous les formats jusqu&rsquo;\u00e0 150 km de distance.<\/p>\n<p><i><span style=\"font-weight: 400;\">*Nous disposons du treillis m\u00e9tallique de chantier B500SD certifi\u00e9 par Qualimalla\u00ae \u00e0 partir du diam\u00e8tre 8 (8, 10 et 12). Non disponible en ligne. Vous pouvez demander un devis via notre formulaire de contact.<\/span><\/i><\/p>\n","protected":false},"featured_media":14456,"comment_status":"open","ping_status":"closed","template":"","meta":{"_acf_changed":false,"_joinchat":[]},"product_cat":[407],"product_tag":[],"class_list":["post-15559","product","type-product","status-publish","has-post-thumbnail","hentry","product_cat-treillis-metallique"],"acf":[],"wcpa_form_fields":null,"yoast_head":"<!-- This site is optimized with the Yoast SEO plugin v27.3 - https:\/\/yoast.com\/product\/yoast-seo-wordpress\/ -->\n<title>Treillis m\u00e9tallique - 15x15x10 Ferros La Pobla<\/title>\n<meta name=\"description\" content=\"Comprar Treillis m\u00e9tallique - 15x15x10 en Ferros La Pobla. Treillis m\u00e9tallique B500T* avec quadrillage de 15x15 cm et diam\u00e8tre de 10 mm en stock permanent.   Dimensions standard de 6,00 m. x 2.20 m.  Possibilit\u00e9 de d\u00e9coupe et de pliage sur mesure sur demande.  Option d&#039;achat en ligne : treillis complet 6.00 m x 2.20 m ou treillis coup\u00e9e en deux pi\u00e8ces de 3.00 m x 2.20 m (le prix de la coupe est ajout\u00e9).  Pour voir d&#039;autres quadrillages de ce produit, cliquez ici.  Nous livrons tous les formats jusqu&#039;\u00e0 150 km de distance.  *Nous disposons du treillis m\u00e9tallique de chantier B500SD certifi\u00e9 par Qualimalla\u00ae \u00e0 partir du diam\u00e8tre 8 (8, 10 et 12). Non disponible en ligne. Vous pouvez demander un devis via notre formulaire de contact.\" \/>\n<meta name=\"robots\" content=\"index, follow, max-snippet:-1, max-image-preview:large, max-video-preview:-1\" \/>\n<link rel=\"canonical\" href=\"https:\/\/ferroslapobla.com\/fr\/treillis-metallique\/treillis-metallique-15x15x10\/\" \/>\n<meta property=\"og:locale\" content=\"fr_FR\" \/>\n<meta property=\"og:type\" content=\"article\" \/>\n<meta property=\"og:title\" content=\"Treillis m\u00e9tallique - 15x15x10 Ferros La Pobla\" \/>\n<meta property=\"og:description\" content=\"Comprar Treillis m\u00e9tallique - 15x15x10 en Ferros La Pobla. Treillis m\u00e9tallique B500T* avec quadrillage de 15x15 cm et diam\u00e8tre de 10 mm en stock permanent.   Dimensions standard de 6,00 m. x 2.20 m.  Possibilit\u00e9 de d\u00e9coupe et de pliage sur mesure sur demande.  Option d&#039;achat en ligne : treillis complet 6.00 m x 2.20 m ou treillis coup\u00e9e en deux pi\u00e8ces de 3.00 m x 2.20 m (le prix de la coupe est ajout\u00e9).  Pour voir d&#039;autres quadrillages de ce produit, cliquez ici.  Nous livrons tous les formats jusqu&#039;\u00e0 150 km de distance.  *Nous disposons du treillis m\u00e9tallique de chantier B500SD certifi\u00e9 par Qualimalla\u00ae \u00e0 partir du diam\u00e8tre 8 (8, 10 et 12). Non disponible en ligne. Vous pouvez demander un devis via notre formulaire de contact.\" \/>\n<meta property=\"og:url\" content=\"https:\/\/ferroslapobla.com\/fr\/treillis-metallique\/treillis-metallique-15x15x10\/\" \/>\n<meta property=\"og:site_name\" content=\"Ferros La Pobla\" \/>\n<meta property=\"article:publisher\" content=\"https:\/\/www.facebook.com\/ferroslapobla\" \/>\n<meta property=\"article:modified_time\" content=\"2022-08-05T10:17:10+00:00\" \/>\n<meta property=\"og:image\" content=\"https:\/\/ferroslapobla.com\/wp-content\/uploads\/2021\/11\/15x15x10_mallazo.jpg\" \/>\n\t<meta property=\"og:image:width\" content=\"578\" \/>\n\t<meta property=\"og:image:height\" content=\"579\" \/>\n\t<meta property=\"og:image:type\" content=\"image\/jpeg\" \/>\n<meta name=\"twitter:card\" content=\"summary_large_image\" \/>\n<meta name=\"twitter:site\" content=\"@FerrosLaPobla\" \/>\n<!-- \/ Yoast SEO plugin. -->","yoast_head_json":{"title":"Treillis m\u00e9tallique - 15x15x10 Ferros La Pobla","description":"Comprar Treillis m\u00e9tallique - 15x15x10 en Ferros La Pobla. Treillis m\u00e9tallique B500T* avec quadrillage de 15x15 cm et diam\u00e8tre de 10 mm en stock permanent.   Dimensions standard de 6,00 m. x 2.20 m.  Possibilit\u00e9 de d\u00e9coupe et de pliage sur mesure sur demande.  Option d'achat en ligne : treillis complet 6.00 m x 2.20 m ou treillis coup\u00e9e en deux pi\u00e8ces de 3.00 m x 2.20 m (le prix de la coupe est ajout\u00e9).  Pour voir d'autres quadrillages de ce produit, cliquez ici.  Nous livrons tous les formats jusqu'\u00e0 150 km de distance.  *Nous disposons du treillis m\u00e9tallique de chantier B500SD certifi\u00e9 par Qualimalla\u00ae \u00e0 partir du diam\u00e8tre 8 (8, 10 et 12). Non disponible en ligne. Vous pouvez demander un devis via notre formulaire de contact.","robots":{"index":"index","follow":"follow","max-snippet":"max-snippet:-1","max-image-preview":"max-image-preview:large","max-video-preview":"max-video-preview:-1"},"canonical":"https:\/\/ferroslapobla.com\/fr\/treillis-metallique\/treillis-metallique-15x15x10\/","og_locale":"fr_FR","og_type":"article","og_title":"Treillis m\u00e9tallique - 15x15x10 Ferros La Pobla","og_description":"Comprar Treillis m\u00e9tallique - 15x15x10 en Ferros La Pobla. Treillis m\u00e9tallique B500T* avec quadrillage de 15x15 cm et diam\u00e8tre de 10 mm en stock permanent.   Dimensions standard de 6,00 m. x 2.20 m.  Possibilit\u00e9 de d\u00e9coupe et de pliage sur mesure sur demande.  Option d'achat en ligne : treillis complet 6.00 m x 2.20 m ou treillis coup\u00e9e en deux pi\u00e8ces de 3.00 m x 2.20 m (le prix de la coupe est ajout\u00e9).  Pour voir d'autres quadrillages de ce produit, cliquez ici.  Nous livrons tous les formats jusqu'\u00e0 150 km de distance.  *Nous disposons du treillis m\u00e9tallique de chantier B500SD certifi\u00e9 par Qualimalla\u00ae \u00e0 partir du diam\u00e8tre 8 (8, 10 et 12). Non disponible en ligne. Vous pouvez demander un devis via notre formulaire de contact.","og_url":"https:\/\/ferroslapobla.com\/fr\/treillis-metallique\/treillis-metallique-15x15x10\/","og_site_name":"Ferros La Pobla","article_publisher":"https:\/\/www.facebook.com\/ferroslapobla","article_modified_time":"2022-08-05T10:17:10+00:00","og_image":[{"width":578,"height":579,"url":"https:\/\/ferroslapobla.com\/wp-content\/uploads\/2021\/11\/15x15x10_mallazo.jpg","type":"image\/jpeg"}],"twitter_card":"summary_large_image","twitter_site":"@FerrosLaPobla","schema":{"@context":"https:\/\/schema.org","@graph":[{"@type":"WebPage","@id":"https:\/\/ferroslapobla.com\/fr\/treillis-metallique\/treillis-metallique-15x15x10\/","url":"https:\/\/ferroslapobla.com\/fr\/treillis-metallique\/treillis-metallique-15x15x10\/","name":"Treillis m\u00e9tallique - 15x15x10 Ferros La Pobla","isPartOf":{"@id":"https:\/\/ferroslapobla.com\/fr\/#website"},"primaryImageOfPage":{"@id":"https:\/\/ferroslapobla.com\/fr\/treillis-metallique\/treillis-metallique-15x15x10\/#primaryimage"},"image":{"@id":"https:\/\/ferroslapobla.com\/fr\/treillis-metallique\/treillis-metallique-15x15x10\/#primaryimage"},"thumbnailUrl":"https:\/\/ferroslapobla.com\/wp-content\/uploads\/2021\/11\/15x15x10_mallazo.jpg","datePublished":"2021-11-03T13:57:45+00:00","dateModified":"2022-08-05T10:17:10+00:00","description":"Comprar Treillis m\u00e9tallique - 15x15x10 en Ferros La Pobla. Treillis m\u00e9tallique B500T* avec quadrillage de 15x15 cm et diam\u00e8tre de 10 mm en stock permanent. Dimensions standard de 6,00 m. x 2.20 m. Possibilit\u00e9 de d\u00e9coupe et de pliage sur mesure sur demande. Option d'achat en ligne : treillis complet 6.00 m x 2.20 m ou treillis coup\u00e9e en deux pi\u00e8ces de 3.00 m x 2.20 m (le prix de la coupe est ajout\u00e9). Pour voir d'autres quadrillages de ce produit, cliquez ici. Nous livrons tous les formats jusqu'\u00e0 150 km de distance. *Nous disposons du treillis m\u00e9tallique de chantier B500SD certifi\u00e9 par Qualimalla\u00ae \u00e0 partir du diam\u00e8tre 8 (8, 10 et 12). Non disponible en ligne. Vous pouvez demander un devis via notre formulaire de contact.","breadcrumb":{"@id":"https:\/\/ferroslapobla.com\/fr\/treillis-metallique\/treillis-metallique-15x15x10\/#breadcrumb"},"inLanguage":"fr-FR","potentialAction":[{"@type":"ReadAction","target":["https:\/\/ferroslapobla.com\/fr\/treillis-metallique\/treillis-metallique-15x15x10\/"]}]},{"@type":"ImageObject","inLanguage":"fr-FR","@id":"https:\/\/ferroslapobla.com\/fr\/treillis-metallique\/treillis-metallique-15x15x10\/#primaryimage","url":"https:\/\/ferroslapobla.com\/wp-content\/uploads\/2021\/11\/15x15x10_mallazo.jpg","contentUrl":"https:\/\/ferroslapobla.com\/wp-content\/uploads\/2021\/11\/15x15x10_mallazo.jpg","width":578,"height":579,"caption":"Mallazo - 15x15x10"},{"@type":"BreadcrumbList","@id":"https:\/\/ferroslapobla.com\/fr\/treillis-metallique\/treillis-metallique-15x15x10\/#breadcrumb","itemListElement":[{"@type":"ListItem","position":1,"name":"Couvrir","item":"https:\/\/ferroslapobla.com\/fr\/"},{"@type":"ListItem","position":2,"name":"Boutique","item":"https:\/\/ferroslapobla.com\/fr\/boutique\/"},{"@type":"ListItem","position":3,"name":"Treillis m\u00e9tallique &#8211; 15x15x10"}]},{"@type":"WebSite","@id":"https:\/\/ferroslapobla.com\/fr\/#website","url":"https:\/\/ferroslapobla.com\/fr\/","name":"Ferros La Pobla","description":"Hierro para construcci\u00f3n y elaboraci\u00f3n de ferralla","publisher":{"@id":"https:\/\/ferroslapobla.com\/fr\/#organization"},"potentialAction":[{"@type":"SearchAction","target":{"@type":"EntryPoint","urlTemplate":"https:\/\/ferroslapobla.com\/fr\/?s={search_term_string}"},"query-input":{"@type":"PropertyValueSpecification","valueRequired":true,"valueName":"search_term_string"}}],"inLanguage":"fr-FR"},{"@type":"Organization","@id":"https:\/\/ferroslapobla.com\/fr\/#organization","name":"Ferros La Pobla","url":"https:\/\/ferroslapobla.com\/fr\/","logo":{"@type":"ImageObject","inLanguage":"fr-FR","@id":"https:\/\/ferroslapobla.com\/fr\/#\/schema\/logo\/image\/","url":"https:\/\/ferroslapobla.com\/wp-content\/uploads\/2021\/06\/ferros-logo-azul.png","contentUrl":"https:\/\/ferroslapobla.com\/wp-content\/uploads\/2021\/06\/ferros-logo-azul.png","width":200,"height":100,"caption":"Ferros La Pobla"},"image":{"@id":"https:\/\/ferroslapobla.com\/fr\/#\/schema\/logo\/image\/"},"sameAs":["https:\/\/www.facebook.com\/ferroslapobla","https:\/\/x.com\/FerrosLaPobla","https:\/\/es.linkedin.com\/company\/ferros-la-pobla-s-a-","https:\/\/www.youtube.com\/channel\/UCpZCp1qFlzS2ZNogeeNaBzw"]}]}},"_links":{"self":[{"href":"https:\/\/ferroslapobla.com\/fr\/wp-json\/wp\/v2\/product\/15559","targetHints":{"allow":["GET"]}}],"collection":[{"href":"https:\/\/ferroslapobla.com\/fr\/wp-json\/wp\/v2\/product"}],"about":[{"href":"https:\/\/ferroslapobla.com\/fr\/wp-json\/wp\/v2\/types\/product"}],"replies":[{"embeddable":true,"href":"https:\/\/ferroslapobla.com\/fr\/wp-json\/wp\/v2\/comments?post=15559"}],"version-history":[{"count":0,"href":"https:\/\/ferroslapobla.com\/fr\/wp-json\/wp\/v2\/product\/15559\/revisions"}],"wp:featuredmedia":[{"embeddable":true,"href":"https:\/\/ferroslapobla.com\/fr\/wp-json\/wp\/v2\/media\/14456"}],"wp:attachment":[{"href":"https:\/\/ferroslapobla.com\/fr\/wp-json\/wp\/v2\/media?parent=15559"}],"wp:term":[{"taxonomy":"product_cat","embeddable":true,"href":"https:\/\/ferroslapobla.com\/fr\/wp-json\/wp\/v2\/product_cat?post=15559"},{"taxonomy":"product_tag","embeddable":true,"href":"https:\/\/ferroslapobla.com\/fr\/wp-json\/wp\/v2\/product_tag?post=15559"}],"curies":[{"name":"wp","href":"https:\/\/api.w.org\/{rel}","templated":true}]}}