{"id":15533,"date":"2021-11-03T14:29:11","date_gmt":"2021-11-03T13:29:11","guid":{"rendered":"https:\/\/ferroslapobla.com\/non%20class\u00e9\/agrafes-crochets-pour-le-grillage\/"},"modified":"2024-08-16T14:53:10","modified_gmt":"2024-08-16T13:53:10","slug":"agrafes-crochets-maille","status":"publish","type":"product","link":"https:\/\/ferroslapobla.com\/fr\/agrafes-e-crochets\/agrafes-crochets-maille\/","title":{"rendered":"Agrafes \/ crochets pour le grillage"},"content":{"rendered":"","protected":false},"excerpt":{"rendered":"<p>Agrafes et crochets de fixation en tige \u00e0 nervures centrales. Parfaits pour fixer des mailles ou des plantes.<\/p>\n<p>Diam\u00e8tres disponibles : 8 mm., 10 mm. y 12 mm.<br \/>\nFinitions pointe de tige disponibles : filet\u00e9e, tige transversale et en pointe.<\/p>\n<ul>\n<li>Possibilit\u00e9 de lots personnalis\u00e9s sur mesure.<\/li>\n<li>Collecte dans nos entrep\u00f4ts, pas de commande minimale.<\/li>\n<li>Pour les livraisons, les frais de transport seront calcul\u00e9s en fonction du poids du produit (commande minimale : 300 kg).<\/li>\n<\/ul>\n<p>Ce produit peut \u00eatre livr\u00e9 jusqu&rsquo;\u00e0 150 km de distance.<\/p>\n<p><em>*Non disponible en ligne. Veuillez nous demander un devis. <\/em><em>Gr\u00e2ce \u00e0 notre machinerie, nous pouvons concevoir toutes sortes de tailles d&rsquo;agrafes ou de crochets pour fixer des mailles ou des plantes, avec une quantit\u00e9 minimale et en temps record.<br \/>\n<\/em><\/p>\n","protected":false},"featured_media":14451,"comment_status":"open","ping_status":"closed","template":"","meta":{"_acf_changed":false,"_joinchat":[]},"product_cat":[405],"product_tag":[],"class_list":["post-15533","product","type-product","status-publish","has-post-thumbnail","hentry","product_cat-agrafes-e-crochets"],"acf":[],"wcpa_form_fields":null,"yoast_head":"<!-- This site is optimized with the Yoast SEO plugin v27.3 - https:\/\/yoast.com\/product\/yoast-seo-wordpress\/ -->\n<title>Agrafes \/ crochets pour le grillage Ferros La Pobla<\/title>\n<meta name=\"description\" content=\"Comprar Agrafes \/ crochets pour le grillage en Ferros La Pobla. Agrafes et crochets de fixation en tige \u00e0 nervures centrales. Parfaits pour fixer des mailles ou des plantes.  Diam\u00e8tres disponibles : 8 mm., 10 mm. y 12 mm. Finitions pointe de tige disponibles : filet\u00e9e, tige transversale et en pointe.   Possibilit\u00e9 de lots personnalis\u00e9s sur mesure.  Collecte dans nos entrep\u00f4ts, pas de commande minimale.  Pour les livraisons, les frais de transport seront calcul\u00e9s en fonction du poids du produit (commande minimale : 300 kg).  Ce produit peut \u00eatre livr\u00e9 jusqu&#039;\u00e0 150 km de distance.  *Non disponible en ligne. Veuillez nous demander un devis. Gr\u00e2ce \u00e0 notre machinerie, nous pouvons concevoir toutes sortes de tailles d&#039;agrafes ou de crochets pour fixer des mailles ou des plantes, avec une quantit\u00e9 minimale et en temps record.\" \/>\n<meta name=\"robots\" content=\"index, follow, max-snippet:-1, max-image-preview:large, max-video-preview:-1\" \/>\n<link rel=\"canonical\" href=\"https:\/\/ferroslapobla.com\/fr\/agrafes-e-crochets\/agrafes-crochets-maille\/\" \/>\n<meta property=\"og:locale\" content=\"fr_FR\" \/>\n<meta property=\"og:type\" content=\"article\" \/>\n<meta property=\"og:title\" content=\"Agrafes \/ crochets pour le grillage Ferros La Pobla\" \/>\n<meta property=\"og:description\" content=\"Comprar Agrafes \/ crochets pour le grillage en Ferros La Pobla. Agrafes et crochets de fixation en tige \u00e0 nervures centrales. Parfaits pour fixer des mailles ou des plantes.  Diam\u00e8tres disponibles : 8 mm., 10 mm. y 12 mm. Finitions pointe de tige disponibles : filet\u00e9e, tige transversale et en pointe.   Possibilit\u00e9 de lots personnalis\u00e9s sur mesure.  Collecte dans nos entrep\u00f4ts, pas de commande minimale.  Pour les livraisons, les frais de transport seront calcul\u00e9s en fonction du poids du produit (commande minimale : 300 kg).  Ce produit peut \u00eatre livr\u00e9 jusqu&#039;\u00e0 150 km de distance.  *Non disponible en ligne. Veuillez nous demander un devis. Gr\u00e2ce \u00e0 notre machinerie, nous pouvons concevoir toutes sortes de tailles d&#039;agrafes ou de crochets pour fixer des mailles ou des plantes, avec une quantit\u00e9 minimale et en temps record.\" \/>\n<meta property=\"og:url\" content=\"https:\/\/ferroslapobla.com\/fr\/agrafes-e-crochets\/agrafes-crochets-maille\/\" \/>\n<meta property=\"og:site_name\" content=\"Ferros La Pobla\" \/>\n<meta property=\"article:publisher\" content=\"https:\/\/www.facebook.com\/ferroslapobla\" \/>\n<meta property=\"article:modified_time\" content=\"2024-08-16T13:53:10+00:00\" \/>\n<meta property=\"og:image\" content=\"https:\/\/ferroslapobla.com\/wp-content\/uploads\/2021\/11\/grapas_ganchos_mallas.jpg\" \/>\n\t<meta property=\"og:image:width\" content=\"578\" \/>\n\t<meta property=\"og:image:height\" content=\"579\" \/>\n\t<meta property=\"og:image:type\" content=\"image\/jpeg\" \/>\n<meta name=\"twitter:card\" content=\"summary_large_image\" \/>\n<meta name=\"twitter:site\" content=\"@FerrosLaPobla\" \/>\n<!-- \/ Yoast SEO plugin. -->","yoast_head_json":{"title":"Agrafes \/ crochets pour le grillage Ferros La Pobla","description":"Comprar Agrafes \/ crochets pour le grillage en Ferros La Pobla. Agrafes et crochets de fixation en tige \u00e0 nervures centrales. Parfaits pour fixer des mailles ou des plantes.  Diam\u00e8tres disponibles : 8 mm., 10 mm. y 12 mm. Finitions pointe de tige disponibles : filet\u00e9e, tige transversale et en pointe.   Possibilit\u00e9 de lots personnalis\u00e9s sur mesure.  Collecte dans nos entrep\u00f4ts, pas de commande minimale.  Pour les livraisons, les frais de transport seront calcul\u00e9s en fonction du poids du produit (commande minimale : 300 kg).  Ce produit peut \u00eatre livr\u00e9 jusqu'\u00e0 150 km de distance.  *Non disponible en ligne. Veuillez nous demander un devis. Gr\u00e2ce \u00e0 notre machinerie, nous pouvons concevoir toutes sortes de tailles d'agrafes ou de crochets pour fixer des mailles ou des plantes, avec une quantit\u00e9 minimale et en temps record.","robots":{"index":"index","follow":"follow","max-snippet":"max-snippet:-1","max-image-preview":"max-image-preview:large","max-video-preview":"max-video-preview:-1"},"canonical":"https:\/\/ferroslapobla.com\/fr\/agrafes-e-crochets\/agrafes-crochets-maille\/","og_locale":"fr_FR","og_type":"article","og_title":"Agrafes \/ crochets pour le grillage Ferros La Pobla","og_description":"Comprar Agrafes \/ crochets pour le grillage en Ferros La Pobla. Agrafes et crochets de fixation en tige \u00e0 nervures centrales. Parfaits pour fixer des mailles ou des plantes.  Diam\u00e8tres disponibles : 8 mm., 10 mm. y 12 mm. Finitions pointe de tige disponibles : filet\u00e9e, tige transversale et en pointe.   Possibilit\u00e9 de lots personnalis\u00e9s sur mesure.  Collecte dans nos entrep\u00f4ts, pas de commande minimale.  Pour les livraisons, les frais de transport seront calcul\u00e9s en fonction du poids du produit (commande minimale : 300 kg).  Ce produit peut \u00eatre livr\u00e9 jusqu'\u00e0 150 km de distance.  *Non disponible en ligne. Veuillez nous demander un devis. Gr\u00e2ce \u00e0 notre machinerie, nous pouvons concevoir toutes sortes de tailles d'agrafes ou de crochets pour fixer des mailles ou des plantes, avec une quantit\u00e9 minimale et en temps record.","og_url":"https:\/\/ferroslapobla.com\/fr\/agrafes-e-crochets\/agrafes-crochets-maille\/","og_site_name":"Ferros La Pobla","article_publisher":"https:\/\/www.facebook.com\/ferroslapobla","article_modified_time":"2024-08-16T13:53:10+00:00","og_image":[{"width":578,"height":579,"url":"https:\/\/ferroslapobla.com\/wp-content\/uploads\/2021\/11\/grapas_ganchos_mallas.jpg","type":"image\/jpeg"}],"twitter_card":"summary_large_image","twitter_site":"@FerrosLaPobla","schema":{"@context":"https:\/\/schema.org","@graph":[{"@type":"WebPage","@id":"https:\/\/ferroslapobla.com\/fr\/agrafes-e-crochets\/agrafes-crochets-maille\/","url":"https:\/\/ferroslapobla.com\/fr\/agrafes-e-crochets\/agrafes-crochets-maille\/","name":"Agrafes \/ crochets pour le grillage Ferros La Pobla","isPartOf":{"@id":"https:\/\/ferroslapobla.com\/fr\/#website"},"primaryImageOfPage":{"@id":"https:\/\/ferroslapobla.com\/fr\/agrafes-e-crochets\/agrafes-crochets-maille\/#primaryimage"},"image":{"@id":"https:\/\/ferroslapobla.com\/fr\/agrafes-e-crochets\/agrafes-crochets-maille\/#primaryimage"},"thumbnailUrl":"https:\/\/ferroslapobla.com\/wp-content\/uploads\/2021\/11\/grapas_ganchos_mallas.jpg","datePublished":"2021-11-03T13:29:11+00:00","dateModified":"2024-08-16T13:53:10+00:00","description":"Comprar Agrafes \/ crochets pour le grillage en Ferros La Pobla. Agrafes et crochets de fixation en tige \u00e0 nervures centrales. Parfaits pour fixer des mailles ou des plantes. Diam\u00e8tres disponibles : 8 mm., 10 mm. y 12 mm. Finitions pointe de tige disponibles : filet\u00e9e, tige transversale et en pointe. Possibilit\u00e9 de lots personnalis\u00e9s sur mesure. Collecte dans nos entrep\u00f4ts, pas de commande minimale. Pour les livraisons, les frais de transport seront calcul\u00e9s en fonction du poids du produit (commande minimale : 300 kg). Ce produit peut \u00eatre livr\u00e9 jusqu'\u00e0 150 km de distance. *Non disponible en ligne. Veuillez nous demander un devis. Gr\u00e2ce \u00e0 notre machinerie, nous pouvons concevoir toutes sortes de tailles d'agrafes ou de crochets pour fixer des mailles ou des plantes, avec une quantit\u00e9 minimale et en temps record.","breadcrumb":{"@id":"https:\/\/ferroslapobla.com\/fr\/agrafes-e-crochets\/agrafes-crochets-maille\/#breadcrumb"},"inLanguage":"fr-FR","potentialAction":[{"@type":"ReadAction","target":["https:\/\/ferroslapobla.com\/fr\/agrafes-e-crochets\/agrafes-crochets-maille\/"]}]},{"@type":"ImageObject","inLanguage":"fr-FR","@id":"https:\/\/ferroslapobla.com\/fr\/agrafes-e-crochets\/agrafes-crochets-maille\/#primaryimage","url":"https:\/\/ferroslapobla.com\/wp-content\/uploads\/2021\/11\/grapas_ganchos_mallas.jpg","contentUrl":"https:\/\/ferroslapobla.com\/wp-content\/uploads\/2021\/11\/grapas_ganchos_mallas.jpg","width":578,"height":579,"caption":"Grapas \/ Ganchos para mallas"},{"@type":"BreadcrumbList","@id":"https:\/\/ferroslapobla.com\/fr\/agrafes-e-crochets\/agrafes-crochets-maille\/#breadcrumb","itemListElement":[{"@type":"ListItem","position":1,"name":"Couvrir","item":"https:\/\/ferroslapobla.com\/fr\/"},{"@type":"ListItem","position":2,"name":"Boutique","item":"https:\/\/ferroslapobla.com\/fr\/boutique\/"},{"@type":"ListItem","position":3,"name":"Agrafes \/ crochets pour le grillage"}]},{"@type":"WebSite","@id":"https:\/\/ferroslapobla.com\/fr\/#website","url":"https:\/\/ferroslapobla.com\/fr\/","name":"Ferros La Pobla","description":"Hierro para construcci\u00f3n y elaboraci\u00f3n de ferralla","publisher":{"@id":"https:\/\/ferroslapobla.com\/fr\/#organization"},"potentialAction":[{"@type":"SearchAction","target":{"@type":"EntryPoint","urlTemplate":"https:\/\/ferroslapobla.com\/fr\/?s={search_term_string}"},"query-input":{"@type":"PropertyValueSpecification","valueRequired":true,"valueName":"search_term_string"}}],"inLanguage":"fr-FR"},{"@type":"Organization","@id":"https:\/\/ferroslapobla.com\/fr\/#organization","name":"Ferros La Pobla","url":"https:\/\/ferroslapobla.com\/fr\/","logo":{"@type":"ImageObject","inLanguage":"fr-FR","@id":"https:\/\/ferroslapobla.com\/fr\/#\/schema\/logo\/image\/","url":"https:\/\/ferroslapobla.com\/wp-content\/uploads\/2021\/06\/ferros-logo-azul.png","contentUrl":"https:\/\/ferroslapobla.com\/wp-content\/uploads\/2021\/06\/ferros-logo-azul.png","width":200,"height":100,"caption":"Ferros La Pobla"},"image":{"@id":"https:\/\/ferroslapobla.com\/fr\/#\/schema\/logo\/image\/"},"sameAs":["https:\/\/www.facebook.com\/ferroslapobla","https:\/\/x.com\/FerrosLaPobla","https:\/\/es.linkedin.com\/company\/ferros-la-pobla-s-a-","https:\/\/www.youtube.com\/channel\/UCpZCp1qFlzS2ZNogeeNaBzw"]}]}},"_links":{"self":[{"href":"https:\/\/ferroslapobla.com\/fr\/wp-json\/wp\/v2\/product\/15533","targetHints":{"allow":["GET"]}}],"collection":[{"href":"https:\/\/ferroslapobla.com\/fr\/wp-json\/wp\/v2\/product"}],"about":[{"href":"https:\/\/ferroslapobla.com\/fr\/wp-json\/wp\/v2\/types\/product"}],"replies":[{"embeddable":true,"href":"https:\/\/ferroslapobla.com\/fr\/wp-json\/wp\/v2\/comments?post=15533"}],"version-history":[{"count":1,"href":"https:\/\/ferroslapobla.com\/fr\/wp-json\/wp\/v2\/product\/15533\/revisions"}],"predecessor-version":[{"id":18741,"href":"https:\/\/ferroslapobla.com\/fr\/wp-json\/wp\/v2\/product\/15533\/revisions\/18741"}],"wp:featuredmedia":[{"embeddable":true,"href":"https:\/\/ferroslapobla.com\/fr\/wp-json\/wp\/v2\/media\/14451"}],"wp:attachment":[{"href":"https:\/\/ferroslapobla.com\/fr\/wp-json\/wp\/v2\/media?parent=15533"}],"wp:term":[{"taxonomy":"product_cat","embeddable":true,"href":"https:\/\/ferroslapobla.com\/fr\/wp-json\/wp\/v2\/product_cat?post=15533"},{"taxonomy":"product_tag","embeddable":true,"href":"https:\/\/ferroslapobla.com\/fr\/wp-json\/wp\/v2\/product_tag?post=15533"}],"curies":[{"name":"wp","href":"https:\/\/api.w.org\/{rel}","templated":true}]}}