{"id":15516,"date":"2021-11-03T13:02:36","date_gmt":"2021-11-03T12:02:36","guid":{"rendered":"https:\/\/ferroslapobla.com\/non class\u00e9\/tole-lisse-en-acier-noir-2000x1000x15-mm\/"},"modified":"2024-03-01T00:00:36","modified_gmt":"2024-02-29T23:00:36","slug":"tole-lisse-en-acier-noir-2000x1000x15-mm","status":"publish","type":"product","link":"https:\/\/ferroslapobla.com\/fr\/tole-lisse\/tole-lisse-en-acier-noir-2000x1000x15-mm\/","title":{"rendered":"T\u00f4le lisse en acier noir &#8211; 2000x1000x1,5 mm"},"content":{"rendered":"","protected":false},"excerpt":{"rendered":"<p>T\u00f4le lisse obtenue \u00e0 partir de bobines d&rsquo;acier avec une finition en acier galvanis\u00e9. Format 2000x1000x1,5 mm et poids 54 kg\/unit\u00e9.<\/p>\n<p>Avec un traitement pour am\u00e9liorer sa r\u00e9sistance aux impacts et aux coups, ainsi que pour \u00e9viter l&rsquo;usure du mat\u00e9riau due aux facteurs climatiques et m\u00eame pour am\u00e9liorer son esth\u00e9tique.<\/p>\n<p>Pour voir les autres options disponibles, cliquez <a href=\"https:\/\/ferroslapobla.com\/product-category\/chapa-lisa\/\">ici.<\/a><\/p>\n<p>Ce produit est livr\u00e9 jusqu&rsquo;\u00e0 150 km de distance.<\/p>\n<p><em>*Si vous avez besoin d&rsquo;une autre d\u00e9coupe ou du format 3000\u00d71500, veuillez nous demander un devis.<\/em><\/p>\n","protected":false},"featured_media":15033,"comment_status":"open","ping_status":"closed","template":"","meta":{"_acf_changed":false,"_joinchat":[]},"product_cat":[395],"product_tag":[],"class_list":["post-15516","product","type-product","status-publish","has-post-thumbnail","hentry","product_cat-tole-lisse"],"acf":[],"wcpa_form_fields":null,"yoast_head":"<!-- This site is optimized with the Yoast SEO plugin v27.3 - https:\/\/yoast.com\/product\/yoast-seo-wordpress\/ -->\n<title>T\u00f4le lisse en acier noir - 2000x1000x1,5 mm Ferros La Pobla<\/title>\n<meta name=\"description\" content=\"Comprar T\u00f4le lisse en acier noir - 2000x1000x1,5 mm en Ferros La Pobla. T\u00f4le lisse obtenue \u00e0 partir de bobines d&#039;acier avec une finition en acier galvanis\u00e9. Format 2000x1000x1,5 mm et poids 54 kg\/unit\u00e9. Avec un traitement pour am\u00e9liorer sa r\u00e9sistance aux impacts et aux coups, ainsi que pour \u00e9viter l&#039;usure du mat\u00e9riau due aux facteurs climatiques et m\u00eame pour am\u00e9liorer son esth\u00e9tique. Pour voir les autres options disponibles, cliquez ici. Ce produit est livr\u00e9 jusqu&#039;\u00e0 150 km de distance. *Si vous avez besoin d&#039;une autre d\u00e9coupe ou du format 3000\u00d71500, veuillez nous demander un devis.\" \/>\n<meta name=\"robots\" content=\"index, follow, max-snippet:-1, max-image-preview:large, max-video-preview:-1\" \/>\n<link rel=\"canonical\" href=\"https:\/\/ferroslapobla.com\/fr\/tole-lisse\/tole-lisse-en-acier-noir-2000x1000x15-mm\/\" \/>\n<meta property=\"og:locale\" content=\"fr_FR\" \/>\n<meta property=\"og:type\" content=\"article\" \/>\n<meta property=\"og:title\" content=\"T\u00f4le lisse en acier noir - 2000x1000x1,5 mm Ferros La Pobla\" \/>\n<meta property=\"og:description\" content=\"Comprar T\u00f4le lisse en acier noir - 2000x1000x1,5 mm en Ferros La Pobla. T\u00f4le lisse obtenue \u00e0 partir de bobines d&#039;acier avec une finition en acier galvanis\u00e9. Format 2000x1000x1,5 mm et poids 54 kg\/unit\u00e9. Avec un traitement pour am\u00e9liorer sa r\u00e9sistance aux impacts et aux coups, ainsi que pour \u00e9viter l&#039;usure du mat\u00e9riau due aux facteurs climatiques et m\u00eame pour am\u00e9liorer son esth\u00e9tique. Pour voir les autres options disponibles, cliquez ici. Ce produit est livr\u00e9 jusqu&#039;\u00e0 150 km de distance. *Si vous avez besoin d&#039;une autre d\u00e9coupe ou du format 3000\u00d71500, veuillez nous demander un devis.\" \/>\n<meta property=\"og:url\" content=\"https:\/\/ferroslapobla.com\/fr\/tole-lisse\/tole-lisse-en-acier-noir-2000x1000x15-mm\/\" \/>\n<meta property=\"og:site_name\" content=\"Ferros La Pobla\" \/>\n<meta property=\"article:publisher\" content=\"https:\/\/www.facebook.com\/ferroslapobla\" \/>\n<meta property=\"article:modified_time\" content=\"2024-02-29T23:00:36+00:00\" \/>\n<meta property=\"og:image\" content=\"https:\/\/ferroslapobla.com\/wp-content\/uploads\/2021\/11\/Chapa_lisa_AN_2000x1000x1_5-300x300-1.jpg\" \/>\n\t<meta property=\"og:image:width\" content=\"578\" \/>\n\t<meta property=\"og:image:height\" content=\"579\" \/>\n\t<meta property=\"og:image:type\" content=\"image\/jpeg\" \/>\n<meta name=\"twitter:card\" content=\"summary_large_image\" \/>\n<meta name=\"twitter:site\" content=\"@FerrosLaPobla\" \/>\n<!-- \/ Yoast SEO plugin. -->","yoast_head_json":{"title":"T\u00f4le lisse en acier noir - 2000x1000x1,5 mm Ferros La Pobla","description":"Comprar T\u00f4le lisse en acier noir - 2000x1000x1,5 mm en Ferros La Pobla. T\u00f4le lisse obtenue \u00e0 partir de bobines d'acier avec une finition en acier galvanis\u00e9. Format 2000x1000x1,5 mm et poids 54 kg\/unit\u00e9. Avec un traitement pour am\u00e9liorer sa r\u00e9sistance aux impacts et aux coups, ainsi que pour \u00e9viter l'usure du mat\u00e9riau due aux facteurs climatiques et m\u00eame pour am\u00e9liorer son esth\u00e9tique. Pour voir les autres options disponibles, cliquez ici. Ce produit est livr\u00e9 jusqu'\u00e0 150 km de distance. *Si vous avez besoin d'une autre d\u00e9coupe ou du format 3000\u00d71500, veuillez nous demander un devis.","robots":{"index":"index","follow":"follow","max-snippet":"max-snippet:-1","max-image-preview":"max-image-preview:large","max-video-preview":"max-video-preview:-1"},"canonical":"https:\/\/ferroslapobla.com\/fr\/tole-lisse\/tole-lisse-en-acier-noir-2000x1000x15-mm\/","og_locale":"fr_FR","og_type":"article","og_title":"T\u00f4le lisse en acier noir - 2000x1000x1,5 mm Ferros La Pobla","og_description":"Comprar T\u00f4le lisse en acier noir - 2000x1000x1,5 mm en Ferros La Pobla. T\u00f4le lisse obtenue \u00e0 partir de bobines d'acier avec une finition en acier galvanis\u00e9. Format 2000x1000x1,5 mm et poids 54 kg\/unit\u00e9. Avec un traitement pour am\u00e9liorer sa r\u00e9sistance aux impacts et aux coups, ainsi que pour \u00e9viter l'usure du mat\u00e9riau due aux facteurs climatiques et m\u00eame pour am\u00e9liorer son esth\u00e9tique. Pour voir les autres options disponibles, cliquez ici. Ce produit est livr\u00e9 jusqu'\u00e0 150 km de distance. *Si vous avez besoin d'une autre d\u00e9coupe ou du format 3000\u00d71500, veuillez nous demander un devis.","og_url":"https:\/\/ferroslapobla.com\/fr\/tole-lisse\/tole-lisse-en-acier-noir-2000x1000x15-mm\/","og_site_name":"Ferros La Pobla","article_publisher":"https:\/\/www.facebook.com\/ferroslapobla","article_modified_time":"2024-02-29T23:00:36+00:00","og_image":[{"width":578,"height":579,"url":"https:\/\/ferroslapobla.com\/wp-content\/uploads\/2021\/11\/Chapa_lisa_AN_2000x1000x1_5-300x300-1.jpg","type":"image\/jpeg"}],"twitter_card":"summary_large_image","twitter_site":"@FerrosLaPobla","schema":{"@context":"https:\/\/schema.org","@graph":[{"@type":"WebPage","@id":"https:\/\/ferroslapobla.com\/fr\/tole-lisse\/tole-lisse-en-acier-noir-2000x1000x15-mm\/","url":"https:\/\/ferroslapobla.com\/fr\/tole-lisse\/tole-lisse-en-acier-noir-2000x1000x15-mm\/","name":"T\u00f4le lisse en acier noir - 2000x1000x1,5 mm Ferros La Pobla","isPartOf":{"@id":"https:\/\/ferroslapobla.com\/fr\/#website"},"primaryImageOfPage":{"@id":"https:\/\/ferroslapobla.com\/fr\/tole-lisse\/tole-lisse-en-acier-noir-2000x1000x15-mm\/#primaryimage"},"image":{"@id":"https:\/\/ferroslapobla.com\/fr\/tole-lisse\/tole-lisse-en-acier-noir-2000x1000x15-mm\/#primaryimage"},"thumbnailUrl":"https:\/\/ferroslapobla.com\/wp-content\/uploads\/2021\/11\/Chapa_lisa_AN_2000x1000x1_5-300x300-1.jpg","datePublished":"2021-11-03T12:02:36+00:00","dateModified":"2024-02-29T23:00:36+00:00","description":"Comprar T\u00f4le lisse en acier noir - 2000x1000x1,5 mm en Ferros La Pobla. T\u00f4le lisse obtenue \u00e0 partir de bobines d'acier avec une finition en acier galvanis\u00e9. Format 2000x1000x1,5 mm et poids 54 kg\/unit\u00e9. Avec un traitement pour am\u00e9liorer sa r\u00e9sistance aux impacts et aux coups, ainsi que pour \u00e9viter l'usure du mat\u00e9riau due aux facteurs climatiques et m\u00eame pour am\u00e9liorer son esth\u00e9tique. Pour voir les autres options disponibles, cliquez ici. Ce produit est livr\u00e9 jusqu'\u00e0 150 km de distance. *Si vous avez besoin d'une autre d\u00e9coupe ou du format 3000\u00d71500, veuillez nous demander un devis.","breadcrumb":{"@id":"https:\/\/ferroslapobla.com\/fr\/tole-lisse\/tole-lisse-en-acier-noir-2000x1000x15-mm\/#breadcrumb"},"inLanguage":"fr-FR","potentialAction":[{"@type":"ReadAction","target":["https:\/\/ferroslapobla.com\/fr\/tole-lisse\/tole-lisse-en-acier-noir-2000x1000x15-mm\/"]}]},{"@type":"ImageObject","inLanguage":"fr-FR","@id":"https:\/\/ferroslapobla.com\/fr\/tole-lisse\/tole-lisse-en-acier-noir-2000x1000x15-mm\/#primaryimage","url":"https:\/\/ferroslapobla.com\/wp-content\/uploads\/2021\/11\/Chapa_lisa_AN_2000x1000x1_5-300x300-1.jpg","contentUrl":"https:\/\/ferroslapobla.com\/wp-content\/uploads\/2021\/11\/Chapa_lisa_AN_2000x1000x1_5-300x300-1.jpg","width":578,"height":579,"caption":"Chapa_lisa_AN_2000x1000x1_5-300x300"},{"@type":"BreadcrumbList","@id":"https:\/\/ferroslapobla.com\/fr\/tole-lisse\/tole-lisse-en-acier-noir-2000x1000x15-mm\/#breadcrumb","itemListElement":[{"@type":"ListItem","position":1,"name":"Couvrir","item":"https:\/\/ferroslapobla.com\/fr\/"},{"@type":"ListItem","position":2,"name":"Boutique","item":"https:\/\/ferroslapobla.com\/fr\/boutique\/"},{"@type":"ListItem","position":3,"name":"T\u00f4le lisse en acier noir &#8211; 2000x1000x1,5 mm"}]},{"@type":"WebSite","@id":"https:\/\/ferroslapobla.com\/fr\/#website","url":"https:\/\/ferroslapobla.com\/fr\/","name":"Ferros La Pobla","description":"Hierro para construcci\u00f3n y elaboraci\u00f3n de ferralla","publisher":{"@id":"https:\/\/ferroslapobla.com\/fr\/#organization"},"potentialAction":[{"@type":"SearchAction","target":{"@type":"EntryPoint","urlTemplate":"https:\/\/ferroslapobla.com\/fr\/?s={search_term_string}"},"query-input":{"@type":"PropertyValueSpecification","valueRequired":true,"valueName":"search_term_string"}}],"inLanguage":"fr-FR"},{"@type":"Organization","@id":"https:\/\/ferroslapobla.com\/fr\/#organization","name":"Ferros La Pobla","url":"https:\/\/ferroslapobla.com\/fr\/","logo":{"@type":"ImageObject","inLanguage":"fr-FR","@id":"https:\/\/ferroslapobla.com\/fr\/#\/schema\/logo\/image\/","url":"https:\/\/ferroslapobla.com\/wp-content\/uploads\/2021\/06\/ferros-logo-azul.png","contentUrl":"https:\/\/ferroslapobla.com\/wp-content\/uploads\/2021\/06\/ferros-logo-azul.png","width":200,"height":100,"caption":"Ferros La Pobla"},"image":{"@id":"https:\/\/ferroslapobla.com\/fr\/#\/schema\/logo\/image\/"},"sameAs":["https:\/\/www.facebook.com\/ferroslapobla","https:\/\/x.com\/FerrosLaPobla","https:\/\/es.linkedin.com\/company\/ferros-la-pobla-s-a-","https:\/\/www.youtube.com\/channel\/UCpZCp1qFlzS2ZNogeeNaBzw"]}]}},"_links":{"self":[{"href":"https:\/\/ferroslapobla.com\/fr\/wp-json\/wp\/v2\/product\/15516","targetHints":{"allow":["GET"]}}],"collection":[{"href":"https:\/\/ferroslapobla.com\/fr\/wp-json\/wp\/v2\/product"}],"about":[{"href":"https:\/\/ferroslapobla.com\/fr\/wp-json\/wp\/v2\/types\/product"}],"replies":[{"embeddable":true,"href":"https:\/\/ferroslapobla.com\/fr\/wp-json\/wp\/v2\/comments?post=15516"}],"version-history":[{"count":0,"href":"https:\/\/ferroslapobla.com\/fr\/wp-json\/wp\/v2\/product\/15516\/revisions"}],"wp:featuredmedia":[{"embeddable":true,"href":"https:\/\/ferroslapobla.com\/fr\/wp-json\/wp\/v2\/media\/15033"}],"wp:attachment":[{"href":"https:\/\/ferroslapobla.com\/fr\/wp-json\/wp\/v2\/media?parent=15516"}],"wp:term":[{"taxonomy":"product_cat","embeddable":true,"href":"https:\/\/ferroslapobla.com\/fr\/wp-json\/wp\/v2\/product_cat?post=15516"},{"taxonomy":"product_tag","embeddable":true,"href":"https:\/\/ferroslapobla.com\/fr\/wp-json\/wp\/v2\/product_tag?post=15516"}],"curies":[{"name":"wp","href":"https:\/\/api.w.org\/{rel}","templated":true}]}}