{"id":15483,"date":"2021-11-02T17:38:08","date_gmt":"2021-11-02T16:38:08","guid":{"rendered":"https:\/\/ferroslapobla.com\/non%20class\u00e9\/treillis-fisufor-3050x150x4-mm\/"},"modified":"2022-07-22T07:44:40","modified_gmt":"2022-07-22T06:44:40","slug":"armadura-tendel-3050x150x4-mm-fr","status":"publish","type":"product","link":"https:\/\/ferroslapobla.com\/fr\/treillis-fisufor\/armadura-tendel-3050x150x4-mm-fr\/","title":{"rendered":"Treillis Fisufor\u00ae &#8211; 3050x150x4 mm"},"content":{"rendered":"<p>Pour t\u00e9l\u00e9charger le certificat de ce produit, cliquez sur <a href=\"\/wp-content\/uploads\/certificados\/CERT_FISUFOR_(ARMADURA_TENDEL).pdf\">ici.<\/a><\/p>\n","protected":false},"excerpt":{"rendered":"<p>Treillis Fisufor\u00ae ou treillis plat, \u00e9galement connue sous le nom d&rsquo;armature Fisufor\u00a9 3050x150x4 mm.<\/p>\n<p>Ce produit est constitu\u00e9 de deux fils de fer parall\u00e8les soud\u00e9s \u00e0 un troisi\u00e8me fil en zigzag sur le m\u00eame plan, de sorte que l&rsquo;\u00e9paisseur totale de la maille n&rsquo;est jamais sup\u00e9rieure au diam\u00e8tre des fils de fer longitudinaux.<\/p>\n<ul>\n<li>Il est r\u00e9sistant aux d\u00e9placements possibles lors de mouvements \u00e0 grande \u00e9chelle.<\/li>\n<li>R\u00e9sistance \u00e9lev\u00e9e \u00e0 la corrosion, m\u00eame en cas d&rsquo;utilisation non structurelle de l&rsquo;armature, en raison du fait qu&rsquo;elle est bien enfonc\u00e9e dans le mur.<\/li>\n<li>Il poss\u00e8de une bonne ductilit\u00e9, ce qui lui permet de se d\u00e9former pour \u00e9viter la rupture.<\/li>\n<li>Dans le cas d&rsquo;une utilisation non structurale, l&rsquo;armature est enti\u00e8rement comprim\u00e9e dans le mur.<\/li>\n<li>Il contr\u00f4le les fissures et aide \u00e0 absorber les contraintes, les d\u00e9formations ou les pressions que le mur supporte, lat\u00e9ralement dans les murs en briques.<\/li>\n<\/ul>\n<p>Ce produit est livr\u00e9 dans la province de Valencia.<\/p>\n","protected":false},"featured_media":14884,"comment_status":"open","ping_status":"closed","template":"","meta":{"_acf_changed":false,"_joinchat":[]},"product_cat":[388],"product_tag":[],"class_list":["post-15483","product","type-product","status-publish","has-post-thumbnail","hentry","product_cat-treillis-fisufor"],"acf":[],"wcpa_form_fields":null,"yoast_head":"<!-- This site is optimized with the Yoast SEO plugin v27.3 - https:\/\/yoast.com\/product\/yoast-seo-wordpress\/ -->\n<title>Treillis Fisufor\u00ae - 3050x150x4 mm Ferros La Pobla<\/title>\n<meta name=\"description\" content=\"Comprar Treillis Fisufor\u00ae - 3050x150x4 mm en Ferros La Pobla. Treillis Fisufor\u00ae ou treillis plat, \u00e9galement connue sous le nom d&#039;armature Fisufor\u00a9 3050x150x4 mm.  Ce produit est constitu\u00e9 de deux fils de fer parall\u00e8les soud\u00e9s \u00e0 un troisi\u00e8me fil en zigzag sur le m\u00eame plan, de sorte que l&#039;\u00e9paisseur totale de la maille n&#039;est jamais sup\u00e9rieure au diam\u00e8tre des fils de fer longitudinaux.   Il est r\u00e9sistant aux d\u00e9placements possibles lors de mouvements \u00e0 grande \u00e9chelle.  R\u00e9sistance \u00e9lev\u00e9e \u00e0 la corrosion, m\u00eame en cas d&#039;utilisation non structurelle de l&#039;armature, en raison du fait qu&#039;elle est bien enfonc\u00e9e dans le mur.  Il poss\u00e8de une bonne ductilit\u00e9, ce qui lui permet de se d\u00e9former pour \u00e9viter la rupture.  Dans le cas d&#039;une utilisation non structurale, l&#039;armature est enti\u00e8rement comprim\u00e9e dans le mur.  Il contr\u00f4le les fissures et aide \u00e0 absorber les contraintes, les d\u00e9formations ou les pressions que le mur supporte, lat\u00e9ralement dans les murs en briques.  Ce produit est livr\u00e9 dans la province de Valencia.\" \/>\n<meta name=\"robots\" content=\"index, follow, max-snippet:-1, max-image-preview:large, max-video-preview:-1\" \/>\n<link rel=\"canonical\" href=\"https:\/\/ferroslapobla.com\/fr\/treillis-fisufor\/armadura-tendel-3050x150x4-mm-fr\/\" \/>\n<meta property=\"og:locale\" content=\"fr_FR\" \/>\n<meta property=\"og:type\" content=\"article\" \/>\n<meta property=\"og:title\" content=\"Treillis Fisufor\u00ae - 3050x150x4 mm Ferros La Pobla\" \/>\n<meta property=\"og:description\" content=\"Comprar Treillis Fisufor\u00ae - 3050x150x4 mm en Ferros La Pobla. Treillis Fisufor\u00ae ou treillis plat, \u00e9galement connue sous le nom d&#039;armature Fisufor\u00a9 3050x150x4 mm.  Ce produit est constitu\u00e9 de deux fils de fer parall\u00e8les soud\u00e9s \u00e0 un troisi\u00e8me fil en zigzag sur le m\u00eame plan, de sorte que l&#039;\u00e9paisseur totale de la maille n&#039;est jamais sup\u00e9rieure au diam\u00e8tre des fils de fer longitudinaux.   Il est r\u00e9sistant aux d\u00e9placements possibles lors de mouvements \u00e0 grande \u00e9chelle.  R\u00e9sistance \u00e9lev\u00e9e \u00e0 la corrosion, m\u00eame en cas d&#039;utilisation non structurelle de l&#039;armature, en raison du fait qu&#039;elle est bien enfonc\u00e9e dans le mur.  Il poss\u00e8de une bonne ductilit\u00e9, ce qui lui permet de se d\u00e9former pour \u00e9viter la rupture.  Dans le cas d&#039;une utilisation non structurale, l&#039;armature est enti\u00e8rement comprim\u00e9e dans le mur.  Il contr\u00f4le les fissures et aide \u00e0 absorber les contraintes, les d\u00e9formations ou les pressions que le mur supporte, lat\u00e9ralement dans les murs en briques.  Ce produit est livr\u00e9 dans la province de Valencia.\" \/>\n<meta property=\"og:url\" content=\"https:\/\/ferroslapobla.com\/fr\/treillis-fisufor\/armadura-tendel-3050x150x4-mm-fr\/\" \/>\n<meta property=\"og:site_name\" content=\"Ferros La Pobla\" \/>\n<meta property=\"article:publisher\" content=\"https:\/\/www.facebook.com\/ferroslapobla\" \/>\n<meta property=\"article:modified_time\" content=\"2022-07-22T06:44:40+00:00\" \/>\n<meta property=\"og:image\" content=\"https:\/\/ferroslapobla.com\/wp-content\/uploads\/2021\/11\/Armadura_Tendel_lapobla_150-300x300-1.jpg\" \/>\n\t<meta property=\"og:image:width\" content=\"578\" \/>\n\t<meta property=\"og:image:height\" content=\"579\" \/>\n\t<meta property=\"og:image:type\" content=\"image\/jpeg\" \/>\n<meta name=\"twitter:card\" content=\"summary_large_image\" \/>\n<meta name=\"twitter:site\" content=\"@FerrosLaPobla\" \/>\n<!-- \/ Yoast SEO plugin. -->","yoast_head_json":{"title":"Treillis Fisufor\u00ae - 3050x150x4 mm Ferros La Pobla","description":"Comprar Treillis Fisufor\u00ae - 3050x150x4 mm en Ferros La Pobla. Treillis Fisufor\u00ae ou treillis plat, \u00e9galement connue sous le nom d'armature Fisufor\u00a9 3050x150x4 mm.  Ce produit est constitu\u00e9 de deux fils de fer parall\u00e8les soud\u00e9s \u00e0 un troisi\u00e8me fil en zigzag sur le m\u00eame plan, de sorte que l'\u00e9paisseur totale de la maille n'est jamais sup\u00e9rieure au diam\u00e8tre des fils de fer longitudinaux.   Il est r\u00e9sistant aux d\u00e9placements possibles lors de mouvements \u00e0 grande \u00e9chelle.  R\u00e9sistance \u00e9lev\u00e9e \u00e0 la corrosion, m\u00eame en cas d'utilisation non structurelle de l'armature, en raison du fait qu'elle est bien enfonc\u00e9e dans le mur.  Il poss\u00e8de une bonne ductilit\u00e9, ce qui lui permet de se d\u00e9former pour \u00e9viter la rupture.  Dans le cas d'une utilisation non structurale, l'armature est enti\u00e8rement comprim\u00e9e dans le mur.  Il contr\u00f4le les fissures et aide \u00e0 absorber les contraintes, les d\u00e9formations ou les pressions que le mur supporte, lat\u00e9ralement dans les murs en briques.  Ce produit est livr\u00e9 dans la province de Valencia.","robots":{"index":"index","follow":"follow","max-snippet":"max-snippet:-1","max-image-preview":"max-image-preview:large","max-video-preview":"max-video-preview:-1"},"canonical":"https:\/\/ferroslapobla.com\/fr\/treillis-fisufor\/armadura-tendel-3050x150x4-mm-fr\/","og_locale":"fr_FR","og_type":"article","og_title":"Treillis Fisufor\u00ae - 3050x150x4 mm Ferros La Pobla","og_description":"Comprar Treillis Fisufor\u00ae - 3050x150x4 mm en Ferros La Pobla. Treillis Fisufor\u00ae ou treillis plat, \u00e9galement connue sous le nom d'armature Fisufor\u00a9 3050x150x4 mm.  Ce produit est constitu\u00e9 de deux fils de fer parall\u00e8les soud\u00e9s \u00e0 un troisi\u00e8me fil en zigzag sur le m\u00eame plan, de sorte que l'\u00e9paisseur totale de la maille n'est jamais sup\u00e9rieure au diam\u00e8tre des fils de fer longitudinaux.   Il est r\u00e9sistant aux d\u00e9placements possibles lors de mouvements \u00e0 grande \u00e9chelle.  R\u00e9sistance \u00e9lev\u00e9e \u00e0 la corrosion, m\u00eame en cas d'utilisation non structurelle de l'armature, en raison du fait qu'elle est bien enfonc\u00e9e dans le mur.  Il poss\u00e8de une bonne ductilit\u00e9, ce qui lui permet de se d\u00e9former pour \u00e9viter la rupture.  Dans le cas d'une utilisation non structurale, l'armature est enti\u00e8rement comprim\u00e9e dans le mur.  Il contr\u00f4le les fissures et aide \u00e0 absorber les contraintes, les d\u00e9formations ou les pressions que le mur supporte, lat\u00e9ralement dans les murs en briques.  Ce produit est livr\u00e9 dans la province de Valencia.","og_url":"https:\/\/ferroslapobla.com\/fr\/treillis-fisufor\/armadura-tendel-3050x150x4-mm-fr\/","og_site_name":"Ferros La Pobla","article_publisher":"https:\/\/www.facebook.com\/ferroslapobla","article_modified_time":"2022-07-22T06:44:40+00:00","og_image":[{"width":578,"height":579,"url":"https:\/\/ferroslapobla.com\/wp-content\/uploads\/2021\/11\/Armadura_Tendel_lapobla_150-300x300-1.jpg","type":"image\/jpeg"}],"twitter_card":"summary_large_image","twitter_site":"@FerrosLaPobla","schema":{"@context":"https:\/\/schema.org","@graph":[{"@type":"WebPage","@id":"https:\/\/ferroslapobla.com\/fr\/treillis-fisufor\/armadura-tendel-3050x150x4-mm-fr\/","url":"https:\/\/ferroslapobla.com\/fr\/treillis-fisufor\/armadura-tendel-3050x150x4-mm-fr\/","name":"Treillis Fisufor\u00ae - 3050x150x4 mm Ferros La Pobla","isPartOf":{"@id":"https:\/\/ferroslapobla.com\/fr\/#website"},"primaryImageOfPage":{"@id":"https:\/\/ferroslapobla.com\/fr\/treillis-fisufor\/armadura-tendel-3050x150x4-mm-fr\/#primaryimage"},"image":{"@id":"https:\/\/ferroslapobla.com\/fr\/treillis-fisufor\/armadura-tendel-3050x150x4-mm-fr\/#primaryimage"},"thumbnailUrl":"https:\/\/ferroslapobla.com\/wp-content\/uploads\/2021\/11\/Armadura_Tendel_lapobla_150-300x300-1.jpg","datePublished":"2021-11-02T16:38:08+00:00","dateModified":"2022-07-22T06:44:40+00:00","description":"Comprar Treillis Fisufor\u00ae - 3050x150x4 mm en Ferros La Pobla. Treillis Fisufor\u00ae ou treillis plat, \u00e9galement connue sous le nom d'armature Fisufor\u00a9 3050x150x4 mm. Ce produit est constitu\u00e9 de deux fils de fer parall\u00e8les soud\u00e9s \u00e0 un troisi\u00e8me fil en zigzag sur le m\u00eame plan, de sorte que l'\u00e9paisseur totale de la maille n'est jamais sup\u00e9rieure au diam\u00e8tre des fils de fer longitudinaux. Il est r\u00e9sistant aux d\u00e9placements possibles lors de mouvements \u00e0 grande \u00e9chelle. R\u00e9sistance \u00e9lev\u00e9e \u00e0 la corrosion, m\u00eame en cas d'utilisation non structurelle de l'armature, en raison du fait qu'elle est bien enfonc\u00e9e dans le mur. Il poss\u00e8de une bonne ductilit\u00e9, ce qui lui permet de se d\u00e9former pour \u00e9viter la rupture. Dans le cas d'une utilisation non structurale, l'armature est enti\u00e8rement comprim\u00e9e dans le mur. Il contr\u00f4le les fissures et aide \u00e0 absorber les contraintes, les d\u00e9formations ou les pressions que le mur supporte, lat\u00e9ralement dans les murs en briques. Ce produit est livr\u00e9 dans la province de Valencia.","breadcrumb":{"@id":"https:\/\/ferroslapobla.com\/fr\/treillis-fisufor\/armadura-tendel-3050x150x4-mm-fr\/#breadcrumb"},"inLanguage":"fr-FR","potentialAction":[{"@type":"ReadAction","target":["https:\/\/ferroslapobla.com\/fr\/treillis-fisufor\/armadura-tendel-3050x150x4-mm-fr\/"]}]},{"@type":"ImageObject","inLanguage":"fr-FR","@id":"https:\/\/ferroslapobla.com\/fr\/treillis-fisufor\/armadura-tendel-3050x150x4-mm-fr\/#primaryimage","url":"https:\/\/ferroslapobla.com\/wp-content\/uploads\/2021\/11\/Armadura_Tendel_lapobla_150-300x300-1.jpg","contentUrl":"https:\/\/ferroslapobla.com\/wp-content\/uploads\/2021\/11\/Armadura_Tendel_lapobla_150-300x300-1.jpg","width":578,"height":579,"caption":"Armadura_Tendel_lapobla_150-300x300"},{"@type":"BreadcrumbList","@id":"https:\/\/ferroslapobla.com\/fr\/treillis-fisufor\/armadura-tendel-3050x150x4-mm-fr\/#breadcrumb","itemListElement":[{"@type":"ListItem","position":1,"name":"Couvrir","item":"https:\/\/ferroslapobla.com\/fr\/"},{"@type":"ListItem","position":2,"name":"Boutique","item":"https:\/\/ferroslapobla.com\/fr\/boutique\/"},{"@type":"ListItem","position":3,"name":"Treillis Fisufor\u00ae &#8211; 3050x150x4 mm"}]},{"@type":"WebSite","@id":"https:\/\/ferroslapobla.com\/fr\/#website","url":"https:\/\/ferroslapobla.com\/fr\/","name":"Ferros La Pobla","description":"Hierro para construcci\u00f3n y elaboraci\u00f3n de ferralla","publisher":{"@id":"https:\/\/ferroslapobla.com\/fr\/#organization"},"potentialAction":[{"@type":"SearchAction","target":{"@type":"EntryPoint","urlTemplate":"https:\/\/ferroslapobla.com\/fr\/?s={search_term_string}"},"query-input":{"@type":"PropertyValueSpecification","valueRequired":true,"valueName":"search_term_string"}}],"inLanguage":"fr-FR"},{"@type":"Organization","@id":"https:\/\/ferroslapobla.com\/fr\/#organization","name":"Ferros La Pobla","url":"https:\/\/ferroslapobla.com\/fr\/","logo":{"@type":"ImageObject","inLanguage":"fr-FR","@id":"https:\/\/ferroslapobla.com\/fr\/#\/schema\/logo\/image\/","url":"https:\/\/ferroslapobla.com\/wp-content\/uploads\/2021\/06\/ferros-logo-azul.png","contentUrl":"https:\/\/ferroslapobla.com\/wp-content\/uploads\/2021\/06\/ferros-logo-azul.png","width":200,"height":100,"caption":"Ferros La Pobla"},"image":{"@id":"https:\/\/ferroslapobla.com\/fr\/#\/schema\/logo\/image\/"},"sameAs":["https:\/\/www.facebook.com\/ferroslapobla","https:\/\/x.com\/FerrosLaPobla","https:\/\/es.linkedin.com\/company\/ferros-la-pobla-s-a-","https:\/\/www.youtube.com\/channel\/UCpZCp1qFlzS2ZNogeeNaBzw"]}]}},"_links":{"self":[{"href":"https:\/\/ferroslapobla.com\/fr\/wp-json\/wp\/v2\/product\/15483","targetHints":{"allow":["GET"]}}],"collection":[{"href":"https:\/\/ferroslapobla.com\/fr\/wp-json\/wp\/v2\/product"}],"about":[{"href":"https:\/\/ferroslapobla.com\/fr\/wp-json\/wp\/v2\/types\/product"}],"replies":[{"embeddable":true,"href":"https:\/\/ferroslapobla.com\/fr\/wp-json\/wp\/v2\/comments?post=15483"}],"version-history":[{"count":0,"href":"https:\/\/ferroslapobla.com\/fr\/wp-json\/wp\/v2\/product\/15483\/revisions"}],"wp:featuredmedia":[{"embeddable":true,"href":"https:\/\/ferroslapobla.com\/fr\/wp-json\/wp\/v2\/media\/14884"}],"wp:attachment":[{"href":"https:\/\/ferroslapobla.com\/fr\/wp-json\/wp\/v2\/media?parent=15483"}],"wp:term":[{"taxonomy":"product_cat","embeddable":true,"href":"https:\/\/ferroslapobla.com\/fr\/wp-json\/wp\/v2\/product_cat?post=15483"},{"taxonomy":"product_tag","embeddable":true,"href":"https:\/\/ferroslapobla.com\/fr\/wp-json\/wp\/v2\/product_tag?post=15483"}],"curies":[{"name":"wp","href":"https:\/\/api.w.org\/{rel}","templated":true}]}}