{"id":15220,"date":"2021-11-02T13:29:03","date_gmt":"2021-11-02T12:29:03","guid":{"rendered":"https:\/\/ferroslapobla.com\/non%20class\u00e9\/fil-de-fer-bobine-de-25-kg-avec-une-epaisseur-de-13-mm\/"},"modified":"2022-08-04T09:25:29","modified_gmt":"2022-08-04T08:25:29","slug":"fil-rouleau-25kg-epaisseur-13mm","status":"publish","type":"product","link":"https:\/\/ferroslapobla.com\/fr\/fil-de-fer\/fil-rouleau-25kg-epaisseur-13mm\/","title":{"rendered":"Fil de fer &#8211; bobine de 25 kg avec une \u00e9paisseur de 1,3 mm"},"content":{"rendered":"","protected":false},"excerpt":{"rendered":"<p>Fil de fer de 25 kg. d&rsquo;une \u00e9paisseur de 1,3 mm. Finition en acier noir tr\u00e9fil\u00e9 et traitement thermique de recuit, ce qui permet d&rsquo;obtenir l&rsquo;\u00e9lasticit\u00e9 n\u00e9cessaire pour \u00eatre utilis\u00e9 dans diff\u00e9rents types d&rsquo;amarrage.<\/p>\n<p>Il est recuit dans un environnement contr\u00f4l\u00e9, ce qui garantit une mall\u00e9abilit\u00e9 homog\u00e8ne sur toute la bobine. Il n&rsquo;\u00e9clate pas.<\/p>\n<p>Transport disponible sur demande jusqu&rsquo;\u00e0 150 km de distance.<\/p>\n","protected":false},"featured_media":14774,"comment_status":"open","ping_status":"closed","template":"","meta":{"_acf_changed":false,"_joinchat":[]},"product_cat":[386],"product_tag":[],"class_list":["post-15220","product","type-product","status-publish","has-post-thumbnail","hentry","product_cat-fil-de-fer"],"acf":[],"wcpa_form_fields":null,"yoast_head":"<!-- This site is optimized with the Yoast SEO plugin v27.3 - https:\/\/yoast.com\/product\/yoast-seo-wordpress\/ -->\n<title>Fil de fer - bobine de 25 kg avec une \u00e9paisseur de 1,3 mm Ferros La Pobla<\/title>\n<meta name=\"description\" content=\"Comprar Fil de fer - bobine de 25 kg avec une \u00e9paisseur de 1,3 mm en Ferros La Pobla. Fil de fer de 25 kg. d&#039;une \u00e9paisseur de 1,3 mm. Finition en acier noir tr\u00e9fil\u00e9 et traitement thermique de recuit, ce qui permet d&#039;obtenir l&#039;\u00e9lasticit\u00e9 n\u00e9cessaire pour \u00eatre utilis\u00e9 dans diff\u00e9rents types d&#039;amarrage. Il est recuit dans un environnement contr\u00f4l\u00e9, ce qui garantit une mall\u00e9abilit\u00e9 homog\u00e8ne sur toute la bobine. Il n&#039;\u00e9clate pas. Transport disponible sur demande jusqu&#039;\u00e0 150 km de distance.\" \/>\n<meta name=\"robots\" content=\"index, follow, max-snippet:-1, max-image-preview:large, max-video-preview:-1\" \/>\n<link rel=\"canonical\" href=\"https:\/\/ferroslapobla.com\/fr\/fil-de-fer\/fil-rouleau-25kg-epaisseur-13mm\/\" \/>\n<meta property=\"og:locale\" content=\"fr_FR\" \/>\n<meta property=\"og:type\" content=\"article\" \/>\n<meta property=\"og:title\" content=\"Fil de fer - bobine de 25 kg avec une \u00e9paisseur de 1,3 mm Ferros La Pobla\" \/>\n<meta property=\"og:description\" content=\"Comprar Fil de fer - bobine de 25 kg avec une \u00e9paisseur de 1,3 mm en Ferros La Pobla. Fil de fer de 25 kg. d&#039;une \u00e9paisseur de 1,3 mm. Finition en acier noir tr\u00e9fil\u00e9 et traitement thermique de recuit, ce qui permet d&#039;obtenir l&#039;\u00e9lasticit\u00e9 n\u00e9cessaire pour \u00eatre utilis\u00e9 dans diff\u00e9rents types d&#039;amarrage. Il est recuit dans un environnement contr\u00f4l\u00e9, ce qui garantit une mall\u00e9abilit\u00e9 homog\u00e8ne sur toute la bobine. Il n&#039;\u00e9clate pas. Transport disponible sur demande jusqu&#039;\u00e0 150 km de distance.\" \/>\n<meta property=\"og:url\" content=\"https:\/\/ferroslapobla.com\/fr\/fil-de-fer\/fil-rouleau-25kg-epaisseur-13mm\/\" \/>\n<meta property=\"og:site_name\" content=\"Ferros La Pobla\" \/>\n<meta property=\"article:publisher\" content=\"https:\/\/www.facebook.com\/ferroslapobla\" \/>\n<meta property=\"article:modified_time\" content=\"2022-08-04T08:25:29+00:00\" \/>\n<meta property=\"og:image\" content=\"https:\/\/ferroslapobla.com\/wp-content\/uploads\/2021\/11\/Alambre_rollo_25kg-1-300x300-1.jpg\" \/>\n\t<meta property=\"og:image:width\" content=\"578\" \/>\n\t<meta property=\"og:image:height\" content=\"579\" \/>\n\t<meta property=\"og:image:type\" content=\"image\/jpeg\" \/>\n<meta name=\"twitter:card\" content=\"summary_large_image\" \/>\n<meta name=\"twitter:site\" content=\"@FerrosLaPobla\" \/>\n<!-- \/ Yoast SEO plugin. -->","yoast_head_json":{"title":"Fil de fer - bobine de 25 kg avec une \u00e9paisseur de 1,3 mm Ferros La Pobla","description":"Comprar Fil de fer - bobine de 25 kg avec une \u00e9paisseur de 1,3 mm en Ferros La Pobla. Fil de fer de 25 kg. d'une \u00e9paisseur de 1,3 mm. Finition en acier noir tr\u00e9fil\u00e9 et traitement thermique de recuit, ce qui permet d'obtenir l'\u00e9lasticit\u00e9 n\u00e9cessaire pour \u00eatre utilis\u00e9 dans diff\u00e9rents types d'amarrage. Il est recuit dans un environnement contr\u00f4l\u00e9, ce qui garantit une mall\u00e9abilit\u00e9 homog\u00e8ne sur toute la bobine. Il n'\u00e9clate pas. Transport disponible sur demande jusqu'\u00e0 150 km de distance.","robots":{"index":"index","follow":"follow","max-snippet":"max-snippet:-1","max-image-preview":"max-image-preview:large","max-video-preview":"max-video-preview:-1"},"canonical":"https:\/\/ferroslapobla.com\/fr\/fil-de-fer\/fil-rouleau-25kg-epaisseur-13mm\/","og_locale":"fr_FR","og_type":"article","og_title":"Fil de fer - bobine de 25 kg avec une \u00e9paisseur de 1,3 mm Ferros La Pobla","og_description":"Comprar Fil de fer - bobine de 25 kg avec une \u00e9paisseur de 1,3 mm en Ferros La Pobla. Fil de fer de 25 kg. d'une \u00e9paisseur de 1,3 mm. Finition en acier noir tr\u00e9fil\u00e9 et traitement thermique de recuit, ce qui permet d'obtenir l'\u00e9lasticit\u00e9 n\u00e9cessaire pour \u00eatre utilis\u00e9 dans diff\u00e9rents types d'amarrage. Il est recuit dans un environnement contr\u00f4l\u00e9, ce qui garantit une mall\u00e9abilit\u00e9 homog\u00e8ne sur toute la bobine. Il n'\u00e9clate pas. Transport disponible sur demande jusqu'\u00e0 150 km de distance.","og_url":"https:\/\/ferroslapobla.com\/fr\/fil-de-fer\/fil-rouleau-25kg-epaisseur-13mm\/","og_site_name":"Ferros La Pobla","article_publisher":"https:\/\/www.facebook.com\/ferroslapobla","article_modified_time":"2022-08-04T08:25:29+00:00","og_image":[{"width":578,"height":579,"url":"https:\/\/ferroslapobla.com\/wp-content\/uploads\/2021\/11\/Alambre_rollo_25kg-1-300x300-1.jpg","type":"image\/jpeg"}],"twitter_card":"summary_large_image","twitter_site":"@FerrosLaPobla","schema":{"@context":"https:\/\/schema.org","@graph":[{"@type":"WebPage","@id":"https:\/\/ferroslapobla.com\/fr\/fil-de-fer\/fil-rouleau-25kg-epaisseur-13mm\/","url":"https:\/\/ferroslapobla.com\/fr\/fil-de-fer\/fil-rouleau-25kg-epaisseur-13mm\/","name":"Fil de fer - bobine de 25 kg avec une \u00e9paisseur de 1,3 mm Ferros La Pobla","isPartOf":{"@id":"https:\/\/ferroslapobla.com\/fr\/#website"},"primaryImageOfPage":{"@id":"https:\/\/ferroslapobla.com\/fr\/fil-de-fer\/fil-rouleau-25kg-epaisseur-13mm\/#primaryimage"},"image":{"@id":"https:\/\/ferroslapobla.com\/fr\/fil-de-fer\/fil-rouleau-25kg-epaisseur-13mm\/#primaryimage"},"thumbnailUrl":"https:\/\/ferroslapobla.com\/wp-content\/uploads\/2021\/11\/Alambre_rollo_25kg-1-300x300-1.jpg","datePublished":"2021-11-02T12:29:03+00:00","dateModified":"2022-08-04T08:25:29+00:00","description":"Comprar Fil de fer - bobine de 25 kg avec une \u00e9paisseur de 1,3 mm en Ferros La Pobla. Fil de fer de 25 kg. d'une \u00e9paisseur de 1,3 mm. Finition en acier noir tr\u00e9fil\u00e9 et traitement thermique de recuit, ce qui permet d'obtenir l'\u00e9lasticit\u00e9 n\u00e9cessaire pour \u00eatre utilis\u00e9 dans diff\u00e9rents types d'amarrage. Il est recuit dans un environnement contr\u00f4l\u00e9, ce qui garantit une mall\u00e9abilit\u00e9 homog\u00e8ne sur toute la bobine. Il n'\u00e9clate pas. Transport disponible sur demande jusqu'\u00e0 150 km de distance.","breadcrumb":{"@id":"https:\/\/ferroslapobla.com\/fr\/fil-de-fer\/fil-rouleau-25kg-epaisseur-13mm\/#breadcrumb"},"inLanguage":"fr-FR","potentialAction":[{"@type":"ReadAction","target":["https:\/\/ferroslapobla.com\/fr\/fil-de-fer\/fil-rouleau-25kg-epaisseur-13mm\/"]}]},{"@type":"ImageObject","inLanguage":"fr-FR","@id":"https:\/\/ferroslapobla.com\/fr\/fil-de-fer\/fil-rouleau-25kg-epaisseur-13mm\/#primaryimage","url":"https:\/\/ferroslapobla.com\/wp-content\/uploads\/2021\/11\/Alambre_rollo_25kg-1-300x300-1.jpg","contentUrl":"https:\/\/ferroslapobla.com\/wp-content\/uploads\/2021\/11\/Alambre_rollo_25kg-1-300x300-1.jpg","width":578,"height":579,"caption":"Alambre_rollo_25kg-1-300x300"},{"@type":"BreadcrumbList","@id":"https:\/\/ferroslapobla.com\/fr\/fil-de-fer\/fil-rouleau-25kg-epaisseur-13mm\/#breadcrumb","itemListElement":[{"@type":"ListItem","position":1,"name":"Couvrir","item":"https:\/\/ferroslapobla.com\/fr\/"},{"@type":"ListItem","position":2,"name":"Boutique","item":"https:\/\/ferroslapobla.com\/fr\/boutique\/"},{"@type":"ListItem","position":3,"name":"Fil de fer &#8211; bobine de 25 kg avec une \u00e9paisseur de 1,3 mm"}]},{"@type":"WebSite","@id":"https:\/\/ferroslapobla.com\/fr\/#website","url":"https:\/\/ferroslapobla.com\/fr\/","name":"Ferros La Pobla","description":"Hierro para construcci\u00f3n y elaboraci\u00f3n de ferralla","publisher":{"@id":"https:\/\/ferroslapobla.com\/fr\/#organization"},"potentialAction":[{"@type":"SearchAction","target":{"@type":"EntryPoint","urlTemplate":"https:\/\/ferroslapobla.com\/fr\/?s={search_term_string}"},"query-input":{"@type":"PropertyValueSpecification","valueRequired":true,"valueName":"search_term_string"}}],"inLanguage":"fr-FR"},{"@type":"Organization","@id":"https:\/\/ferroslapobla.com\/fr\/#organization","name":"Ferros La Pobla","url":"https:\/\/ferroslapobla.com\/fr\/","logo":{"@type":"ImageObject","inLanguage":"fr-FR","@id":"https:\/\/ferroslapobla.com\/fr\/#\/schema\/logo\/image\/","url":"https:\/\/ferroslapobla.com\/wp-content\/uploads\/2021\/06\/ferros-logo-azul.png","contentUrl":"https:\/\/ferroslapobla.com\/wp-content\/uploads\/2021\/06\/ferros-logo-azul.png","width":200,"height":100,"caption":"Ferros La Pobla"},"image":{"@id":"https:\/\/ferroslapobla.com\/fr\/#\/schema\/logo\/image\/"},"sameAs":["https:\/\/www.facebook.com\/ferroslapobla","https:\/\/x.com\/FerrosLaPobla","https:\/\/es.linkedin.com\/company\/ferros-la-pobla-s-a-","https:\/\/www.youtube.com\/channel\/UCpZCp1qFlzS2ZNogeeNaBzw"]}]}},"_links":{"self":[{"href":"https:\/\/ferroslapobla.com\/fr\/wp-json\/wp\/v2\/product\/15220","targetHints":{"allow":["GET"]}}],"collection":[{"href":"https:\/\/ferroslapobla.com\/fr\/wp-json\/wp\/v2\/product"}],"about":[{"href":"https:\/\/ferroslapobla.com\/fr\/wp-json\/wp\/v2\/types\/product"}],"replies":[{"embeddable":true,"href":"https:\/\/ferroslapobla.com\/fr\/wp-json\/wp\/v2\/comments?post=15220"}],"version-history":[{"count":0,"href":"https:\/\/ferroslapobla.com\/fr\/wp-json\/wp\/v2\/product\/15220\/revisions"}],"wp:featuredmedia":[{"embeddable":true,"href":"https:\/\/ferroslapobla.com\/fr\/wp-json\/wp\/v2\/media\/14774"}],"wp:attachment":[{"href":"https:\/\/ferroslapobla.com\/fr\/wp-json\/wp\/v2\/media?parent=15220"}],"wp:term":[{"taxonomy":"product_cat","embeddable":true,"href":"https:\/\/ferroslapobla.com\/fr\/wp-json\/wp\/v2\/product_cat?post=15220"},{"taxonomy":"product_tag","embeddable":true,"href":"https:\/\/ferroslapobla.com\/fr\/wp-json\/wp\/v2\/product_tag?post=15220"}],"curies":[{"name":"wp","href":"https:\/\/api.w.org\/{rel}","templated":true}]}}