{"id":15401,"date":"2021-11-11T17:07:17","date_gmt":"2021-11-11T16:07:17","guid":{"rendered":"https:\/\/ferroslapobla.com\/cgu\/"},"modified":"2024-07-17T09:13:20","modified_gmt":"2024-07-17T08:13:20","slug":"cgu","status":"publish","type":"page","link":"https:\/\/ferroslapobla.com\/fr\/cgu\/","title":{"rendered":"CGU"},"content":{"rendered":"\t\t<div data-elementor-type=\"wp-page\" data-elementor-id=\"15401\" class=\"elementor elementor-15401 elementor-9134\" data-elementor-post-type=\"page\">\n\t\t\t\t\t\t<section data-particle_enable=\"false\" data-particle-mobile-disabled=\"false\" class=\"elementor-section elementor-top-section elementor-element elementor-element-fa6cecc elementor-section-boxed elementor-section-height-default elementor-section-height-default\" data-id=\"fa6cecc\" data-element_type=\"section\">\n\t\t\t\t\t\t<div class=\"elementor-container elementor-column-gap-default\">\n\t\t\t\t\t<div class=\"elementor-column elementor-col-100 elementor-top-column elementor-element elementor-element-2c77992\" data-id=\"2c77992\" data-element_type=\"column\">\n\t\t\t<div class=\"elementor-widget-wrap elementor-element-populated\">\n\t\t\t\t\t\t<div class=\"elementor-element elementor-element-c5e44e2 elementor-widget elementor-widget-heading\" data-id=\"c5e44e2\" data-element_type=\"widget\" data-widget_type=\"heading.default\">\n\t\t\t\t<div class=\"elementor-widget-container\">\n\t\t\t<h1 class=\"elementor-heading-title elementor-size-default\">AVIS L\u00c9GAL\n\n<\/h1>\t\t<\/div>\n\t\t\t\t<\/div>\n\t\t\t\t\t<\/div>\n\t\t<\/div>\n\t\t\t\t\t<\/div>\n\t\t<\/section>\n\t\t\t\t<section data-particle_enable=\"false\" data-particle-mobile-disabled=\"false\" class=\"elementor-section elementor-top-section elementor-element elementor-element-15061543 elementor-section-boxed elementor-section-height-default elementor-section-height-default\" data-id=\"15061543\" data-element_type=\"section\">\n\t\t\t\t\t\t<div class=\"elementor-container elementor-column-gap-default\">\n\t\t\t\t\t<div class=\"elementor-column elementor-col-100 elementor-top-column elementor-element elementor-element-5d423c3c\" data-id=\"5d423c3c\" data-element_type=\"column\">\n\t\t\t<div class=\"elementor-widget-wrap elementor-element-populated\">\n\t\t\t\t\t\t<div class=\"elementor-element elementor-element-5179ce9b elementor-widget elementor-widget-text-editor\" data-id=\"5179ce9b\" data-element_type=\"widget\" data-widget_type=\"text-editor.default\">\n\t\t\t\t<div class=\"elementor-widget-container\">\n\t\t\t\t\t\t\t<p>ALe fait d&rsquo;acc\u00e9der \u00e0 ce site web implique la connaissance et l&rsquo;acceptation des termes et conditions suivants et attribue la condition d&rsquo;utilisateur du site web et l&rsquo;acc\u00e8s \u00e0 celui-ci implique son acceptation sans r\u00e9serve. En cas de non-acceptation des clauses \u00e9tablies dans le pr\u00e9sent Avis L\u00e9gal, l&rsquo;utilisateur devra s&rsquo;abstenir d&rsquo;acc\u00e9der et\/ou d&rsquo;utiliser les services et\/ou contenus mis \u00e0 sa disposition sur la page, proc\u00e9dant \u00e0 l&rsquo;abandon.<\/p><p>\u00a0<\/p><p><strong>TITULARIT\u00c9 DU SITE WEB<\/strong><\/p><p>FERROS LA POBLA, SA, en conformit\u00e9 avec l&rsquo;Art. 10 de la Loi 34\/2002, du 11 juillet, des Services de la Soci\u00e9t\u00e9 de l&rsquo;Information et du Commerce \u00c9lectronique (LSSI-CE), vous informe des donn\u00e9es d&rsquo;identification relatives au site web <a href=\"http:\/\/www.ferroslapobla.com\">www.ferroslapobla.com<\/a>.<\/p><p>\u00a0<\/p><p><u>D\u00c9NOMINATION SOCIALE :<\/u> FERROS LA POBLA, SA<\/p><p><u>SI\u00c8GE SOCIAL :<\/u>\u00a0CTRA. VALENCIA ADEMUZ KM. 20,8 &#8211; 46185 LA POBLA DE VALLBONA (VALENCIA)<\/p><p><u>T\u00c9L\u00c9PHONE :<\/u> +(34) 962763007<\/p><p><u>CIF :<\/u>\u00a0A46218202<\/p><p><u>COURRIEL G\u00c9N\u00c9RAL :<\/u> <a href=\"mailto:administracion@ferroslapobla.es\">administracion@ferroslapobla.es<\/a><\/p><p><u>DONN\u00c9ES D&rsquo;INSCRIPTION AU REGISTRE DU COMMERCE :<\/u>\u00a0Registre du Commerce de VALENCIA T 4096, L 1408, F 162, S 8, H V 19029<\/p><p>\u00a0<\/p><p><strong>CONDITIONS D&rsquo;UTILISATION <\/strong><\/p><p><strong><u>UTILISATEURS<\/u><\/strong><\/p><p>L&rsquo;acc\u00e8s et\/ou l&rsquo;utilisation de ce portail de FERROS LA POBLA, SA attribue la condition d&rsquo;UTILISATEUR, qui accepte, d\u00e8s cet acc\u00e8s et\/ou utilisation, les Conditions G\u00e9n\u00e9rales d&rsquo;Utilisation ici refl\u00e9t\u00e9es. Lesdites Conditions seront applicables ind\u00e9pendamment des Conditions G\u00e9n\u00e9rales de Contrat qui, le cas \u00e9ch\u00e9ant, doivent \u00eatre respect\u00e9es.<\/p><p>\u00a0<\/p><p><strong><u>UTILISATION DU SITE WEB<\/u><\/strong><\/p><p><a href=\"http:\/\/www.ferroslapobla.com\">www.ferroslapobla.com<\/a> fournit l&rsquo;acc\u00e8s \u00e0 une multitude d&rsquo;informations, services ou donn\u00e9es (ci-apr\u00e8s, \u00ab\u00a0les contenus\u00a0\u00bb) sur Internet appartenant \u00e0 FERROS LA POBLA, SA auxquels l&rsquo;UTILISATEUR peut avoir acc\u00e8s. L&rsquo;UTILISATEUR assume la responsabilit\u00e9 de l&rsquo;utilisation du portail. Cette responsabilit\u00e9 s&rsquo;\u00e9tend \u00e0 l&rsquo;inscription n\u00e9cessaire pour acc\u00e9der \u00e0 certains services ou contenus.<\/p><p>Lors de cette inscription, l&rsquo;UTILISATEUR sera responsable de fournir des informations v\u00e9ridiques et licites. En cons\u00e9quence de cette inscription, un mot de passe peut \u00eatre attribu\u00e9 \u00e0 l&rsquo;UTILISATEUR, qui en sera responsable, s&rsquo;engageant \u00e0 en faire un usage diligent et confidentiel. L&rsquo;UTILISATEUR s&rsquo;engage \u00e0 faire un usage appropri\u00e9 des contenus et des services (comme par exemple les services de chat, forums de discussion ou groupes de nouvelles) que FERROS LA POBLA, SA offre \u00e0 travers son portail et, \u00e0 titre indicatif mais non limitatif, \u00e0 ne pas les utiliser pour (I) se livrer \u00e0 des activit\u00e9s illicites, ill\u00e9gales ou contraires \u00e0 la bonne foi et \u00e0 l&rsquo;ordre public ; (II) diffuser des contenus ou de la propagande de caract\u00e8re raciste, x\u00e9nophobe, pornographique-illicite, d&rsquo;apologie du terrorisme ou portant atteinte aux droits de l&rsquo;homme ; (III) provoquer des dommages aux syst\u00e8mes physiques et logiques de FERROS LA POBLA, SA, de ses fournisseurs ou de tiers, introduire ou diffuser sur le r\u00e9seau des virus informatiques ou tout autre syst\u00e8me physique ou logique susceptible de provoquer les dommages mentionn\u00e9s ci-dessus ; (IV) tenter d&rsquo;acc\u00e9der et, le cas \u00e9ch\u00e9ant, utiliser les comptes de courrier \u00e9lectronique d&rsquo;autres utilisateurs et modifier ou manipuler leurs messages. FERROS LA POBLA, SA se r\u00e9serve le droit de retirer tous les commentaires et contributions qui porteraient atteinte au respect de la dignit\u00e9 de la personne, qui seraient discriminatoires, x\u00e9nophobes, racistes, pornographiques, qui porteraient atteinte \u00e0 la jeunesse ou \u00e0 l&rsquo;enfance, \u00e0 l&rsquo;ordre ou \u00e0 la s\u00e9curit\u00e9 publique ou qui, \u00e0 son avis, ne seraient pas appropri\u00e9s pour publication. En tout \u00e9tat de cause, FERROS LA POBLA, SA ne sera pas responsable des opinions exprim\u00e9es par les utilisateurs \u00e0 travers les forums, chats ou autres outils de participation.<\/p><p>\u00a0<\/p><p><strong><u>PROPRI\u00c9T\u00c9 INTELLECTUELLE ET INDUSTRIELLE<\/u><\/strong><\/p><p>FERROS LA POBLA, SA en tant que cessionnaire, est titulaire de tous les droits de propri\u00e9t\u00e9 intellectuelle et industrielle de son site web, ainsi que des \u00e9l\u00e9ments contenus dans celui-ci (\u00e0 titre indicatif, images, son, audio, vid\u00e9o, logiciels ou textes ; marques ou logos, combinaisons de couleurs, structure et design, s\u00e9lection de mat\u00e9riaux utilis\u00e9s, programmes informatiques n\u00e9cessaires \u00e0 son fonctionnement, acc\u00e8s et utilisation, etc.), propri\u00e9t\u00e9 de FERROS LA POBLA, SA ou de ses conc\u00e9dants.<\/p><p>\u00a0<\/p><p><strong>Tous droits r\u00e9serv\u00e9s :<\/strong> En vertu des dispositions des articles 8 et 32.1, paragraphe deuxi\u00e8me, de la Loi sur la Propri\u00e9t\u00e9 Intellectuelle, sont express\u00e9ment interdites la reproduction, la distribution et la communication publique, y compris sa modalit\u00e9 de mise \u00e0 disposition, de tout ou partie des contenus de ce site web, \u00e0 des fins commerciales, sur tout support et par tout moyen technique, sans l&rsquo;autorisation de FERROS LA POBLA, SA. L&rsquo;UTILISATEUR s&rsquo;engage \u00e0 respecter les droits de Propri\u00e9t\u00e9 Intellectuelle et Industrielle appartenant \u00e0 FERROS LA POBLA, SA. Il pourra visualiser les \u00e9l\u00e9ments du portail, et m\u00eame les imprimer, les copier et les stocker sur le disque dur de son ordinateur ou sur tout autre support physique tant que ce sera, uniquement et exclusivement, pour son usage personnel et priv\u00e9. L&rsquo;UTILISATEUR devra s&rsquo;abstenir de supprimer, alt\u00e9rer, contourner ou manipuler tout dispositif de protection ou syst\u00e8me de s\u00e9curit\u00e9 install\u00e9 sur les pages de FERROS LA POBLA, SA.<\/p><p>\u00a0<\/p><p><strong><u>EXCLUSION DE GARANTIES ET RESPONSABILIT\u00c9<\/u><\/strong><\/p><p>FERROS LA POBLA, SA ne sera en aucun cas responsable des dommages de toute nature pouvant \u00eatre caus\u00e9s, \u00e0 titre indicatif : erreurs ou omissions dans les contenus, indisponibilit\u00e9 du portail ou transmission de virus ou programmes malveillants ou nuisibles dans les contenus, malgr\u00e9 avoir pris toutes les mesures technologiques n\u00e9cessaires pour l&rsquo;\u00e9viter.<\/p><p>\u00a0<\/p><p><strong><u>MODIFICATIONS<\/u><\/strong><\/p><p>FERROS LA POBLA, SA se r\u00e9serve le droit d&rsquo;effectuer sans pr\u00e9avis les modifications qu&rsquo;elle juge opportunes sur son portail, pouvant changer, supprimer ou ajouter tant les contenus et services fournis \u00e0 travers celui-ci que la mani\u00e8re dont ils apparaissent pr\u00e9sent\u00e9s ou localis\u00e9s sur son portail.<\/p><p>\u00a0<\/p><p><strong><u>LIENS<\/u><\/strong><\/p><p>Dans le cas o\u00f9 sur <a href=\"http:\/\/www.ferroslapobla.com\">www.ferroslapobla.com<\/a> des liens ou hyperliens vers d&rsquo;autres sites Internet seraient disponibles, FERROS LA POBLA, SA n&rsquo;exercera aucun type de contr\u00f4le sur ces sites et contenus. En aucun cas FERROS LA POBLA, SA n&rsquo;assumera de responsabilit\u00e9 pour les contenus d&rsquo;un lien appartenant \u00e0 un site web externe, ni ne garantira la disponibilit\u00e9 technique, la qualit\u00e9, la fiabilit\u00e9, l&rsquo;exactitude, l&rsquo;ampleur, la v\u00e9racit\u00e9, la validit\u00e9 et la constitutionnalit\u00e9 de tout mat\u00e9riel ou information contenue dans aucun de ces hyperliens ou autres sites Internet.<\/p><p>\u00a0<\/p><p>De m\u00eame, l&rsquo;inclusion de ces connexions externes n&rsquo;implique aucun type d&rsquo;association, fusion ou participation avec les entit\u00e9s connect\u00e9es.<\/p><p>\u00a0<\/p><p><strong><u>DROIT D&rsquo;EXCLUSION<\/u><\/strong><\/p><p>FERROS LA POBLA, SA se r\u00e9serve le droit de refuser ou de retirer l&rsquo;acc\u00e8s au portail et\/ou aux services offerts sans pr\u00e9avis, de sa propre initiative ou \u00e0 la demande d&rsquo;un tiers, aux utilisateurs qui ne respectent pas les pr\u00e9sentes Conditions G\u00e9n\u00e9rales d&rsquo;Utilisation.<\/p><p>\u00a0<\/p><p><strong><u>G\u00c9N\u00c9RALIT\u00c9S<\/u><\/strong><\/p><p>FERROS LA POBLA, SA poursuivra le non-respect des pr\u00e9sentes conditions, ainsi que toute utilisation abusive de son portail en exer\u00e7ant toutes les actions civiles et p\u00e9nales qui pourraient lui correspondre en droit.<\/p><p>\u00a0<\/p><p><strong><u>MODIFICATION DES PR\u00c9SENTES CONDITIONS ET DUR\u00c9E<\/u><\/strong><\/p><p>FERROS LA POBLA, SA pourra modifier \u00e0 tout moment les conditions ici d\u00e9termin\u00e9es, \u00e9tant d\u00fbment publi\u00e9es comme elles apparaissent ici.<\/p><p>\u00a0<\/p><p>La validit\u00e9 desdites conditions d\u00e9pendra de leur exposition et elles resteront en vigueur jusqu&rsquo;\u00e0 ce qu&rsquo;elles soient modifi\u00e9es par d&rsquo;autres d\u00fbment publi\u00e9es.<\/p><p>\u00a0<\/p><p><strong><u>L\u00c9GISLATION APPLICABLE ET JURIDICTION<\/u><\/strong><\/p><p>Les termes et conditions qui r\u00e9gissent ce site web, ainsi que les relations qui pourraient en d\u00e9couler sont prot\u00e9g\u00e9s et soumis \u00e0 la l\u00e9gislation espagnole. Pour la r\u00e9solution de tout type de controverse, litige ou divergence qui pourrait survenir entre l&rsquo;UTILISATEUR et FERROS LA POBLA, SA par l&rsquo;utilisation de ce site web, il est convenu que ceux-ci seront soumis aux Cours et Tribunaux de Valence, Espagne.<\/p><p>\u00a0<\/p><p><em>Derni\u00e8re Mise \u00e0 Jour : 06 mai 2024<\/em><\/p>\t\t\t\t\t\t<\/div>\n\t\t\t\t<\/div>\n\t\t\t\t\t<\/div>\n\t\t<\/div>\n\t\t\t\t\t<\/div>\n\t\t<\/section>\n\t\t\t\t<\/div>\n\t\t","protected":false},"excerpt":{"rendered":"<p>AVIS L\u00c9GAL ALe fait d&rsquo;acc\u00e9der \u00e0 ce site web implique la connaissance et l&rsquo;acceptation des termes et conditions suivants et attribue la condition d&rsquo;utilisateur du site web et l&rsquo;acc\u00e8s \u00e0 celui-ci implique son acceptation sans r\u00e9serve. En cas de non-acceptation des clauses \u00e9tablies dans le pr\u00e9sent Avis L\u00e9gal, l&rsquo;utilisateur devra s&rsquo;abstenir d&rsquo;acc\u00e9der et\/ou d&rsquo;utiliser les [&hellip;]<\/p>\n","protected":false},"author":1,"featured_media":0,"parent":0,"menu_order":0,"comment_status":"closed","ping_status":"closed","template":"elementor_header_footer","meta":{"_acf_changed":false,"_joinchat":[],"footnotes":""},"class_list":["post-15401","page","type-page","status-publish","hentry"],"acf":[],"yoast_head":"<!-- This site is optimized with the Yoast SEO plugin v27.3 - https:\/\/yoast.com\/product\/yoast-seo-wordpress\/ -->\n<title>CGU Ferros La Pobla<\/title>\n<meta name=\"robots\" content=\"noindex, follow\" \/>\n<meta property=\"og:locale\" content=\"fr_FR\" \/>\n<meta property=\"og:type\" content=\"article\" \/>\n<meta property=\"og:title\" content=\"CGU Ferros La Pobla\" \/>\n<meta property=\"og:description\" content=\"AVIS L\u00c9GAL ALe fait d&rsquo;acc\u00e9der \u00e0 ce site web implique la connaissance et l&rsquo;acceptation des termes et conditions suivants et attribue la condition d&rsquo;utilisateur du site web et l&rsquo;acc\u00e8s \u00e0 celui-ci implique son acceptation sans r\u00e9serve. En cas de non-acceptation des clauses \u00e9tablies dans le pr\u00e9sent Avis L\u00e9gal, l&rsquo;utilisateur devra s&rsquo;abstenir d&rsquo;acc\u00e9der et\/ou d&rsquo;utiliser les [&hellip;]\" \/>\n<meta property=\"og:url\" content=\"https:\/\/ferroslapobla.com\/fr\/cgu\/\" \/>\n<meta property=\"og:site_name\" content=\"Ferros La Pobla\" \/>\n<meta property=\"article:publisher\" content=\"https:\/\/www.facebook.com\/ferroslapobla\" \/>\n<meta property=\"article:modified_time\" content=\"2024-07-17T08:13:20+00:00\" \/>\n<meta name=\"twitter:card\" content=\"summary_large_image\" \/>\n<meta name=\"twitter:site\" content=\"@FerrosLaPobla\" \/>\n<!-- \/ Yoast SEO plugin. -->","yoast_head_json":{"title":"CGU Ferros La Pobla","robots":{"index":"noindex","follow":"follow"},"og_locale":"fr_FR","og_type":"article","og_title":"CGU Ferros La Pobla","og_description":"AVIS L\u00c9GAL ALe fait d&rsquo;acc\u00e9der \u00e0 ce site web implique la connaissance et l&rsquo;acceptation des termes et conditions suivants et attribue la condition d&rsquo;utilisateur du site web et l&rsquo;acc\u00e8s \u00e0 celui-ci implique son acceptation sans r\u00e9serve. En cas de non-acceptation des clauses \u00e9tablies dans le pr\u00e9sent Avis L\u00e9gal, l&rsquo;utilisateur devra s&rsquo;abstenir d&rsquo;acc\u00e9der et\/ou d&rsquo;utiliser les [&hellip;]","og_url":"https:\/\/ferroslapobla.com\/fr\/cgu\/","og_site_name":"Ferros La Pobla","article_publisher":"https:\/\/www.facebook.com\/ferroslapobla","article_modified_time":"2024-07-17T08:13:20+00:00","twitter_card":"summary_large_image","twitter_site":"@FerrosLaPobla","schema":{"@context":"https:\/\/schema.org","@graph":[{"@type":"WebPage","@id":"https:\/\/ferroslapobla.com\/fr\/cgu\/","url":"https:\/\/ferroslapobla.com\/fr\/cgu\/","name":"CGU Ferros La Pobla","isPartOf":{"@id":"https:\/\/ferroslapobla.com\/fr\/#website"},"datePublished":"2021-11-11T16:07:17+00:00","dateModified":"2024-07-17T08:13:20+00:00","breadcrumb":{"@id":"https:\/\/ferroslapobla.com\/fr\/cgu\/#breadcrumb"},"inLanguage":"fr-FR","potentialAction":[{"@type":"ReadAction","target":["https:\/\/ferroslapobla.com\/fr\/cgu\/"]}]},{"@type":"BreadcrumbList","@id":"https:\/\/ferroslapobla.com\/fr\/cgu\/#breadcrumb","itemListElement":[{"@type":"ListItem","position":1,"name":"Couvrir","item":"https:\/\/ferroslapobla.com\/fr\/"},{"@type":"ListItem","position":2,"name":"CGU"}]},{"@type":"WebSite","@id":"https:\/\/ferroslapobla.com\/fr\/#website","url":"https:\/\/ferroslapobla.com\/fr\/","name":"Ferros La Pobla","description":"Hierro para construcci\u00f3n y elaboraci\u00f3n de ferralla","publisher":{"@id":"https:\/\/ferroslapobla.com\/fr\/#organization"},"potentialAction":[{"@type":"SearchAction","target":{"@type":"EntryPoint","urlTemplate":"https:\/\/ferroslapobla.com\/fr\/?s={search_term_string}"},"query-input":{"@type":"PropertyValueSpecification","valueRequired":true,"valueName":"search_term_string"}}],"inLanguage":"fr-FR"},{"@type":"Organization","@id":"https:\/\/ferroslapobla.com\/fr\/#organization","name":"Ferros La Pobla","url":"https:\/\/ferroslapobla.com\/fr\/","logo":{"@type":"ImageObject","inLanguage":"fr-FR","@id":"https:\/\/ferroslapobla.com\/fr\/#\/schema\/logo\/image\/","url":"https:\/\/ferroslapobla.com\/wp-content\/uploads\/2021\/06\/ferros-logo-azul.png","contentUrl":"https:\/\/ferroslapobla.com\/wp-content\/uploads\/2021\/06\/ferros-logo-azul.png","width":200,"height":100,"caption":"Ferros La Pobla"},"image":{"@id":"https:\/\/ferroslapobla.com\/fr\/#\/schema\/logo\/image\/"},"sameAs":["https:\/\/www.facebook.com\/ferroslapobla","https:\/\/x.com\/FerrosLaPobla","https:\/\/es.linkedin.com\/company\/ferros-la-pobla-s-a-","https:\/\/www.youtube.com\/channel\/UCpZCp1qFlzS2ZNogeeNaBzw"]}]}},"_links":{"self":[{"href":"https:\/\/ferroslapobla.com\/fr\/wp-json\/wp\/v2\/pages\/15401","targetHints":{"allow":["GET"]}}],"collection":[{"href":"https:\/\/ferroslapobla.com\/fr\/wp-json\/wp\/v2\/pages"}],"about":[{"href":"https:\/\/ferroslapobla.com\/fr\/wp-json\/wp\/v2\/types\/page"}],"author":[{"embeddable":true,"href":"https:\/\/ferroslapobla.com\/fr\/wp-json\/wp\/v2\/users\/1"}],"replies":[{"embeddable":true,"href":"https:\/\/ferroslapobla.com\/fr\/wp-json\/wp\/v2\/comments?post=15401"}],"version-history":[{"count":6,"href":"https:\/\/ferroslapobla.com\/fr\/wp-json\/wp\/v2\/pages\/15401\/revisions"}],"predecessor-version":[{"id":18294,"href":"https:\/\/ferroslapobla.com\/fr\/wp-json\/wp\/v2\/pages\/15401\/revisions\/18294"}],"wp:attachment":[{"href":"https:\/\/ferroslapobla.com\/fr\/wp-json\/wp\/v2\/media?parent=15401"}],"curies":[{"name":"wp","href":"https:\/\/api.w.org\/{rel}","templated":true}]}}