{"id":15369,"date":"2022-03-23T13:22:50","date_gmt":"2022-03-23T12:22:50","guid":{"rendered":"https:\/\/ferroslapobla.com\/conditions-generales-de-vente\/"},"modified":"2024-07-22T07:25:42","modified_gmt":"2024-07-22T06:25:42","slug":"conditions-generales-de-vente","status":"publish","type":"page","link":"https:\/\/ferroslapobla.com\/fr\/conditions-generales-de-vente\/","title":{"rendered":"Conditions g\u00e9n\u00e9rales de vente"},"content":{"rendered":"\t\t<div data-elementor-type=\"wp-page\" data-elementor-id=\"15369\" class=\"elementor elementor-15369 elementor-12982\" data-elementor-post-type=\"page\">\n\t\t\t\t\t\t<section data-particle_enable=\"false\" data-particle-mobile-disabled=\"false\" class=\"elementor-section elementor-top-section elementor-element elementor-element-f2d0a3a elementor-section-boxed elementor-section-height-default elementor-section-height-default\" data-id=\"f2d0a3a\" data-element_type=\"section\">\n\t\t\t\t\t\t<div class=\"elementor-container elementor-column-gap-default\">\n\t\t\t\t\t<div class=\"elementor-column elementor-col-100 elementor-top-column elementor-element elementor-element-339e999\" data-id=\"339e999\" data-element_type=\"column\">\n\t\t\t<div class=\"elementor-widget-wrap elementor-element-populated\">\n\t\t\t\t\t\t<div class=\"elementor-element elementor-element-a9cce69 elementor-widget elementor-widget-heading\" data-id=\"a9cce69\" data-element_type=\"widget\" data-widget_type=\"heading.default\">\n\t\t\t\t<div class=\"elementor-widget-container\">\n\t\t\t<h1 class=\"elementor-heading-title elementor-size-default\">General Terms and Conditions.<\/h1>\t\t<\/div>\n\t\t\t\t<\/div>\n\t\t\t\t\t<\/div>\n\t\t<\/div>\n\t\t\t\t\t<\/div>\n\t\t<\/section>\n\t\t\t\t<section data-particle_enable=\"false\" data-particle-mobile-disabled=\"false\" class=\"elementor-section elementor-top-section elementor-element elementor-element-1bc2d99 elementor-section-boxed elementor-section-height-default elementor-section-height-default\" data-id=\"1bc2d99\" data-element_type=\"section\">\n\t\t\t\t\t\t<div class=\"elementor-container elementor-column-gap-default\">\n\t\t\t\t\t<div class=\"elementor-column elementor-col-100 elementor-top-column elementor-element elementor-element-0ef087c\" data-id=\"0ef087c\" data-element_type=\"column\">\n\t\t\t<div class=\"elementor-widget-wrap elementor-element-populated\">\n\t\t\t\t\t\t<div class=\"elementor-element elementor-element-4fc0cc1 elementor-widget elementor-widget-text-editor\" data-id=\"4fc0cc1\" data-element_type=\"widget\" data-widget_type=\"text-editor.default\">\n\t\t\t\t<div class=\"elementor-widget-container\">\n\t\t\t\t\t\t\t<h3><strong>1- Purpose and Acceptance of The General Terms and Conditions<\/strong><\/h3><p><strong>\u00a0<\/strong>The website\u00a0<a href=\"http:\/\/www.ferroslapobla.com\">www.ferroslapobla.com<\/a>\u00a0(hereinafter referred to as the \u201cSite\u201d) is an e-commerce website accessible via the Internet at the address\u00a0<a href=\"http:\/\/www.ferroslapobla.com\">www.ferroslapobla.com<\/a>\u00a0and open to any Internet user (hereinafter referred to as the \u201cUser\u201d).<\/p><p>Le propri\u00e9taire du site web est l&rsquo;entreprise\u00a0<strong>FERROS LA POBLA S.A.<\/strong>\u00a0avec le num\u00e9ro de TVA<strong> A46218202<\/strong>,\u00a0le si\u00e8ge social \u00e0\u00a0<strong>Crta Valencia-Ademuz, Km 20.800, La Pobla de Vallbona &#8211; Valencia et <\/strong>l\u2019e-mail suivant :\u00a0<a href=\"mailto:comercial@ferroslapobla.com\">comercial@ferroslapobla.com<\/a><\/p><p>The owner of the website is the company\u00a0<strong>FERROS LA POBLA S.A.<\/strong> with Tax Identification Number (CIF)\u00a0<strong>A46218202<\/strong>, registered offices at\u00a0<strong>Crta Valencia-Ademuz, Km 20.800, La Pobla de Vallbona &#8211; Valencia (Spain)<\/strong> and\u00a0email\u00a0<a href=\"mailto:comercial@ferroslapobla.com\">comercial@ferroslapobla.com<\/a>.<\/p><p>The Site allows the User to browse freely through its different pages without any implication of a commitment to place an order. The site allows the Seller to propose the sale of certain products as a suggestion to Users browsing the site.<\/p><p>For the application of these conditions, the User and the Seller shall be jointly referred to as the \u201cParties\u201d and individually as the \u201cParty\u201d, and the User who has confirmed an order shall be referred to as the \u201cBuyer\u201d.<\/p><p>In accordance with the provisions of Spanish Law 59\/2003 of 19 December 2003 on Electronic Signatures, you are hereby reminded that the validation of a delivery note as specified in Art. 4.3, found below, in these conditions, constitutes an electronic signature, which has the same value between the parties as a handwritten signature.<\/p><p>The User wishing to purchase through this Site declares that he or she is over 18 years of age. Minors must obtain prior permission from their parents, guardians, or legal representatives, who will be held responsible for all acts performed by minors in their care.<\/p><h3><strong>2- Products Marketed on This Website<\/strong><\/h3><p>All offers of the products displayed on the Site are limited to Peninsular Spain and the Balearic Islands.<\/p><p>In accordance with Art. 40 of Spanish Law 47\/2002 on the reform of Law 7\/1996 of 15 January 1996 on the Regulation of Retail Trade, and Spanish Law 34\/2002 of 11 July 2002 on Information Society Services and Electronic Commerce, before placing an order, the Purchaser has the right to be informed on the Site of the essential characteristics of the products he or she wishes to order.<\/p><p>The photographs, graphics, and descriptions of the Products for sale do not have a contractual nature but serve illustrative purposes only and the Seller, who makes every effort to ensure that the colours of the products shown in the photographs displayed on the website are faithful to the original products, although variations may occur due to, in particular, the technical limitations of the colour possibilities of computer equipment, does not assume any liability.<\/p><p>The purchase offers, including promotions, are valid on the dates indicated on the website and depending on available stocks, which shall be indicated in each promotion.<\/p><h3><strong>3- Prices of Products and\/or Services<\/strong><\/h3><p>The prices shown on this Site are in euros, and include the value added tax applicable at the time of the order. Any change in this tax will have an impact on the price of the products sold by the Seller on its Site, it being understood that the ordered products are invoiced at the prices in force at the time the order is placed.<\/p><p>Shipping costs are included and are invoiced following the price of the products purchased after the amount of the order. Shipping costs shall be detailed before the Buyer places the order.<\/p><h3><strong>4- Orders<\/strong><\/h3><p>The order is placed online by using a virtual \u201cshopping cart\u201d. Once the customer has finished adding the products to the cart, they are asked their relevant data (name, address, phone, shipping address and comments) and then move on to the payment process, which can be done by PayPal payment gateway, bank card, bank transfer or Bizum. Upon the payment being completed, the customer shall receive confirmation from the shop and a copy of the invoice (on request). \u00a0<\/p><h3><strong>5- Payments<\/strong><\/h3><p>All orders will be paid in euros.<\/p><p>To pay for an order, the following means of payment are available: PayPal payment gateway, bank card, bank transfer or Bizum.<\/p><p>Accepted credit cards are Visa credit and debit, MasterCard and American Express.<\/p><p>The Buyer guarantees the Seller that he or she has the required authorisations to use the means of payment chosen at the time of placing the order.<\/p><p>The Seller has the right to suspend or cancel any order and\/or delivery, whatever its nature and level of processing, in the event of failure to pay any amount owed by the Buyer or in the event of any payment problems.<\/p><p>In order to fight Internet fraud, payments relating to the Buyer&rsquo;s order may be forwarded to the competent authorities for verification.<\/p><p>To ensure secure payment when using a credit card, the buyer will have to provide the CVV security code of the credit card. All data provided for this purpose will be encrypted to guarantee maximum security and confidentiality, and will be stored on a server certified by the SSL (Secure Socket Layer) protocol.<\/p><h3><strong>6- Orders Delivery<\/strong><\/h3><p>The products will be delivered to the Spanish address indicated by the Buyer when placing the order.<\/p><p>The order placed by the User will be delivered within a maximum of 7 working days on the peninsula and 15 working days in the Balearic or Canary Islands, counting from the payment of the purchase; except for orders paid by bank transfer in which case the period will be calculated from the time of the issuance email of confirmation or receipt of payment in the account of FERROS LA POBLA S.A.<\/p><h3><strong>7- Right of Withdrawal<\/strong><\/h3><p><strong>\u00a0<\/strong>The Seller shall accept to refund any item purchased on its Site if it is returned within 14 working days of receipt of the order. The shipping costs of returning the package shall be borne by the Buyer, unless there was a mistake in the reference number, or the product was defective.<\/p><p>The Products must be returned to the Seller in perfect condition for marketing (in their original packaging, perfectly sealed, unused, unbroken and with their tag).<\/p><p>If all these formalities are fulfilled, the refund will be made within 2 calendar days of receipt of the returned package and at the latest within 14 calendar days of the date on which the right of reimbursement was exercised.<\/p><h3><strong>8- Product Return and Refund. Instructions For Returning Products<\/strong><\/h3><p>Regardless of the reason for returning the products to the Seller, the Buyer is advised to follow these instructions in order to facilitate the processing of the return, as they shall be sent the appropriate transport company to collect the products. Any product that has been custom-made or ordered specifically for a customer cannot be returned.<\/p><h3><strong>9- Exemption from Liability<\/strong><\/h3><p>The Seller shall not be liable for the total or partial non-performance of this contract in the event of stock-outs or unavailability of a Product as a result of a force majeure event, of a total or partial strike \u2014mainly of courier services, means of transport and\/or communication\u2014, except for promotions not intended to liquidate stocks.<\/p><p>The Seller accepts no liability of:<\/p><ul><li>Any loss of data files on the part of the buyer, who must store the data with all due precautions.<\/li><li>Any Site service interruptions.<\/li><li>Any damage resulting from fraudulent intrusion by third parties involving the modification of the information provided on the Site.<\/li><\/ul><p>and, in general, for any direct or indirect damages, whatever the causes, origins, nature or consequences, including loss of profits, customers, data and any other loss of intangible assets that may arise from accessing the site or from the impossibility of accessing it, as well as from the use of the site or from the credibility given to any information coming directly or indirectly from it.<\/p><h3><strong>10- Intellectual Property<\/strong><\/h3><p>In accordance with the legislation governing the ownership of intellectual and similar rights, this Site and all its elements, trademarks, designs, photographs, texts, illustrations, logos, animated or not animated content with or without sound, graphics, etc., as well as their compilation are the exclusive property of the Seller, who grants no licence or right other than the right to browse the Site. Reproduction or use of all or part of these elements for information purposes is only authorised for personal and private use. Reproduction and use of copies made for other purposes is expressly prohibited. The use, reproduction, duplication, copying, sale, resale, accessibility, modification, or any other exploitation, in whole or in part, of the Site, its content or trademarks is prohibited for any purpose, except with the prior written permission of the Seller (&#8230;)<\/p><p>Any other use shall constitute counterfeiting and shall be punishable under Intellectual Property Law unless prior written authorisation has been granted by the BRAND.<\/p><h3><strong>11- Personal Data Protection<\/strong><\/h3><p>En signant le pr\u00e9sent document, vous consentez au traitement de vos donn\u00e9es pour les finalit\u00e9s qui seront d\u00e9taill\u00e9es ci-dessous par FERROS LA POBLA S.A.<\/p><p>Chez FERROS LA POBLA S.A, nous traitons les informations que vous nous fournissez de mani\u00e8re licite, loyale, transparente, ad\u00e9quate, pertinente, limit\u00e9e, exacte et \u00e0 jour, avec l&rsquo;engagement d&rsquo;adopter toutes les mesures techniques et organisationnelles pour leur traitement et avec les finalit\u00e9s suivantes :<\/p><ul><li>G\u00e9rer et traiter l&rsquo;envoi des produits achet\u00e9s via notre boutique en ligne.<\/li><li>T\u00e2ches administratives d\u00e9coulant de la vente des produits ou de la prestation du service contract\u00e9.<\/li><\/ul><p>Le traitement de vos donn\u00e9es est fond\u00e9 sur les bases l\u00e9gales suivantes :<\/p><ul><li>Ex\u00e9cution d&rsquo;un contrat ou prestation d&rsquo;un service bas\u00e9 sur une relation commerciale avec le consentement de la personne concern\u00e9e.<\/li><li>Int\u00e9r\u00eat l\u00e9gitime pour le contact et le maintien de la relation commerciale avec les clients et les fournisseurs.<\/li><\/ul><p>Pour plus d&rsquo;informations sur la protection des donn\u00e9es, vous pouvez acc\u00e9der \u00e0 notre politique de confidentialit\u00e9 \u00e0 l&rsquo;adresse suivante :<a href=\"https:\/\/ferroslapobla.com\/politica-privacidad\/\">https:\/\/ferroslapobla.com\/politica-privacidad\/<\/a><\/p>\t\t\t\t\t\t<\/div>\n\t\t\t\t<\/div>\n\t\t\t\t\t<\/div>\n\t\t<\/div>\n\t\t\t\t\t<\/div>\n\t\t<\/section>\n\t\t\t\t<\/div>\n\t\t","protected":false},"excerpt":{"rendered":"<p>General Terms and Conditions. 1- Purpose and Acceptance of The General Terms and Conditions \u00a0The website\u00a0www.ferroslapobla.com\u00a0(hereinafter referred to as the \u201cSite\u201d) is an e-commerce website accessible via the Internet at the address\u00a0www.ferroslapobla.com\u00a0and open to any Internet user (hereinafter referred to as the \u201cUser\u201d). Le propri\u00e9taire du site web est l&rsquo;entreprise\u00a0FERROS LA POBLA S.A.\u00a0avec le num\u00e9ro [&hellip;]<\/p>\n","protected":false},"author":1,"featured_media":0,"parent":0,"menu_order":0,"comment_status":"closed","ping_status":"closed","template":"elementor_header_footer","meta":{"_acf_changed":false,"_joinchat":[],"footnotes":""},"class_list":["post-15369","page","type-page","status-publish","hentry"],"acf":[],"yoast_head":"<!-- This site is optimized with the Yoast SEO plugin v27.3 - https:\/\/yoast.com\/product\/yoast-seo-wordpress\/ -->\n<title>Conditions g\u00e9n\u00e9rales de vente Ferros La Pobla<\/title>\n<meta name=\"robots\" content=\"noindex, follow\" \/>\n<meta property=\"og:locale\" content=\"fr_FR\" \/>\n<meta property=\"og:type\" content=\"article\" \/>\n<meta property=\"og:title\" content=\"Conditions g\u00e9n\u00e9rales de vente Ferros La Pobla\" \/>\n<meta property=\"og:description\" content=\"General Terms and Conditions. 1- Purpose and Acceptance of The General Terms and Conditions \u00a0The website\u00a0www.ferroslapobla.com\u00a0(hereinafter referred to as the \u201cSite\u201d) is an e-commerce website accessible via the Internet at the address\u00a0www.ferroslapobla.com\u00a0and open to any Internet user (hereinafter referred to as the \u201cUser\u201d). Le propri\u00e9taire du site web est l&rsquo;entreprise\u00a0FERROS LA POBLA S.A.\u00a0avec le num\u00e9ro [&hellip;]\" \/>\n<meta property=\"og:url\" content=\"https:\/\/ferroslapobla.com\/fr\/conditions-generales-de-vente\/\" \/>\n<meta property=\"og:site_name\" content=\"Ferros La Pobla\" \/>\n<meta property=\"article:publisher\" content=\"https:\/\/www.facebook.com\/ferroslapobla\" \/>\n<meta property=\"article:modified_time\" content=\"2024-07-22T06:25:42+00:00\" \/>\n<meta name=\"twitter:card\" content=\"summary_large_image\" \/>\n<meta name=\"twitter:site\" content=\"@FerrosLaPobla\" \/>\n<!-- \/ Yoast SEO plugin. -->","yoast_head_json":{"title":"Conditions g\u00e9n\u00e9rales de vente Ferros La Pobla","robots":{"index":"noindex","follow":"follow"},"og_locale":"fr_FR","og_type":"article","og_title":"Conditions g\u00e9n\u00e9rales de vente Ferros La Pobla","og_description":"General Terms and Conditions. 1- Purpose and Acceptance of The General Terms and Conditions \u00a0The website\u00a0www.ferroslapobla.com\u00a0(hereinafter referred to as the \u201cSite\u201d) is an e-commerce website accessible via the Internet at the address\u00a0www.ferroslapobla.com\u00a0and open to any Internet user (hereinafter referred to as the \u201cUser\u201d). Le propri\u00e9taire du site web est l&rsquo;entreprise\u00a0FERROS LA POBLA S.A.\u00a0avec le num\u00e9ro [&hellip;]","og_url":"https:\/\/ferroslapobla.com\/fr\/conditions-generales-de-vente\/","og_site_name":"Ferros La Pobla","article_publisher":"https:\/\/www.facebook.com\/ferroslapobla","article_modified_time":"2024-07-22T06:25:42+00:00","twitter_card":"summary_large_image","twitter_site":"@FerrosLaPobla","schema":{"@context":"https:\/\/schema.org","@graph":[{"@type":"WebPage","@id":"https:\/\/ferroslapobla.com\/fr\/conditions-generales-de-vente\/","url":"https:\/\/ferroslapobla.com\/fr\/conditions-generales-de-vente\/","name":"Conditions g\u00e9n\u00e9rales de vente Ferros La Pobla","isPartOf":{"@id":"https:\/\/ferroslapobla.com\/fr\/#website"},"datePublished":"2022-03-23T12:22:50+00:00","dateModified":"2024-07-22T06:25:42+00:00","breadcrumb":{"@id":"https:\/\/ferroslapobla.com\/fr\/conditions-generales-de-vente\/#breadcrumb"},"inLanguage":"fr-FR","potentialAction":[{"@type":"ReadAction","target":["https:\/\/ferroslapobla.com\/fr\/conditions-generales-de-vente\/"]}]},{"@type":"BreadcrumbList","@id":"https:\/\/ferroslapobla.com\/fr\/conditions-generales-de-vente\/#breadcrumb","itemListElement":[{"@type":"ListItem","position":1,"name":"Couvrir","item":"https:\/\/ferroslapobla.com\/fr\/"},{"@type":"ListItem","position":2,"name":"Conditions g\u00e9n\u00e9rales de vente"}]},{"@type":"WebSite","@id":"https:\/\/ferroslapobla.com\/fr\/#website","url":"https:\/\/ferroslapobla.com\/fr\/","name":"Ferros La Pobla","description":"Hierro para construcci\u00f3n y elaboraci\u00f3n de ferralla","publisher":{"@id":"https:\/\/ferroslapobla.com\/fr\/#organization"},"potentialAction":[{"@type":"SearchAction","target":{"@type":"EntryPoint","urlTemplate":"https:\/\/ferroslapobla.com\/fr\/?s={search_term_string}"},"query-input":{"@type":"PropertyValueSpecification","valueRequired":true,"valueName":"search_term_string"}}],"inLanguage":"fr-FR"},{"@type":"Organization","@id":"https:\/\/ferroslapobla.com\/fr\/#organization","name":"Ferros La Pobla","url":"https:\/\/ferroslapobla.com\/fr\/","logo":{"@type":"ImageObject","inLanguage":"fr-FR","@id":"https:\/\/ferroslapobla.com\/fr\/#\/schema\/logo\/image\/","url":"https:\/\/ferroslapobla.com\/wp-content\/uploads\/2021\/06\/ferros-logo-azul.png","contentUrl":"https:\/\/ferroslapobla.com\/wp-content\/uploads\/2021\/06\/ferros-logo-azul.png","width":200,"height":100,"caption":"Ferros La Pobla"},"image":{"@id":"https:\/\/ferroslapobla.com\/fr\/#\/schema\/logo\/image\/"},"sameAs":["https:\/\/www.facebook.com\/ferroslapobla","https:\/\/x.com\/FerrosLaPobla","https:\/\/es.linkedin.com\/company\/ferros-la-pobla-s-a-","https:\/\/www.youtube.com\/channel\/UCpZCp1qFlzS2ZNogeeNaBzw"]}]}},"_links":{"self":[{"href":"https:\/\/ferroslapobla.com\/fr\/wp-json\/wp\/v2\/pages\/15369","targetHints":{"allow":["GET"]}}],"collection":[{"href":"https:\/\/ferroslapobla.com\/fr\/wp-json\/wp\/v2\/pages"}],"about":[{"href":"https:\/\/ferroslapobla.com\/fr\/wp-json\/wp\/v2\/types\/page"}],"author":[{"embeddable":true,"href":"https:\/\/ferroslapobla.com\/fr\/wp-json\/wp\/v2\/users\/1"}],"replies":[{"embeddable":true,"href":"https:\/\/ferroslapobla.com\/fr\/wp-json\/wp\/v2\/comments?post=15369"}],"version-history":[{"count":3,"href":"https:\/\/ferroslapobla.com\/fr\/wp-json\/wp\/v2\/pages\/15369\/revisions"}],"predecessor-version":[{"id":18333,"href":"https:\/\/ferroslapobla.com\/fr\/wp-json\/wp\/v2\/pages\/15369\/revisions\/18333"}],"wp:attachment":[{"href":"https:\/\/ferroslapobla.com\/fr\/wp-json\/wp\/v2\/media?parent=15369"}],"curies":[{"name":"wp","href":"https:\/\/api.w.org\/{rel}","templated":true}]}}